{"id":2245,"date":"2026-03-18T10:09:54","date_gmt":"2026-03-18T10:09:54","guid":{"rendered":"https:\/\/govelocks.com\/?post_type=product&#038;p=2245"},"modified":"2026-03-18T10:09:54","modified_gmt":"2026-03-18T10:09:54","slug":"gove-433-pivot-hinge-stainless-steel-201-304","status":"publish","type":"product","link":"https:\/\/govelocks.com\/vi\/gove-433-pivot-hinge-stainless-steel-201-304\/","title":{"rendered":"Gove 433 B\u1ea3n l\u1ec1 quay \u2013 Th\u00e9p kh\u00f4ng g\u1ec9 (201\/304)"},"content":{"rendered":"<p data-start=\"370\" data-end=\"505\">H\u1ec7 th\u1ed1ng <strong data-start=\"374\" data-end=\"400\">Gove 4<em data-start=\"382\" data-end=\"385\">3<\/em>3 Pivot Hinge<\/strong> cung c\u1ea5p \u0111\u1ed9 b\u1ec1n, hi\u1ec7u su\u1ea5t m\u01b0\u1ee3t m\u00e0 v\u00e0 t\u00ednh th\u1ea9m m\u1ef9 \u0111a d\u1ea1ng cho c\u1eeda d\u00e2n d\u1ee5ng v\u00e0 th\u01b0\u01a1ng m\u1ea1i:<\/p>\n<ul data-start=\"507\" data-end=\"1060\">\n<li data-section-id=\"1j9buqx\" data-start=\"507\" data-end=\"605\">\n<p data-start=\"509\" data-end=\"605\"><strong data-start=\"509\" data-end=\"522\">Ch\u1ea5t li\u1ec7u:<\/strong> Th\u00e9p kh\u00f4ng g\u1ec9 ch\u1ea5t l\u01b0\u1ee3ng cao 201 ho\u1eb7c 304 \u0111\u1ec3 \u0111\u1ed9 b\u1ec1n v\u00e0 kh\u1ea3 n\u0103ng ch\u1ed1ng \u0103n m\u00f2n.<\/p>\n<\/li>\n<li data-section-id=\"464fpn\" data-start=\"606\" data-end=\"667\">\n<p data-start=\"608\" data-end=\"667\"><strong data-start=\"608\" data-end=\"623\">K\u00edch th\u01b0\u1edbc:<\/strong> 101\u00d777\u00d73mm, l\u00fd t\u01b0\u1edfng cho nhi\u1ec1u k\u00edch th\u01b0\u1edbc c\u1eeda kh\u00e1c nhau.<\/p>\n<\/li>\n<li data-section-id=\"3hkx4t\" data-start=\"668\" data-end=\"762\">\n<p data-start=\"670\" data-end=\"762\"><strong data-start=\"670\" data-end=\"689\">Ho\u00e0n thi\u1ec7n b\u1ec1 m\u1eb7t:<\/strong> M\u1ea1 \u0111i\u1ec7n \u0111\u1ec3 c\u00f3 v\u1ebb ngo\u00e0i cao c\u1ea5p v\u00e0 b\u1ea3o v\u1ec7 ch\u1ed1ng \u0103n m\u00f2n.<\/p>\n<\/li>\n<li data-section-id=\"1rzfrkl\" data-start=\"763\" data-end=\"849\">\n<p data-start=\"765\" data-end=\"849\"><strong data-start=\"765\" data-end=\"786\">M\u00e0u s\u1eafc c\u00f3 s\u1eb5n:<\/strong> Nhi\u1ec1u l\u1ef1a ch\u1ecdn m\u00e0u s\u1eafc ph\u00f9 h\u1ee3p v\u1edbi c\u00e1c thi\u1ebft k\u1ebf c\u1eeda kh\u00e1c nhau.<\/p>\n<\/li>\n<li data-section-id=\"68d88h\" data-start=\"850\" data-end=\"928\">\n<p data-start=\"852\" data-end=\"928\"><strong data-start=\"852\" data-end=\"870\">Ch\u1ee9c n\u0103ng:<\/strong> Cho ph\u00e9p quay tr\u01a1n tru v\u00e0 h\u1ed7 tr\u1ee3 \u0111\u00e1ng tin c\u1eady cho c\u1eeda.<\/p>\n<\/li>\n<li data-section-id=\"o63eol\" data-start=\"929\" data-end=\"1060\">\n<p data-start=\"931\" data-end=\"1060\"><strong data-start=\"931\" data-end=\"953\">B\u1ec1n b\u1ec9 &amp; Sang tr\u1ecdng:<\/strong> K\u1ebft h\u1ee3p hi\u1ec7u su\u1ea5t c\u01a1 h\u1ecdc v\u1eefng ch\u1eafc v\u1edbi th\u1ea9m m\u1ef9 hi\u1ec7n \u0111\u1ea1i cho nh\u00e0 \u1edf, v\u0103n ph\u00f2ng v\u00e0 kh\u00f4ng gian th\u01b0\u01a1ng m\u1ea1i.<\/p>\n<\/li>\n<\/ul>\n<p data-start=\"1062\" data-end=\"1218\">Gove 4<em data-start=\"1072\" data-end=\"1075\">3<\/em>3 Pivot Hinge \u0111\u1ea3m b\u1ea3o <strong data-start=\"1097\" data-end=\"1161\">hi\u1ec7u su\u1ea5t \u0111\u00e1ng tin c\u1eady, ho\u00e0n thi\u1ec7n tinh t\u1ebf v\u00e0 thi\u1ebft k\u1ebf \u0111a d\u1ea1ng<\/strong>, ph\u00f9 h\u1ee3p cho nhi\u1ec1u \u1ee9ng d\u1ee5ng c\u1eeda kh\u00e1c nhau.<\/p>","protected":false},"excerpt":{"rendered":"<p data-start=\"166\" data-end=\"331\">Gove 4<em data-start=\"172\" data-end=\"175\">3<\/em>3 Pivot Hinge \u0111\u01b0\u1ee3c l\u00e0m t\u1eeb th\u00e9p kh\u00f4ng g\u1ec9 b\u1ec1n ch\u1eafc 201\/304, k\u00edch th\u01b0\u1edbc 101\u00d777\u00d73mm, m\u1ea1 \u0111i\u1ec7n, c\u00f3 s\u1eb5n nhi\u1ec1u m\u00e0u s\u1eafc \u0111\u1ec3 v\u1eadn h\u00e0nh c\u1eeda m\u01b0\u1ee3t m\u00e0.<\/p>","protected":false},"featured_media":2246,"template":"","meta":{"site-sidebar-layout":"default","site-content-layout":"","ast-site-content-layout":"default","site-content-style":"default","site-sidebar-style":"default","ast-global-header-display":"","ast-banner-title-visibility":"","ast-main-header-display":"","ast-hfb-above-header-display":"","ast-hfb-below-header-display":"","ast-hfb-mobile-header-display":"","site-post-title":"","ast-breadcrumbs-content":"","ast-featured-img":"","footer-sml-layout":"","ast-disable-related-posts":"","theme-transparent-header-meta":"default","adv-header-id-meta":"","stick-header-meta":"","header-above-stick-meta":"","header-main-stick-meta":"","header-below-stick-meta":"","astra-migrate-meta-layouts":"set","ast-page-background-enabled":"default","ast-page-background-meta":{"desktop":{"background-color":"","background-image":"","background-repeat":"repeat","background-position":"center center","background-size":"auto","background-attachment":"scroll","background-type":"","background-media":"","overlay-type":"","overlay-color":"","overlay-opacity":"","overlay-gradient":""},"tablet":{"background-color":"","background-image":"","background-repeat":"repeat","background-position":"center center","background-size":"auto","background-attachment":"scroll","background-type":"","background-media":"","overlay-type":"","overlay-color":"","overlay-opacity":"","overlay-gradient":""},"mobile":{"background-color":"","background-image":"","background-repeat":"repeat","background-position":"center center","background-size":"auto","background-attachment":"scroll","background-type":"","background-media":"","overlay-type":"","overlay-color":"","overlay-opacity":"","overlay-gradient":""}},"ast-content-background-meta":{"desktop":{"background-color":"var(--ast-global-color-5)","background-image":"","background-repeat":"repeat","background-position":"center center","background-size":"auto","background-attachment":"scroll","background-type":"","background-media":"","overlay-type":"","overlay-color":"","overlay-opacity":"","overlay-gradient":""},"tablet":{"background-color":"var(--ast-global-color-5)","background-image":"","background-repeat":"repeat","background-position":"center center","background-size":"auto","background-attachment":"scroll","background-type":"","background-media":"","overlay-type":"","overlay-color":"","overlay-opacity":"","overlay-gradient":""},"mobile":{"background-color":"var(--ast-global-color-5)","background-image":"","background-repeat":"repeat","background-position":"center center","background-size":"auto","background-attachment":"scroll","background-type":"","background-media":"","overlay-type":"","overlay-color":"","overlay-opacity":"","overlay-gradient":""}}},"product_brand":[],"product_cat":[34,33],"product_tag":[],"class_list":{"0":"post-2245","1":"product","2":"type-product","3":"status-publish","4":"has-post-thumbnail","6":"product_cat-pivot-hinge","7":"product_cat-hinges","8":"desktop-align-left","9":"tablet-align-left","10":"mobile-align-left","12":"first","13":"instock","14":"shipping-taxable","15":"product-type-simple"},"_links":{"self":[{"href":"https:\/\/govelocks.com\/vi\/wp-json\/wp\/v2\/product\/2245","targetHints":{"allow":["GET"]}}],"collection":[{"href":"https:\/\/govelocks.com\/vi\/wp-json\/wp\/v2\/product"}],"about":[{"href":"https:\/\/govelocks.com\/vi\/wp-json\/wp\/v2\/types\/product"}],"wp:featuredmedia":[{"embeddable":true,"href":"https:\/\/govelocks.com\/vi\/wp-json\/wp\/v2\/media\/2246"}],"wp:attachment":[{"href":"https:\/\/govelocks.com\/vi\/wp-json\/wp\/v2\/media?parent=2245"}],"wp:term":[{"taxonomy":"product_brand","embeddable":true,"href":"https:\/\/govelocks.com\/vi\/wp-json\/wp\/v2\/product_brand?post=2245"},{"taxonomy":"product_cat","embeddable":true,"href":"https:\/\/govelocks.com\/vi\/wp-json\/wp\/v2\/product_cat?post=2245"},{"taxonomy":"product_tag","embeddable":true,"href":"https:\/\/govelocks.com\/vi\/wp-json\/wp\/v2\/product_tag?post=2245"}],"curies":[{"name":"wp","href":"https:\/\/api.w.org\/{rel}","templated":true}]}}