{"id":2243,"date":"2026-03-18T10:00:44","date_gmt":"2026-03-18T10:00:44","guid":{"rendered":"https:\/\/govelocks.com\/?post_type=product&#038;p=2243"},"modified":"2026-03-18T10:01:00","modified_gmt":"2026-03-18T10:01:00","slug":"gove-433-butt-hinge","status":"publish","type":"product","link":"https:\/\/govelocks.com\/vi\/gove-433-butt-hinge\/","title":{"rendered":"Gove 433 B\u1ea3n l\u1ec1 ch\u1ed1t \u2013 Th\u00e9p kh\u00f4ng g\u1ec9 (201\/304)"},"content":{"rendered":"<p data-start=\"401\" data-end=\"531\">H\u1ec7 th\u1ed1ng <strong data-start=\"405\" data-end=\"430\">Gove 4<em data-start=\"413\" data-end=\"416\">3<\/em>B\u1ea3n l\u1ec1 ch\u1ed1t c\u1eeda 3<\/strong> cung c\u1ea5p hi\u1ec7u su\u1ea5t \u0111\u00e1ng tin c\u1eady, \u0111\u1ed9 b\u1ec1n cao v\u00e0 thi\u1ebft k\u1ebf linh ho\u1ea1t cho c\u1eeda nh\u00e0 \u1edf v\u00e0 th\u01b0\u01a1ng m\u1ea1i:<\/p>\n<ul data-start=\"533\" data-end=\"1124\">\n<li data-section-id=\"1obm5xp\" data-start=\"533\" data-end=\"629\">\n<p data-start=\"535\" data-end=\"629\"><strong data-start=\"535\" data-end=\"548\">Ch\u1ea5t li\u1ec7u:<\/strong> Th\u00e9p kh\u00f4ng g\u1ec9 ch\u1ea5t l\u01b0\u1ee3ng cao 201 ho\u1eb7c 304 \u0111\u1ec3 \u0111\u1ea3m b\u1ea3o \u0111\u1ed9 b\u1ec1n v\u00e0 kh\u1ea3 n\u0103ng ch\u1ed1ng \u0103n m\u00f2n.<\/p>\n<\/li>\n<li data-section-id=\"isoae3\" data-start=\"630\" data-end=\"704\">\n<p data-start=\"632\" data-end=\"704\"><strong data-start=\"632\" data-end=\"647\">K\u00edch th\u01b0\u1edbc:<\/strong> 100\u00d775\u00d72.8mm, ph\u00f9 h\u1ee3p v\u1edbi nhi\u1ec1u lo\u1ea1i c\u1eeda kh\u00e1c nhau.<\/p>\n<\/li>\n<li data-section-id=\"16wo3f2\" data-start=\"705\" data-end=\"796\">\n<p data-start=\"707\" data-end=\"796\"><strong data-start=\"707\" data-end=\"726\">Ho\u00e0n thi\u1ec7n b\u1ec1 m\u1eb7t:<\/strong> M\u1ea1 \u0111i\u1ec7n \u0111\u1ec3 t\u1ea1o v\u1ebb ngo\u00e0i cao c\u1ea5p v\u00e0 b\u1ea3o v\u1ec7 l\u00e2u d\u00e0i.<\/p>\n<\/li>\n<li data-section-id=\"1c7ys6a\" data-start=\"797\" data-end=\"891\">\n<p data-start=\"799\" data-end=\"891\"><strong data-start=\"799\" data-end=\"820\">M\u00e0u s\u1eafc c\u00f3 s\u1eb5n:<\/strong> Nhi\u1ec1u l\u1ef1a ch\u1ecdn m\u00e0u s\u1eafc \u0111\u1ec3 ph\u00f9 h\u1ee3p v\u1edbi th\u1ea9m m\u1ef9 c\u1eeda v\u00e0 n\u1ed9i th\u1ea5t.<\/p>\n<\/li>\n<li data-section-id=\"1p23wus\" data-start=\"892\" data-end=\"986\">\n<p data-start=\"894\" data-end=\"986\"><strong data-start=\"894\" data-end=\"912\">Ch\u1ee9c n\u0103ng:<\/strong> Cung c\u1ea5p chuy\u1ec3n \u0111\u1ed9ng c\u1eeda m\u01b0\u1ee3t m\u00e0 v\u00e0 b\u1ec1n b\u1ec9 \u0111\u1ed3ng th\u1eddi h\u1ed7 tr\u1ee3 c\u00e1c c\u1eeda n\u1eb7ng.<\/p>\n<\/li>\n<li data-section-id=\"zde9cm\" data-start=\"987\" data-end=\"1124\">\n<p data-start=\"989\" data-end=\"1124\"><strong data-start=\"989\" data-end=\"1011\">B\u1ec1n b\u1ec9 &amp; Sang tr\u1ecdng:<\/strong> K\u1ebft h\u1ee3p hi\u1ec7u su\u1ea5t c\u01a1 h\u1ecdc \u0111\u00e1ng tin c\u1eady v\u1edbi l\u1edbp ho\u00e0n thi\u1ec7n tinh t\u1ebf, l\u00fd t\u01b0\u1edfng cho nh\u00e0 \u1edf, v\u0103n ph\u00f2ng v\u00e0 kh\u00f4ng gian th\u01b0\u01a1ng m\u1ea1i.<\/p>\n<\/li>\n<\/ul>\n<p data-start=\"1126\" data-end=\"1274\">Gove 4<em data-start=\"1136\" data-end=\"1139\">3<\/em>B\u1ea3n l\u1ec1 ch\u1ed1t c\u1eeda 3 \u0111\u1ea3m b\u1ea3o <strong data-start=\"1160\" data-end=\"1217\">\u0111\u1ed9 b\u1ec1n, ho\u1ea1t \u0111\u1ed9ng m\u01b0\u1ee3t m\u00e0 v\u00e0 \u0111a d\u1ea1ng v\u1ec1 th\u1ea9m m\u1ef9<\/strong>, l\u00e0m cho n\u00f3 tr\u1edf th\u00e0nh s\u1ef1 l\u1ef1a ch\u1ecdn ho\u00e0n h\u1ea3o cho t\u1ea5t c\u1ea3 c\u00e1c \u1ee9ng d\u1ee5ng c\u1eeda.<\/p>","protected":false},"excerpt":{"rendered":"<p data-start=\"190\" data-end=\"362\">Gove 4<em data-start=\"196\" data-end=\"199\">3<\/em>B\u1ea3n l\u1ec1 ch\u1ed1t c\u1eeda 3 \u0111\u01b0\u1ee3c l\u00e0m b\u1eb1ng th\u00e9p kh\u00f4ng g\u1ec9 b\u1ec1n 201\/304, k\u00edch th\u01b0\u1edbc 100\u00d775\u00d72.8mm, m\u1ea1 \u0111i\u1ec7n, v\u00e0 c\u00f3 s\u1eb5n nhi\u1ec1u m\u00e0u s\u1eafc \u0111\u1ec3 ph\u00f9 h\u1ee3p v\u1edbi c\u00e1c \u1ee9ng d\u1ee5ng c\u1eeda \u0111a d\u1ea1ng.<\/p>","protected":false},"featured_media":2244,"template":"","meta":{"site-sidebar-layout":"default","site-content-layout":"","ast-site-content-layout":"default","site-content-style":"default","site-sidebar-style":"default","ast-global-header-display":"","ast-banner-title-visibility":"","ast-main-header-display":"","ast-hfb-above-header-display":"","ast-hfb-below-header-display":"","ast-hfb-mobile-header-display":"","site-post-title":"","ast-breadcrumbs-content":"","ast-featured-img":"","footer-sml-layout":"","ast-disable-related-posts":"","theme-transparent-header-meta":"default","adv-header-id-meta":"","stick-header-meta":"","header-above-stick-meta":"","header-main-stick-meta":"","header-below-stick-meta":"","astra-migrate-meta-layouts":"set","ast-page-background-enabled":"default","ast-page-background-meta":{"desktop":{"background-color":"","background-image":"","background-repeat":"repeat","background-position":"center center","background-size":"auto","background-attachment":"scroll","background-type":"","background-media":"","overlay-type":"","overlay-color":"","overlay-opacity":"","overlay-gradient":""},"tablet":{"background-color":"","background-image":"","background-repeat":"repeat","background-position":"center center","background-size":"auto","background-attachment":"scroll","background-type":"","background-media":"","overlay-type":"","overlay-color":"","overlay-opacity":"","overlay-gradient":""},"mobile":{"background-color":"","background-image":"","background-repeat":"repeat","background-position":"center center","background-size":"auto","background-attachment":"scroll","background-type":"","background-media":"","overlay-type":"","overlay-color":"","overlay-opacity":"","overlay-gradient":""}},"ast-content-background-meta":{"desktop":{"background-color":"var(--ast-global-color-5)","background-image":"","background-repeat":"repeat","background-position":"center center","background-size":"auto","background-attachment":"scroll","background-type":"","background-media":"","overlay-type":"","overlay-color":"","overlay-opacity":"","overlay-gradient":""},"tablet":{"background-color":"var(--ast-global-color-5)","background-image":"","background-repeat":"repeat","background-position":"center center","background-size":"auto","background-attachment":"scroll","background-type":"","background-media":"","overlay-type":"","overlay-color":"","overlay-opacity":"","overlay-gradient":""},"mobile":{"background-color":"var(--ast-global-color-5)","background-image":"","background-repeat":"repeat","background-position":"center center","background-size":"auto","background-attachment":"scroll","background-type":"","background-media":"","overlay-type":"","overlay-color":"","overlay-opacity":"","overlay-gradient":""}}},"product_brand":[],"product_cat":[32],"product_tag":[],"class_list":{"0":"post-2243","1":"product","2":"type-product","3":"status-publish","4":"has-post-thumbnail","6":"product_cat-butt-hinge","7":"desktop-align-left","8":"tablet-align-left","9":"mobile-align-left","11":"first","12":"instock","13":"shipping-taxable","14":"product-type-simple"},"_links":{"self":[{"href":"https:\/\/govelocks.com\/vi\/wp-json\/wp\/v2\/product\/2243","targetHints":{"allow":["GET"]}}],"collection":[{"href":"https:\/\/govelocks.com\/vi\/wp-json\/wp\/v2\/product"}],"about":[{"href":"https:\/\/govelocks.com\/vi\/wp-json\/wp\/v2\/types\/product"}],"wp:featuredmedia":[{"embeddable":true,"href":"https:\/\/govelocks.com\/vi\/wp-json\/wp\/v2\/media\/2244"}],"wp:attachment":[{"href":"https:\/\/govelocks.com\/vi\/wp-json\/wp\/v2\/media?parent=2243"}],"wp:term":[{"taxonomy":"product_brand","embeddable":true,"href":"https:\/\/govelocks.com\/vi\/wp-json\/wp\/v2\/product_brand?post=2243"},{"taxonomy":"product_cat","embeddable":true,"href":"https:\/\/govelocks.com\/vi\/wp-json\/wp\/v2\/product_cat?post=2243"},{"taxonomy":"product_tag","embeddable":true,"href":"https:\/\/govelocks.com\/vi\/wp-json\/wp\/v2\/product_tag?post=2243"}],"curies":[{"name":"wp","href":"https:\/\/api.w.org\/{rel}","templated":true}]}}