{"id":2241,"date":"2026-03-18T09:35:10","date_gmt":"2026-03-18T09:35:10","guid":{"rendered":"https:\/\/govelocks.com\/?post_type=product&#038;p=2241"},"modified":"2026-03-18T09:35:10","modified_gmt":"2026-03-18T09:35:10","slug":"gove-33-door-viewer-zinc-alloy-peephole","status":"publish","type":"product","link":"https:\/\/govelocks.com\/vi\/gove-33-door-viewer-zinc-alloy-peephole\/","title":{"rendered":"Gove 33# Th\u1ea5u k\u00ednh xem c\u1eeda \u2013 H\u1ee3p kim k\u1ebdm"},"content":{"rendered":"<p data-start=\"362\" data-end=\"482\">H\u1ec7 th\u1ed1ng <strong data-start=\"366\" data-end=\"401\">Gove 33# M\u1eaft Th\u0103m C\u1eeda (Khoang Th\u0103m)<\/strong> k\u1ebft h\u1ee3p an ninh, \u0111\u1ed9 b\u1ec1n v\u00e0 phong c\u00e1ch cho c\u1eeda nh\u00e0 \u1edf v\u00e0 th\u01b0\u01a1ng m\u1ea1i:<\/p>\n<ul data-start=\"484\" data-end=\"940\">\n<li data-section-id=\"1lbf3bf\" data-start=\"484\" data-end=\"560\">\n<p data-start=\"486\" data-end=\"560\"><strong data-start=\"486\" data-end=\"499\">Ch\u1ea5t li\u1ec7u:<\/strong> H\u1ee3p kim k\u1ebdm ch\u1ea5t l\u01b0\u1ee3ng cao \u0111\u1ec3 t\u0103ng c\u01b0\u1eddng \u0111\u1ed9 b\u1ec1n v\u00e0 s\u1eed d\u1ee5ng l\u00e2u d\u00e0i.<\/p>\n<\/li>\n<li data-section-id=\"r3tgpm\" data-start=\"561\" data-end=\"647\">\n<p data-start=\"563\" data-end=\"647\"><strong data-start=\"563\" data-end=\"582\">Ho\u00e0n thi\u1ec7n b\u1ec1 m\u1eb7t:<\/strong> M\u1ea1 \u0111i\u1ec7n \u0111\u1ec3 ch\u1ed1ng \u0103n m\u00f2n v\u00e0 c\u00f3 v\u1ebb ngo\u00e0i cao c\u1ea5p.<\/p>\n<\/li>\n<li data-section-id=\"oxomp8\" data-start=\"648\" data-end=\"729\">\n<p data-start=\"650\" data-end=\"729\"><strong data-start=\"650\" data-end=\"671\">M\u00e0u s\u1eafc c\u00f3 s\u1eb5n:<\/strong> Nhi\u1ec1u l\u1ef1a ch\u1ecdn m\u00e0u s\u1eafc ph\u00f9 h\u1ee3p v\u1edbi c\u00e1c thi\u1ebft k\u1ebf c\u1eeda kh\u00e1c nhau.<\/p>\n<\/li>\n<li data-section-id=\"1u3tvl3\" data-start=\"730\" data-end=\"819\">\n<p data-start=\"732\" data-end=\"819\"><strong data-start=\"732\" data-end=\"750\">Ch\u1ee9c n\u0103ng:<\/strong> Cho ph\u00e9p quan s\u00e1t an to\u00e0n v\u00e0 r\u00f5 r\u00e0ng kh\u00e1ch \u0111\u1ebfn tr\u01b0\u1edbc khi m\u1edf c\u1eeda.<\/p>\n<\/li>\n<li data-section-id=\"1c8139t\" data-start=\"820\" data-end=\"940\">\n<p data-start=\"822\" data-end=\"940\"><strong data-start=\"822\" data-end=\"844\">B\u1ec1n b\u1ec9 &amp; Sang tr\u1ecdng:<\/strong> Thi\u1ebft k\u1ebf nh\u1ecf g\u1ecdn, thanh l\u1ecbch v\u1edbi k\u1ebft c\u1ea5u ch\u1eafc ch\u1eafn ph\u00f9 h\u1ee3p cho nh\u00e0 \u1edf, c\u0103n h\u1ed9 v\u00e0 v\u0103n ph\u00f2ng.<\/p>\n<\/li>\n<\/ul>\n<p data-start=\"942\" data-end=\"1099\">Gove 33# \u0111\u1ea3m b\u1ea3o <strong data-start=\"963\" data-end=\"1037\">t\u0103ng c\u01b0\u1eddng an ninh cho nh\u00e0 c\u1eeda, hi\u1ec7u su\u1ea5t \u0111\u00e1ng tin c\u1eady v\u00e0 th\u1ea9m m\u1ef9 \u0111a d\u1ea1ng<\/strong>, l\u00e0m cho n\u00f3 tr\u1edf th\u00e0nh l\u1ef1a ch\u1ecdn th\u1ef1c t\u1ebf v\u00e0 phong c\u00e1ch \u0111\u1ec3 xem qua c\u1eeda.<\/p>","protected":false},"excerpt":{"rendered":"<p>Gove 33# l\u00e0 m\u1eaft th\u0103m c\u1eeda b\u1eb1ng h\u1ee3p kim k\u1ebdm b\u1ec1n b\u1ec9 v\u1edbi l\u1edbp ho\u00e0n thi\u1ec7n m\u1ea1 \u0111i\u1ec7n, c\u00f3 s\u1eb5n nhi\u1ec1u m\u00e0u s\u1eafc, cung c\u1ea5p h\u00ecnh \u1ea3nh r\u00f5 r\u00e0ng v\u00e0 an to\u00e0n khi xem qua c\u1eeda.<\/p>","protected":false},"featured_media":2242,"template":"","meta":{"site-sidebar-layout":"default","site-content-layout":"","ast-site-content-layout":"default","site-content-style":"default","site-sidebar-style":"default","ast-global-header-display":"","ast-banner-title-visibility":"","ast-main-header-display":"","ast-hfb-above-header-display":"","ast-hfb-below-header-display":"","ast-hfb-mobile-header-display":"","site-post-title":"","ast-breadcrumbs-content":"","ast-featured-img":"","footer-sml-layout":"","ast-disable-related-posts":"","theme-transparent-header-meta":"default","adv-header-id-meta":"","stick-header-meta":"","header-above-stick-meta":"","header-main-stick-meta":"","header-below-stick-meta":"","astra-migrate-meta-layouts":"set","ast-page-background-enabled":"default","ast-page-background-meta":{"desktop":{"background-color":"","background-image":"","background-repeat":"repeat","background-position":"center center","background-size":"auto","background-attachment":"scroll","background-type":"","background-media":"","overlay-type":"","overlay-color":"","overlay-opacity":"","overlay-gradient":""},"tablet":{"background-color":"","background-image":"","background-repeat":"repeat","background-position":"center center","background-size":"auto","background-attachment":"scroll","background-type":"","background-media":"","overlay-type":"","overlay-color":"","overlay-opacity":"","overlay-gradient":""},"mobile":{"background-color":"","background-image":"","background-repeat":"repeat","background-position":"center center","background-size":"auto","background-attachment":"scroll","background-type":"","background-media":"","overlay-type":"","overlay-color":"","overlay-opacity":"","overlay-gradient":""}},"ast-content-background-meta":{"desktop":{"background-color":"var(--ast-global-color-5)","background-image":"","background-repeat":"repeat","background-position":"center center","background-size":"auto","background-attachment":"scroll","background-type":"","background-media":"","overlay-type":"","overlay-color":"","overlay-opacity":"","overlay-gradient":""},"tablet":{"background-color":"var(--ast-global-color-5)","background-image":"","background-repeat":"repeat","background-position":"center center","background-size":"auto","background-attachment":"scroll","background-type":"","background-media":"","overlay-type":"","overlay-color":"","overlay-opacity":"","overlay-gradient":""},"mobile":{"background-color":"var(--ast-global-color-5)","background-image":"","background-repeat":"repeat","background-position":"center center","background-size":"auto","background-attachment":"scroll","background-type":"","background-media":"","overlay-type":"","overlay-color":"","overlay-opacity":"","overlay-gradient":""}}},"product_brand":[],"product_cat":[31],"product_tag":[],"class_list":{"0":"post-2241","1":"product","2":"type-product","3":"status-publish","4":"has-post-thumbnail","6":"product_cat-door-viewer","7":"desktop-align-left","8":"tablet-align-left","9":"mobile-align-left","11":"first","12":"instock","13":"shipping-taxable","14":"product-type-simple"},"_links":{"self":[{"href":"https:\/\/govelocks.com\/vi\/wp-json\/wp\/v2\/product\/2241","targetHints":{"allow":["GET"]}}],"collection":[{"href":"https:\/\/govelocks.com\/vi\/wp-json\/wp\/v2\/product"}],"about":[{"href":"https:\/\/govelocks.com\/vi\/wp-json\/wp\/v2\/types\/product"}],"wp:featuredmedia":[{"embeddable":true,"href":"https:\/\/govelocks.com\/vi\/wp-json\/wp\/v2\/media\/2242"}],"wp:attachment":[{"href":"https:\/\/govelocks.com\/vi\/wp-json\/wp\/v2\/media?parent=2241"}],"wp:term":[{"taxonomy":"product_brand","embeddable":true,"href":"https:\/\/govelocks.com\/vi\/wp-json\/wp\/v2\/product_brand?post=2241"},{"taxonomy":"product_cat","embeddable":true,"href":"https:\/\/govelocks.com\/vi\/wp-json\/wp\/v2\/product_cat?post=2241"},{"taxonomy":"product_tag","embeddable":true,"href":"https:\/\/govelocks.com\/vi\/wp-json\/wp\/v2\/product_tag?post=2241"}],"curies":[{"name":"wp","href":"https:\/\/api.w.org\/{rel}","templated":true}]}}