{"id":2239,"date":"2026-03-18T09:27:20","date_gmt":"2026-03-18T09:27:20","guid":{"rendered":"https:\/\/govelocks.com\/?post_type=product&#038;p=2239"},"modified":"2026-03-18T09:27:36","modified_gmt":"2026-03-18T09:27:36","slug":"gove-md-002-turtle-top-door-stop","status":"publish","type":"product","link":"https:\/\/govelocks.com\/vi\/gove-md-002-turtle-top-door-stop\/","title":{"rendered":"Gove MD-002 Ch\u1eb7n c\u1eeda h\u00ecnh r\u00f9a \u2013 Ch\u1eb7n s\u00e0n h\u1ee3p kim k\u1ebdm y\u00ean t\u0129nh"},"content":{"rendered":"<p data-start=\"424\" data-end=\"560\">H\u1ec7 th\u1ed1ng <strong data-start=\"428\" data-end=\"464\">Ch\u1eb7n c\u1eeda Gove MD-002 h\u00ecnh r\u00f9a<\/strong> cung c\u1ea5p ki\u1ec3m so\u00e1t c\u1eeda \u0111\u00e1ng tin c\u1eady, y\u00ean t\u0129nh v\u00e0 phong c\u00e1ch cho nh\u00e0 \u1edf, v\u0103n ph\u00f2ng v\u00e0 kh\u00f4ng gian th\u01b0\u01a1ng m\u1ea1i:<\/p>\n<ul data-start=\"562\" data-end=\"1025\">\n<li data-section-id=\"t5yqpw\" data-start=\"562\" data-end=\"632\">\n<p data-start=\"564\" data-end=\"632\"><strong data-start=\"564\" data-end=\"577\">Ch\u1ea5t li\u1ec7u:<\/strong> H\u1ee3p kim k\u1ebdm ch\u1ea5t l\u01b0\u1ee3ng cao \u0111\u1ec3 t\u0103ng c\u01b0\u1eddng \u0111\u1ed9 b\u1ec1n v\u00e0 s\u1ee9c m\u1ea1nh.<\/p>\n<\/li>\n<li data-section-id=\"1efvc3n\" data-start=\"633\" data-end=\"734\">\n<p data-start=\"635\" data-end=\"734\"><strong data-start=\"635\" data-end=\"654\">Ho\u00e0n thi\u1ec7n b\u1ec1 m\u1eb7t:<\/strong> M\u1ea1 niken ch\u1ea3i \u0111i\u1ec7n ch\u1ed1ng \u0103n m\u00f2n v\u00e0 c\u00f3 v\u1ebb ngo\u00e0i cao c\u1ea5p.<\/p>\n<\/li>\n<li data-section-id=\"1v1zzfu\" data-start=\"735\" data-end=\"813\">\n<p data-start=\"737\" data-end=\"813\"><strong data-start=\"737\" data-end=\"748\">Thi\u1ebft k\u1ebf:<\/strong> H\u00ecnh d\u1ea1ng h\u00ecnh r\u00f9a \u0111\u1ea3m b\u1ea3o ti\u1ebfp x\u00fac m\u01b0\u1ee3t m\u00e0, y\u00ean t\u0129nh v\u1edbi c\u1eeda.<\/p>\n<\/li>\n<li data-section-id=\"mhj90i\" data-start=\"814\" data-end=\"904\">\n<p data-start=\"816\" data-end=\"904\"><strong data-start=\"816\" data-end=\"834\">Ch\u1ee9c n\u0103ng:<\/strong> Gi\u1eef c\u1eeda ch\u1eafc ch\u1eafn t\u1ea1i ch\u1ed7, ng\u0103n ng\u1eeba h\u01b0 h\u1ea1i t\u01b0\u1eddng ho\u1eb7c n\u1ed9i th\u1ea5t.<\/p>\n<\/li>\n<li data-section-id=\"odc4ul\" data-start=\"905\" data-end=\"1025\">\n<p data-start=\"907\" data-end=\"1025\"><strong data-start=\"907\" data-end=\"929\">B\u1ec1n b\u1ec9 &amp; Sang tr\u1ecdng:<\/strong> K\u1ebft h\u1ee3p hi\u1ec7u su\u1ea5t l\u00e2u d\u00e0i v\u1edbi th\u1ea9m m\u1ef9 hi\u1ec7n \u0111\u1ea1i ph\u00f9 h\u1ee3p v\u1edbi nhi\u1ec1u phong c\u00e1ch n\u1ed9i th\u1ea5t.<\/p>\n<\/li>\n<\/ul>\n<p data-start=\"1027\" data-end=\"1173\">Gove MD-002 mang l\u1ea1i <strong data-start=\"1050\" data-end=\"1110\">ho\u1ea1t \u0111\u1ed9ng y\u00ean t\u0129nh, k\u1ebft c\u1ea5u ch\u1eafc ch\u1eafn v\u00e0 thi\u1ebft k\u1ebf tinh t\u1ebf<\/strong>, l\u00fd t\u01b0\u1edfng cho \u1ee9ng d\u1ee5ng ch\u1eb7n c\u1eeda s\u00e0n.<\/p>","protected":false},"excerpt":{"rendered":"<p data-start=\"218\" data-end=\"385\">Gove MD-002 l\u00e0 ch\u1eb7n c\u1eeda s\u00e0n h\u00ecnh r\u00f9a \u0111\u01b0\u1ee3c l\u00e0m b\u1eb1ng h\u1ee3p kim k\u1ebdm b\u1ec1n b\u1ec9 v\u1edbi l\u1edbp ho\u00e0n thi\u1ec7n m\u1ea1 niken ch\u1ea3i \u0111i\u1ec7n, thi\u1ebft k\u1ebf \u0111\u1ec3 gi\u1eef c\u1eeda y\u00ean t\u0129nh v\u00e0 an to\u00e0n.<\/p>","protected":false},"featured_media":2240,"template":"","meta":{"site-sidebar-layout":"default","site-content-layout":"","ast-site-content-layout":"default","site-content-style":"default","site-sidebar-style":"default","ast-global-header-display":"","ast-banner-title-visibility":"","ast-main-header-display":"","ast-hfb-above-header-display":"","ast-hfb-below-header-display":"","ast-hfb-mobile-header-display":"","site-post-title":"","ast-breadcrumbs-content":"","ast-featured-img":"","footer-sml-layout":"","ast-disable-related-posts":"","theme-transparent-header-meta":"default","adv-header-id-meta":"","stick-header-meta":"","header-above-stick-meta":"","header-main-stick-meta":"","header-below-stick-meta":"","astra-migrate-meta-layouts":"set","ast-page-background-enabled":"default","ast-page-background-meta":{"desktop":{"background-color":"","background-image":"","background-repeat":"repeat","background-position":"center center","background-size":"auto","background-attachment":"scroll","background-type":"","background-media":"","overlay-type":"","overlay-color":"","overlay-opacity":"","overlay-gradient":""},"tablet":{"background-color":"","background-image":"","background-repeat":"repeat","background-position":"center center","background-size":"auto","background-attachment":"scroll","background-type":"","background-media":"","overlay-type":"","overlay-color":"","overlay-opacity":"","overlay-gradient":""},"mobile":{"background-color":"","background-image":"","background-repeat":"repeat","background-position":"center center","background-size":"auto","background-attachment":"scroll","background-type":"","background-media":"","overlay-type":"","overlay-color":"","overlay-opacity":"","overlay-gradient":""}},"ast-content-background-meta":{"desktop":{"background-color":"var(--ast-global-color-5)","background-image":"","background-repeat":"repeat","background-position":"center center","background-size":"auto","background-attachment":"scroll","background-type":"","background-media":"","overlay-type":"","overlay-color":"","overlay-opacity":"","overlay-gradient":""},"tablet":{"background-color":"var(--ast-global-color-5)","background-image":"","background-repeat":"repeat","background-position":"center center","background-size":"auto","background-attachment":"scroll","background-type":"","background-media":"","overlay-type":"","overlay-color":"","overlay-opacity":"","overlay-gradient":""},"mobile":{"background-color":"var(--ast-global-color-5)","background-image":"","background-repeat":"repeat","background-position":"center center","background-size":"auto","background-attachment":"scroll","background-type":"","background-media":"","overlay-type":"","overlay-color":"","overlay-opacity":"","overlay-gradient":""}}},"product_brand":[],"product_cat":[28,30],"product_tag":[],"class_list":{"0":"post-2239","1":"product","2":"type-product","3":"status-publish","4":"has-post-thumbnail","6":"product_cat-door-stop","7":"product_cat-turtle-top-door-stop","8":"desktop-align-left","9":"tablet-align-left","10":"mobile-align-left","12":"first","13":"instock","14":"shipping-taxable","15":"product-type-simple"},"_links":{"self":[{"href":"https:\/\/govelocks.com\/vi\/wp-json\/wp\/v2\/product\/2239","targetHints":{"allow":["GET"]}}],"collection":[{"href":"https:\/\/govelocks.com\/vi\/wp-json\/wp\/v2\/product"}],"about":[{"href":"https:\/\/govelocks.com\/vi\/wp-json\/wp\/v2\/types\/product"}],"wp:featuredmedia":[{"embeddable":true,"href":"https:\/\/govelocks.com\/vi\/wp-json\/wp\/v2\/media\/2240"}],"wp:attachment":[{"href":"https:\/\/govelocks.com\/vi\/wp-json\/wp\/v2\/media?parent=2239"}],"wp:term":[{"taxonomy":"product_brand","embeddable":true,"href":"https:\/\/govelocks.com\/vi\/wp-json\/wp\/v2\/product_brand?post=2239"},{"taxonomy":"product_cat","embeddable":true,"href":"https:\/\/govelocks.com\/vi\/wp-json\/wp\/v2\/product_cat?post=2239"},{"taxonomy":"product_tag","embeddable":true,"href":"https:\/\/govelocks.com\/vi\/wp-json\/wp\/v2\/product_tag?post=2239"}],"curies":[{"name":"wp","href":"https:\/\/api.w.org\/{rel}","templated":true}]}}