{"id":2237,"date":"2026-03-18T09:17:41","date_gmt":"2026-03-18T09:17:41","guid":{"rendered":"https:\/\/govelocks.com\/?post_type=product&#038;p=2237"},"modified":"2026-03-18T09:17:41","modified_gmt":"2026-03-18T09:17:41","slug":"gove-dx-04-floor-mounted-door-stop-zinc-alloy","status":"publish","type":"product","link":"https:\/\/govelocks.com\/vi\/gove-dx-04-floor-mounted-door-stop-zinc-alloy\/","title":{"rendered":"Gove DX-04 Ch\u1eb7n c\u1eeda s\u00e0n \u2013 H\u1ee3p kim k\u1ebdm"},"content":{"rendered":"<p data-start=\"386\" data-end=\"518\">H\u1ec7 th\u1ed1ng <strong data-start=\"390\" data-end=\"428\">Gove DX-04 Floor-Mounted Door Stop<\/strong> offers a reliable and stylish solution for keeping doors in place and protecting walls:<\/p>\n<ul data-start=\"520\" data-end=\"999\">\n<li data-section-id=\"lrq8mo\" data-start=\"520\" data-end=\"604\">\n<p data-start=\"522\" data-end=\"604\"><strong data-start=\"522\" data-end=\"535\">Ch\u1ea5t li\u1ec7u:<\/strong> H\u1ee3p kim k\u1ebdm ch\u1ea5t l\u01b0\u1ee3ng cao \u0111\u1ec3 \u0111\u1ea3m b\u1ea3o \u0111\u1ed9 b\u1ec1n v\u00e0 hi\u1ec7u su\u1ea5t l\u00e2u d\u00e0i.<\/p>\n<\/li>\n<li data-section-id=\"r3tgpm\" data-start=\"605\" data-end=\"691\">\n<p data-start=\"607\" data-end=\"691\"><strong data-start=\"607\" data-end=\"626\">Ho\u00e0n thi\u1ec7n b\u1ec1 m\u1eb7t:<\/strong> M\u1ea1 \u0111i\u1ec7n \u0111\u1ec3 ch\u1ed1ng \u0103n m\u00f2n v\u00e0 c\u00f3 v\u1ebb ngo\u00e0i cao c\u1ea5p.<\/p>\n<\/li>\n<li data-section-id=\"3xyyue\" data-start=\"692\" data-end=\"789\">\n<p data-start=\"694\" data-end=\"789\"><strong data-start=\"694\" data-end=\"715\">M\u00e0u s\u1eafc c\u00f3 s\u1eb5n:<\/strong> B\u1ea1c ch\u1ea3i, \u0111en, x\u00e1m v\u00e0 v\u00e0ng ph\u00f9 h\u1ee3p v\u1edbi nhi\u1ec1u phong c\u00e1ch n\u1ed9i th\u1ea5t kh\u00e1c nhau.<\/p>\n<\/li>\n<li data-section-id=\"1oz8ds8\" data-start=\"790\" data-end=\"872\">\n<p data-start=\"792\" data-end=\"872\"><strong data-start=\"792\" data-end=\"810\">Ch\u1ee9c n\u0103ng:<\/strong> Holds doors securely, preventing wall and furniture damage.<\/p>\n<\/li>\n<li data-section-id=\"1tyozmg\" data-start=\"873\" data-end=\"999\">\n<p data-start=\"875\" data-end=\"999\"><strong data-start=\"875\" data-end=\"897\">B\u1ec1n b\u1ec9 &amp; Sang tr\u1ecdng:<\/strong> K\u1ebft h\u1ee3p hi\u1ec7u su\u1ea5t th\u1ef1c t\u1ebf v\u1edbi thi\u1ebft k\u1ebf hi\u1ec7n \u0111\u1ea1i, l\u00fd t\u01b0\u1edfng cho nh\u00e0 \u1edf, v\u0103n ph\u00f2ng v\u00e0 kh\u00f4ng gian th\u01b0\u01a1ng m\u1ea1i.<\/p>\n<\/li>\n<\/ul>\n<p data-start=\"1001\" data-end=\"1139\">The Gove DX-04 ensures <strong data-start=\"1024\" data-end=\"1096\">k\u1ebft c\u1ea5u ch\u1eafc ch\u1eafn, ho\u00e0n thi\u1ec7n tinh t\u1ebf v\u00e0 b\u1ea3o v\u1ec7 c\u1eeda hi\u1ec7u qu\u1ea3<\/strong>, ph\u00f9 h\u1ee3p cho \u1ee9ng d\u1ee5ng g\u1eafn tr\u00ean s\u00e0n.<\/p>","protected":false},"excerpt":{"rendered":"<p data-start=\"200\" data-end=\"347\">Gove DX-01 l\u00e0 ch\u1eb7n c\u1eeda s\u00e0n l\u00e0m b\u1eb1ng h\u1ee3p kim k\u1ebdm b\u1ec1n b\u1ec9 v\u1edbi l\u1edbp m\u1ea1 \u0111i\u1ec7n, c\u00f3 s\u1eb5n m\u00e0u b\u1ea1c ch\u1ea3i, \u0111en, x\u00e1m v\u00e0 v\u00e0ng.<\/p>","protected":false},"featured_media":2238,"template":"","meta":{"site-sidebar-layout":"default","site-content-layout":"","ast-site-content-layout":"default","site-content-style":"default","site-sidebar-style":"default","ast-global-header-display":"","ast-banner-title-visibility":"","ast-main-header-display":"","ast-hfb-above-header-display":"","ast-hfb-below-header-display":"","ast-hfb-mobile-header-display":"","site-post-title":"","ast-breadcrumbs-content":"","ast-featured-img":"","footer-sml-layout":"","ast-disable-related-posts":"","theme-transparent-header-meta":"default","adv-header-id-meta":"","stick-header-meta":"","header-above-stick-meta":"","header-main-stick-meta":"","header-below-stick-meta":"","astra-migrate-meta-layouts":"set","ast-page-background-enabled":"default","ast-page-background-meta":{"desktop":{"background-color":"","background-image":"","background-repeat":"repeat","background-position":"center center","background-size":"auto","background-attachment":"scroll","background-type":"","background-media":"","overlay-type":"","overlay-color":"","overlay-opacity":"","overlay-gradient":""},"tablet":{"background-color":"","background-image":"","background-repeat":"repeat","background-position":"center center","background-size":"auto","background-attachment":"scroll","background-type":"","background-media":"","overlay-type":"","overlay-color":"","overlay-opacity":"","overlay-gradient":""},"mobile":{"background-color":"","background-image":"","background-repeat":"repeat","background-position":"center center","background-size":"auto","background-attachment":"scroll","background-type":"","background-media":"","overlay-type":"","overlay-color":"","overlay-opacity":"","overlay-gradient":""}},"ast-content-background-meta":{"desktop":{"background-color":"var(--ast-global-color-5)","background-image":"","background-repeat":"repeat","background-position":"center center","background-size":"auto","background-attachment":"scroll","background-type":"","background-media":"","overlay-type":"","overlay-color":"","overlay-opacity":"","overlay-gradient":""},"tablet":{"background-color":"var(--ast-global-color-5)","background-image":"","background-repeat":"repeat","background-position":"center center","background-size":"auto","background-attachment":"scroll","background-type":"","background-media":"","overlay-type":"","overlay-color":"","overlay-opacity":"","overlay-gradient":""},"mobile":{"background-color":"var(--ast-global-color-5)","background-image":"","background-repeat":"repeat","background-position":"center center","background-size":"auto","background-attachment":"scroll","background-type":"","background-media":"","overlay-type":"","overlay-color":"","overlay-opacity":"","overlay-gradient":""}}},"product_brand":[],"product_cat":[29,28],"product_tag":[],"class_list":{"0":"post-2237","1":"product","2":"type-product","3":"status-publish","4":"has-post-thumbnail","6":"product_cat-floor-mounted-door-stop","7":"product_cat-door-stop","8":"desktop-align-left","9":"tablet-align-left","10":"mobile-align-left","12":"first","13":"instock","14":"shipping-taxable","15":"product-type-simple"},"_links":{"self":[{"href":"https:\/\/govelocks.com\/vi\/wp-json\/wp\/v2\/product\/2237","targetHints":{"allow":["GET"]}}],"collection":[{"href":"https:\/\/govelocks.com\/vi\/wp-json\/wp\/v2\/product"}],"about":[{"href":"https:\/\/govelocks.com\/vi\/wp-json\/wp\/v2\/types\/product"}],"wp:featuredmedia":[{"embeddable":true,"href":"https:\/\/govelocks.com\/vi\/wp-json\/wp\/v2\/media\/2238"}],"wp:attachment":[{"href":"https:\/\/govelocks.com\/vi\/wp-json\/wp\/v2\/media?parent=2237"}],"wp:term":[{"taxonomy":"product_brand","embeddable":true,"href":"https:\/\/govelocks.com\/vi\/wp-json\/wp\/v2\/product_brand?post=2237"},{"taxonomy":"product_cat","embeddable":true,"href":"https:\/\/govelocks.com\/vi\/wp-json\/wp\/v2\/product_cat?post=2237"},{"taxonomy":"product_tag","embeddable":true,"href":"https:\/\/govelocks.com\/vi\/wp-json\/wp\/v2\/product_tag?post=2237"}],"curies":[{"name":"wp","href":"https:\/\/api.w.org\/{rel}","templated":true}]}}