{"id":2232,"date":"2026-03-18T09:05:29","date_gmt":"2026-03-18T09:05:29","guid":{"rendered":"https:\/\/govelocks.com\/?post_type=product&#038;p=2232"},"modified":"2026-03-18T09:05:29","modified_gmt":"2026-03-18T09:05:29","slug":"gove-dx-03-floor-mounted-door-stop-aluminum-alloy","status":"publish","type":"product","link":"https:\/\/govelocks.com\/vi\/gove-dx-03-floor-mounted-door-stop-aluminum-alloy\/","title":{"rendered":"Gove DX-03 Ch\u1eb7n c\u1eeda s\u00e0n \u2013 H\u1ee3p kim nh\u00f4m"},"content":{"rendered":"<p data-start=\"394\" data-end=\"504\">H\u1ec7 th\u1ed1ng <strong data-start=\"398\" data-end=\"436\">Ch\u1eb7n c\u1eeda s\u00e0n Gove DX-03<\/strong> cung c\u1ea5p s\u1ef1 b\u1ea3o v\u1ec7 \u0111\u00e1ng tin c\u1eady v\u00e0 thi\u1ebft k\u1ebf tinh t\u1ebf cho b\u1ea5t k\u1ef3 h\u1ec7 th\u1ed1ng c\u1eeda n\u00e0o:<\/p>\n<ul data-start=\"506\" data-end=\"986\">\n<li data-section-id=\"oe5zo0\" data-start=\"506\" data-end=\"580\">\n<p data-start=\"508\" data-end=\"580\"><strong data-start=\"508\" data-end=\"521\">Ch\u1ea5t li\u1ec7u:<\/strong> H\u1ee3p kim nh\u00f4m ch\u1ea5t l\u01b0\u1ee3ng cao \u0111\u1ec3 t\u0103ng c\u01b0\u1eddng \u0111\u1ed9 b\u1ec1n v\u00e0 \u0111\u1ed9 c\u1ee9ng.<\/p>\n<\/li>\n<li data-section-id=\"ntmwg7\" data-start=\"581\" data-end=\"667\">\n<p data-start=\"583\" data-end=\"667\"><strong data-start=\"583\" data-end=\"602\">Ho\u00e0n thi\u1ec7n b\u1ec1 m\u1eb7t:<\/strong> \u0110\u01b0\u1ee3c m\u1ea1 \u0111i\u1ec7n \u0111\u1ec3 ch\u1ed1ng \u0103n m\u00f2n v\u00e0 th\u1ea9m m\u1ef9 cao c\u1ea5p.<\/p>\n<\/li>\n<li data-section-id=\"3xyyue\" data-start=\"668\" data-end=\"765\">\n<p data-start=\"670\" data-end=\"765\"><strong data-start=\"670\" data-end=\"691\">M\u00e0u s\u1eafc c\u00f3 s\u1eb5n:<\/strong> B\u1ea1c ch\u1ea3i, \u0111en, x\u00e1m v\u00e0 v\u00e0ng ph\u00f9 h\u1ee3p v\u1edbi nhi\u1ec1u phong c\u00e1ch n\u1ed9i th\u1ea5t kh\u00e1c nhau.<\/p>\n<\/li>\n<li data-section-id=\"jc8zj4\" data-start=\"766\" data-end=\"859\">\n<p data-start=\"768\" data-end=\"859\"><strong data-start=\"768\" data-end=\"786\">Ch\u1ee9c n\u0103ng:<\/strong> Gi\u1eef ch\u1eb7t c\u1eeda \u1edf v\u1ecb tr\u00ed, ng\u0103n ng\u1eeba h\u01b0 h\u1ea1i t\u01b0\u1eddng ho\u1eb7c n\u1ed9i th\u1ea5t.<\/p>\n<\/li>\n<li data-section-id=\"1tyozmg\" data-start=\"860\" data-end=\"986\">\n<p data-start=\"862\" data-end=\"986\"><strong data-start=\"862\" data-end=\"884\">B\u1ec1n b\u1ec9 &amp; Sang tr\u1ecdng:<\/strong> K\u1ebft h\u1ee3p hi\u1ec7u su\u1ea5t th\u1ef1c t\u1ebf v\u1edbi thi\u1ebft k\u1ebf hi\u1ec7n \u0111\u1ea1i, l\u00fd t\u01b0\u1edfng cho nh\u00e0 \u1edf, v\u0103n ph\u00f2ng v\u00e0 kh\u00f4ng gian th\u01b0\u01a1ng m\u1ea1i.<\/p>\n<\/li>\n<\/ul>\n<p data-start=\"988\" data-end=\"1127\">Gove DX-03 cung c\u1ea5p <strong data-start=\"1012\" data-end=\"1084\">k\u1ebft c\u1ea5u ch\u1eafc ch\u1eafn, ho\u00e0n thi\u1ec7n tinh t\u1ebf v\u00e0 b\u1ea3o v\u1ec7 c\u1eeda hi\u1ec7u qu\u1ea3<\/strong>, ph\u00f9 h\u1ee3p cho \u1ee9ng d\u1ee5ng g\u1eafn tr\u00ean s\u00e0n.<\/p>","protected":false},"excerpt":{"rendered":"<p>Gove DX-03 l\u00e0 ch\u1eb7n c\u1eeda s\u00e0n l\u00e0m b\u1eb1ng h\u1ee3p kim nh\u00f4m b\u1ec1n ch\u1eafc v\u1edbi l\u1edbp ho\u00e0n thi\u1ec7n m\u1ea1 \u0111i\u1ec7n, c\u00f3 s\u1eb5n m\u00e0u niken ch\u1ea3i, \u0111en, x\u00e1m v\u00e0 v\u00e0ng.<\/p>","protected":false},"featured_media":2233,"template":"","meta":{"site-sidebar-layout":"default","site-content-layout":"","ast-site-content-layout":"default","site-content-style":"default","site-sidebar-style":"default","ast-global-header-display":"","ast-banner-title-visibility":"","ast-main-header-display":"","ast-hfb-above-header-display":"","ast-hfb-below-header-display":"","ast-hfb-mobile-header-display":"","site-post-title":"","ast-breadcrumbs-content":"","ast-featured-img":"","footer-sml-layout":"","ast-disable-related-posts":"","theme-transparent-header-meta":"default","adv-header-id-meta":"","stick-header-meta":"","header-above-stick-meta":"","header-main-stick-meta":"","header-below-stick-meta":"","astra-migrate-meta-layouts":"set","ast-page-background-enabled":"default","ast-page-background-meta":{"desktop":{"background-color":"","background-image":"","background-repeat":"repeat","background-position":"center center","background-size":"auto","background-attachment":"scroll","background-type":"","background-media":"","overlay-type":"","overlay-color":"","overlay-opacity":"","overlay-gradient":""},"tablet":{"background-color":"","background-image":"","background-repeat":"repeat","background-position":"center center","background-size":"auto","background-attachment":"scroll","background-type":"","background-media":"","overlay-type":"","overlay-color":"","overlay-opacity":"","overlay-gradient":""},"mobile":{"background-color":"","background-image":"","background-repeat":"repeat","background-position":"center center","background-size":"auto","background-attachment":"scroll","background-type":"","background-media":"","overlay-type":"","overlay-color":"","overlay-opacity":"","overlay-gradient":""}},"ast-content-background-meta":{"desktop":{"background-color":"var(--ast-global-color-5)","background-image":"","background-repeat":"repeat","background-position":"center center","background-size":"auto","background-attachment":"scroll","background-type":"","background-media":"","overlay-type":"","overlay-color":"","overlay-opacity":"","overlay-gradient":""},"tablet":{"background-color":"var(--ast-global-color-5)","background-image":"","background-repeat":"repeat","background-position":"center center","background-size":"auto","background-attachment":"scroll","background-type":"","background-media":"","overlay-type":"","overlay-color":"","overlay-opacity":"","overlay-gradient":""},"mobile":{"background-color":"var(--ast-global-color-5)","background-image":"","background-repeat":"repeat","background-position":"center center","background-size":"auto","background-attachment":"scroll","background-type":"","background-media":"","overlay-type":"","overlay-color":"","overlay-opacity":"","overlay-gradient":""}}},"product_brand":[],"product_cat":[29,28],"product_tag":[],"class_list":{"0":"post-2232","1":"product","2":"type-product","3":"status-publish","4":"has-post-thumbnail","6":"product_cat-floor-mounted-door-stop","7":"product_cat-door-stop","8":"desktop-align-left","9":"tablet-align-left","10":"mobile-align-left","12":"first","13":"instock","14":"shipping-taxable","15":"product-type-simple"},"_links":{"self":[{"href":"https:\/\/govelocks.com\/vi\/wp-json\/wp\/v2\/product\/2232","targetHints":{"allow":["GET"]}}],"collection":[{"href":"https:\/\/govelocks.com\/vi\/wp-json\/wp\/v2\/product"}],"about":[{"href":"https:\/\/govelocks.com\/vi\/wp-json\/wp\/v2\/types\/product"}],"wp:featuredmedia":[{"embeddable":true,"href":"https:\/\/govelocks.com\/vi\/wp-json\/wp\/v2\/media\/2233"}],"wp:attachment":[{"href":"https:\/\/govelocks.com\/vi\/wp-json\/wp\/v2\/media?parent=2232"}],"wp:term":[{"taxonomy":"product_brand","embeddable":true,"href":"https:\/\/govelocks.com\/vi\/wp-json\/wp\/v2\/product_brand?post=2232"},{"taxonomy":"product_cat","embeddable":true,"href":"https:\/\/govelocks.com\/vi\/wp-json\/wp\/v2\/product_cat?post=2232"},{"taxonomy":"product_tag","embeddable":true,"href":"https:\/\/govelocks.com\/vi\/wp-json\/wp\/v2\/product_tag?post=2232"}],"curies":[{"name":"wp","href":"https:\/\/api.w.org\/{rel}","templated":true}]}}