{"id":2230,"date":"2026-03-18T08:55:53","date_gmt":"2026-03-18T08:55:53","guid":{"rendered":"https:\/\/govelocks.com\/?post_type=product&#038;p=2230"},"modified":"2026-03-18T08:59:21","modified_gmt":"2026-03-18T08:59:21","slug":"gove-sd02-door-stop","status":"publish","type":"product","link":"https:\/\/govelocks.com\/vi\/gove-sd02-door-stop\/","title":{"rendered":"Gove SD02 Ch\u1eb7n c\u1eeda \u2013 Kh\u00f3a gi\u1eef c\u1eeda h\u1ee3p kim k\u1ebdm"},"content":{"rendered":"<p data-start=\"380\" data-end=\"500\">H\u1ec7 th\u1ed1ng <strong data-start=\"384\" data-end=\"407\">Ch\u1eb7n c\u1eeda Gove SD02<\/strong> k\u1ebft h\u1ee3p \u0111\u1ed9 b\u1ec1n, ch\u1ee9c n\u0103ng v\u00e0 phong c\u00e1ch cho c\u1eeda g\u1ed7 trong nh\u00e0 v\u00e0 th\u01b0\u01a1ng m\u1ea1i:<\/p>\n<ul data-start=\"502\" data-end=\"1028\">\n<li data-section-id=\"1ugxdtu\" data-start=\"502\" data-end=\"545\">\n<p data-start=\"504\" data-end=\"545\"><strong data-start=\"504\" data-end=\"529\">Lo\u1ea1i c\u1eeda \u00e1p d\u1ee5ng:<\/strong> C\u1eeda g\u1ed7.<\/p>\n<\/li>\n<li data-section-id=\"16th1s3\" data-start=\"546\" data-end=\"614\">\n<p data-start=\"548\" data-end=\"614\"><strong data-start=\"548\" data-end=\"561\">Ch\u1ea5t li\u1ec7u:<\/strong> H\u1ee3p kim k\u1ebdm ch\u1ea5t l\u01b0\u1ee3ng cao \u0111\u1ec3 \u0111\u1ed9 b\u1ec1n l\u00e2u d\u00e0i.<\/p>\n<\/li>\n<li data-section-id=\"1qrkv8b\" data-start=\"615\" data-end=\"703\">\n<p data-start=\"617\" data-end=\"703\"><strong data-start=\"617\" data-end=\"636\">Ho\u00e0n thi\u1ec7n b\u1ec1 m\u1eb7t:<\/strong> M\u1ea1 \u0111i\u1ec7n \u0111\u1ec3 ch\u1ed1ng \u0103n m\u00f2n v\u00e0 c\u00f3 v\u1ebb ngo\u00e0i cao c\u1ea5p.<\/p>\n<\/li>\n<li data-section-id=\"vn6tag\" data-start=\"704\" data-end=\"817\">\n<p data-start=\"706\" data-end=\"817\"><strong data-start=\"706\" data-end=\"727\">M\u00e0u s\u1eafc c\u00f3 s\u1eb5n:<\/strong> B\u1ea1c ch\u1ea3i, \u0111en, x\u00e1m, v\u00e0ng v\u00e0 \u0111\u1ed3ng c\u1ed5 ph\u00f9 h\u1ee3p v\u1edbi nhi\u1ec1u phong c\u00e1ch n\u1ed9i th\u1ea5t \u0111a d\u1ea1ng.<\/p>\n<\/li>\n<li data-section-id=\"12xd9hk\" data-start=\"818\" data-end=\"906\">\n<p data-start=\"820\" data-end=\"906\"><strong data-start=\"820\" data-end=\"838\">Ch\u1ee9c n\u0103ng:<\/strong> Gi\u1eef c\u1eeda ch\u1eafc ch\u1eafn, b\u1ea3o v\u1ec7 t\u01b0\u1eddng v\u00e0 n\u1ed9i th\u1ea5t kh\u1ecfi h\u01b0 h\u1ecfng.<\/p>\n<\/li>\n<li data-section-id=\"1uzs8l0\" data-start=\"907\" data-end=\"1028\">\n<p data-start=\"909\" data-end=\"1028\"><strong data-start=\"909\" data-end=\"931\">B\u1ec1n b\u1ec9 &amp; Sang tr\u1ecdng:<\/strong> Cung c\u1ea5p hi\u1ec7u su\u1ea5t \u0111\u00e1ng tin c\u1eady v\u00e0 thi\u1ebft k\u1ebf tinh t\u1ebf cho nh\u00e0 \u1edf, v\u0103n ph\u00f2ng v\u00e0 kh\u00f4ng gian th\u01b0\u01a1ng m\u1ea1i.<\/p>\n<\/li>\n<\/ul>\n<p data-start=\"1030\" data-end=\"1171\">Gove SD02 mang l\u1ea1i <strong data-start=\"1053\" data-end=\"1119\">phong c\u00e1ch \u0111a d\u1ea1ng, k\u1ebft c\u1ea5u ch\u1eafc ch\u1eafn v\u00e0 b\u1ea3o v\u1ec7 th\u1ef1c t\u1ebf<\/strong>, l\u00fd t\u01b0\u1edfng cho nhi\u1ec1u \u1ee9ng d\u1ee5ng c\u1eeda g\u1ed7 kh\u00e1c nhau.<\/p>","protected":false},"excerpt":{"rendered":"<p data-start=\"189\" data-end=\"341\">Gove SD02 ph\u00f9 h\u1ee3p v\u1edbi c\u1eeda g\u1ed7, l\u00e0m b\u1eb1ng h\u1ee3p kim k\u1ebdm b\u1ec1n ch\u1eafc v\u1edbi l\u1edbp ho\u00e0n thi\u1ec7n m\u1ea1 \u0111i\u1ec7n, c\u00f3 s\u1eb5n c\u00e1c m\u00e0u b\u1ea1c ch\u1ea3i, \u0111en, x\u00e1m, v\u00e0ng v\u00e0 \u0111\u1ed3ng c\u1ed5.<\/p>","protected":false},"featured_media":2231,"template":"","meta":{"site-sidebar-layout":"default","site-content-layout":"","ast-site-content-layout":"default","site-content-style":"default","site-sidebar-style":"default","ast-global-header-display":"","ast-banner-title-visibility":"","ast-main-header-display":"","ast-hfb-above-header-display":"","ast-hfb-below-header-display":"","ast-hfb-mobile-header-display":"","site-post-title":"","ast-breadcrumbs-content":"","ast-featured-img":"","footer-sml-layout":"","ast-disable-related-posts":"","theme-transparent-header-meta":"default","adv-header-id-meta":"","stick-header-meta":"","header-above-stick-meta":"","header-main-stick-meta":"","header-below-stick-meta":"","astra-migrate-meta-layouts":"set","ast-page-background-enabled":"default","ast-page-background-meta":{"desktop":{"background-color":"","background-image":"","background-repeat":"repeat","background-position":"center center","background-size":"auto","background-attachment":"scroll","background-type":"","background-media":"","overlay-type":"","overlay-color":"","overlay-opacity":"","overlay-gradient":""},"tablet":{"background-color":"","background-image":"","background-repeat":"repeat","background-position":"center center","background-size":"auto","background-attachment":"scroll","background-type":"","background-media":"","overlay-type":"","overlay-color":"","overlay-opacity":"","overlay-gradient":""},"mobile":{"background-color":"","background-image":"","background-repeat":"repeat","background-position":"center center","background-size":"auto","background-attachment":"scroll","background-type":"","background-media":"","overlay-type":"","overlay-color":"","overlay-opacity":"","overlay-gradient":""}},"ast-content-background-meta":{"desktop":{"background-color":"var(--ast-global-color-5)","background-image":"","background-repeat":"repeat","background-position":"center center","background-size":"auto","background-attachment":"scroll","background-type":"","background-media":"","overlay-type":"","overlay-color":"","overlay-opacity":"","overlay-gradient":""},"tablet":{"background-color":"var(--ast-global-color-5)","background-image":"","background-repeat":"repeat","background-position":"center center","background-size":"auto","background-attachment":"scroll","background-type":"","background-media":"","overlay-type":"","overlay-color":"","overlay-opacity":"","overlay-gradient":""},"mobile":{"background-color":"var(--ast-global-color-5)","background-image":"","background-repeat":"repeat","background-position":"center center","background-size":"auto","background-attachment":"scroll","background-type":"","background-media":"","overlay-type":"","overlay-color":"","overlay-opacity":"","overlay-gradient":""}}},"product_brand":[],"product_cat":[28],"product_tag":[],"class_list":{"0":"post-2230","1":"product","2":"type-product","3":"status-publish","4":"has-post-thumbnail","6":"product_cat-door-stop","7":"desktop-align-left","8":"tablet-align-left","9":"mobile-align-left","11":"first","12":"instock","13":"shipping-taxable","14":"product-type-simple"},"_links":{"self":[{"href":"https:\/\/govelocks.com\/vi\/wp-json\/wp\/v2\/product\/2230","targetHints":{"allow":["GET"]}}],"collection":[{"href":"https:\/\/govelocks.com\/vi\/wp-json\/wp\/v2\/product"}],"about":[{"href":"https:\/\/govelocks.com\/vi\/wp-json\/wp\/v2\/types\/product"}],"wp:featuredmedia":[{"embeddable":true,"href":"https:\/\/govelocks.com\/vi\/wp-json\/wp\/v2\/media\/2231"}],"wp:attachment":[{"href":"https:\/\/govelocks.com\/vi\/wp-json\/wp\/v2\/media?parent=2230"}],"wp:term":[{"taxonomy":"product_brand","embeddable":true,"href":"https:\/\/govelocks.com\/vi\/wp-json\/wp\/v2\/product_brand?post=2230"},{"taxonomy":"product_cat","embeddable":true,"href":"https:\/\/govelocks.com\/vi\/wp-json\/wp\/v2\/product_cat?post=2230"},{"taxonomy":"product_tag","embeddable":true,"href":"https:\/\/govelocks.com\/vi\/wp-json\/wp\/v2\/product_tag?post=2230"}],"curies":[{"name":"wp","href":"https:\/\/api.w.org\/{rel}","templated":true}]}}