{"id":2227,"date":"2026-03-18T08:47:32","date_gmt":"2026-03-18T08:47:32","guid":{"rendered":"https:\/\/govelocks.com\/?post_type=product&#038;p=2227"},"modified":"2026-03-18T08:47:32","modified_gmt":"2026-03-18T08:47:32","slug":"gove-sd04-door-stop","status":"publish","type":"product","link":"https:\/\/govelocks.com\/vi\/gove-sd04-door-stop\/","title":{"rendered":"Gove SD04 Ch\u1eb7n c\u1eeda \u2013 Kho\u00e1 c\u1eeda h\u1ee3p kim k\u1ebdm"},"content":{"rendered":"<p data-start=\"375\" data-end=\"494\">H\u1ec7 th\u1ed1ng <strong data-start=\"379\" data-end=\"402\">Ch\u1eb7n c\u1eeda Gove SD04<\/strong> cung c\u1ea5p kh\u1ea3 n\u0103ng gi\u1eef c\u1eeda \u0111\u00e1ng tin c\u1eady v\u00e0 b\u1ea3o v\u1ec7 v\u1edbi s\u1ef1 k\u1ebft h\u1ee3p gi\u1eefa \u0111\u1ed9 b\u1ec1n v\u00e0 phong c\u00e1ch:<\/p>\n<ul data-start=\"496\" data-end=\"1026\">\n<li data-section-id=\"x22vka\" data-start=\"496\" data-end=\"552\">\n<p data-start=\"498\" data-end=\"552\"><strong data-start=\"498\" data-end=\"523\">Lo\u1ea1i c\u1eeda \u00e1p d\u1ee5ng:<\/strong> Thi\u1ebft k\u1ebf d\u00e0nh cho c\u1eeda g\u1ed7.<\/p>\n<\/li>\n<li data-section-id=\"16th1s3\" data-start=\"553\" data-end=\"621\">\n<p data-start=\"555\" data-end=\"621\"><strong data-start=\"555\" data-end=\"568\">Ch\u1ea5t li\u1ec7u:<\/strong> H\u1ee3p kim k\u1ebdm ch\u1ea5t l\u01b0\u1ee3ng cao \u0111\u1ec3 \u0111\u1ed9 b\u1ec1n l\u00e2u d\u00e0i.<\/p>\n<\/li>\n<li data-section-id=\"qd6vb6\" data-start=\"622\" data-end=\"704\">\n<p data-start=\"624\" data-end=\"704\"><strong data-start=\"624\" data-end=\"643\">Ho\u00e0n thi\u1ec7n b\u1ec1 m\u1eb7t:<\/strong> M\u1ea1 \u0111i\u1ec7n ch\u1ed1ng \u0103n m\u00f2n v\u00e0 t\u1ea1o v\u1ebb ngo\u00e0i cao c\u1ea5p.<\/p>\n<\/li>\n<li data-section-id=\"1498kg2\" data-start=\"705\" data-end=\"802\">\n<p data-start=\"707\" data-end=\"802\"><strong data-start=\"707\" data-end=\"728\">M\u00e0u s\u1eafc c\u00f3 s\u1eb5n:<\/strong> M\u00e0u \u0111en, x\u00e1m, v\u00e0ng v\u00e0 \u0111\u1ed3ng c\u1ed5 ph\u00f9 h\u1ee3p v\u1edbi nhi\u1ec1u phong c\u00e1ch n\u1ed9i th\u1ea5t kh\u00e1c nhau.<\/p>\n<\/li>\n<li data-section-id=\"1a5vi0m\" data-start=\"803\" data-end=\"893\">\n<p data-start=\"805\" data-end=\"893\"><strong data-start=\"805\" data-end=\"823\">Ch\u1ee9c n\u0103ng:<\/strong> Gi\u1eef cho c\u1eeda c\u1ed1 \u0111\u1ecbnh ch\u1eafc ch\u1eafn, ng\u0103n ng\u1eeba h\u01b0 h\u1ecfng t\u01b0\u1eddng ho\u1eb7c n\u1ed9i th\u1ea5t.<\/p>\n<\/li>\n<li data-section-id=\"1135zmi\" data-start=\"894\" data-end=\"1026\">\n<p data-start=\"896\" data-end=\"1026\"><strong data-start=\"896\" data-end=\"918\">B\u1ec1n b\u1ec9 &amp; Sang tr\u1ecdng:<\/strong> K\u1ebft h\u1ee3p ch\u1ee9c n\u0103ng th\u1ef1c t\u1ebf v\u1edbi th\u1ea9m m\u1ef9 hi\u1ec7n \u0111\u1ea1i, l\u00fd t\u01b0\u1edfng cho nh\u00e0 \u1edf, v\u0103n ph\u00f2ng v\u00e0 kh\u00f4ng gian th\u01b0\u01a1ng m\u1ea1i.<\/p>\n<\/li>\n<\/ul>\n<p data-start=\"1028\" data-end=\"1157\">Gove SD04 mang l\u1ea1i <strong data-start=\"1049\" data-end=\"1112\">k\u1ebft c\u1ea5u b\u1ec1n b\u1ec9, ho\u00e0n thi\u1ec7n tinh t\u1ebf v\u00e0 phong c\u00e1ch \u0111a d\u1ea1ng<\/strong>, ph\u00f9 h\u1ee3p cho m\u1ecdi \u1ee9ng d\u1ee5ng c\u1eeda g\u1ed7.<\/p>","protected":false},"excerpt":{"rendered":"<p>Gove SD04 ph\u00f9 h\u1ee3p cho c\u1eeda g\u1ed7, l\u00e0m b\u1eb1ng h\u1ee3p kim k\u1ebdm b\u1ec1n ch\u1eafc v\u1edbi l\u1edbp ho\u00e0n thi\u1ec7n m\u1ea1 \u0111i\u1ec7n, c\u00f3 s\u1eb5n m\u00e0u \u0111en, x\u00e1m, v\u00e0ng v\u00e0 \u0111\u1ed3ng c\u1ed5.<\/p>","protected":false},"featured_media":2229,"template":"","meta":{"site-sidebar-layout":"default","site-content-layout":"","ast-site-content-layout":"default","site-content-style":"default","site-sidebar-style":"default","ast-global-header-display":"","ast-banner-title-visibility":"","ast-main-header-display":"","ast-hfb-above-header-display":"","ast-hfb-below-header-display":"","ast-hfb-mobile-header-display":"","site-post-title":"","ast-breadcrumbs-content":"","ast-featured-img":"","footer-sml-layout":"","ast-disable-related-posts":"","theme-transparent-header-meta":"default","adv-header-id-meta":"","stick-header-meta":"","header-above-stick-meta":"","header-main-stick-meta":"","header-below-stick-meta":"","astra-migrate-meta-layouts":"set","ast-page-background-enabled":"default","ast-page-background-meta":{"desktop":{"background-color":"","background-image":"","background-repeat":"repeat","background-position":"center center","background-size":"auto","background-attachment":"scroll","background-type":"","background-media":"","overlay-type":"","overlay-color":"","overlay-opacity":"","overlay-gradient":""},"tablet":{"background-color":"","background-image":"","background-repeat":"repeat","background-position":"center center","background-size":"auto","background-attachment":"scroll","background-type":"","background-media":"","overlay-type":"","overlay-color":"","overlay-opacity":"","overlay-gradient":""},"mobile":{"background-color":"","background-image":"","background-repeat":"repeat","background-position":"center center","background-size":"auto","background-attachment":"scroll","background-type":"","background-media":"","overlay-type":"","overlay-color":"","overlay-opacity":"","overlay-gradient":""}},"ast-content-background-meta":{"desktop":{"background-color":"var(--ast-global-color-5)","background-image":"","background-repeat":"repeat","background-position":"center center","background-size":"auto","background-attachment":"scroll","background-type":"","background-media":"","overlay-type":"","overlay-color":"","overlay-opacity":"","overlay-gradient":""},"tablet":{"background-color":"var(--ast-global-color-5)","background-image":"","background-repeat":"repeat","background-position":"center center","background-size":"auto","background-attachment":"scroll","background-type":"","background-media":"","overlay-type":"","overlay-color":"","overlay-opacity":"","overlay-gradient":""},"mobile":{"background-color":"var(--ast-global-color-5)","background-image":"","background-repeat":"repeat","background-position":"center center","background-size":"auto","background-attachment":"scroll","background-type":"","background-media":"","overlay-type":"","overlay-color":"","overlay-opacity":"","overlay-gradient":""}}},"product_brand":[],"product_cat":[28],"product_tag":[],"class_list":{"0":"post-2227","1":"product","2":"type-product","3":"status-publish","4":"has-post-thumbnail","6":"product_cat-door-stop","7":"desktop-align-left","8":"tablet-align-left","9":"mobile-align-left","11":"first","12":"instock","13":"shipping-taxable","14":"product-type-simple"},"_links":{"self":[{"href":"https:\/\/govelocks.com\/vi\/wp-json\/wp\/v2\/product\/2227","targetHints":{"allow":["GET"]}}],"collection":[{"href":"https:\/\/govelocks.com\/vi\/wp-json\/wp\/v2\/product"}],"about":[{"href":"https:\/\/govelocks.com\/vi\/wp-json\/wp\/v2\/types\/product"}],"wp:featuredmedia":[{"embeddable":true,"href":"https:\/\/govelocks.com\/vi\/wp-json\/wp\/v2\/media\/2229"}],"wp:attachment":[{"href":"https:\/\/govelocks.com\/vi\/wp-json\/wp\/v2\/media?parent=2227"}],"wp:term":[{"taxonomy":"product_brand","embeddable":true,"href":"https:\/\/govelocks.com\/vi\/wp-json\/wp\/v2\/product_brand?post=2227"},{"taxonomy":"product_cat","embeddable":true,"href":"https:\/\/govelocks.com\/vi\/wp-json\/wp\/v2\/product_cat?post=2227"},{"taxonomy":"product_tag","embeddable":true,"href":"https:\/\/govelocks.com\/vi\/wp-json\/wp\/v2\/product_tag?post=2227"}],"curies":[{"name":"wp","href":"https:\/\/api.w.org\/{rel}","templated":true}]}}