{"id":2225,"date":"2026-03-18T08:39:38","date_gmt":"2026-03-18T08:39:38","guid":{"rendered":"https:\/\/govelocks.com\/?post_type=product&#038;p=2225"},"modified":"2026-03-18T08:43:00","modified_gmt":"2026-03-18T08:43:00","slug":"gove-s3012-5-door-lock","status":"publish","type":"product","link":"https:\/\/govelocks.com\/vi\/gove-s3012-5-door-lock\/","title":{"rendered":"Kh\u00f3a c\u1eeda Gove S3012-5 \u2013 Tay c\u1ea7m th\u00e9p kh\u00f4ng g\u1ec9 v\u1edbi th\u00e2n kh\u00f3a \u0111a ch\u1ed1t 6068"},"content":{"rendered":"<p data-start=\"455\" data-end=\"592\">H\u1ec7 th\u1ed1ng <strong data-start=\"459\" data-end=\"485\">Kh\u00f3a c\u1eeda Gove S3012-5<\/strong> \u0111em l\u1ea1i an ninh v\u1eefng ch\u1eafc, \u0111\u1ed9 b\u1ec1n cao v\u00e0 ki\u1ec3m so\u00e1t ch\u00ednh x\u00e1c cho c\u1eeda ra v\u00e0o d\u00e2n d\u1ee5ng v\u00e0 th\u01b0\u01a1ng m\u1ea1i:<\/p>\n<ul data-start=\"594\" data-end=\"1276\">\n<li data-section-id=\"k94aqt\" data-start=\"594\" data-end=\"671\">\n<p data-start=\"596\" data-end=\"671\"><strong data-start=\"596\" data-end=\"621\">Lo\u1ea1i c\u1eeda \u00e1p d\u1ee5ng:<\/strong> C\u1eeda th\u00e9p v\u00e0 g\u1ed7, d\u00e0y 35\u201370mm.<\/p>\n<\/li>\n<li data-section-id=\"cb9g4m\" data-start=\"672\" data-end=\"744\">\n<p data-start=\"674\" data-end=\"744\"><strong data-start=\"674\" data-end=\"694\">Ch\u1ea5t li\u1ec7u tay n\u1eafm:<\/strong> Th\u00e9p kh\u00f4ng g\u1ec9 cho \u0111\u1ed9 b\u1ec1n v\u00e0 thi\u1ebft k\u1ebf hi\u1ec7n \u0111\u1ea1i.<\/p>\n<\/li>\n<li data-section-id=\"ntmwg7\" data-start=\"745\" data-end=\"831\">\n<p data-start=\"747\" data-end=\"831\"><strong data-start=\"747\" data-end=\"766\">Ho\u00e0n thi\u1ec7n b\u1ec1 m\u1eb7t:<\/strong> \u0110\u01b0\u1ee3c m\u1ea1 \u0111i\u1ec7n \u0111\u1ec3 ch\u1ed1ng \u0103n m\u00f2n v\u00e0 th\u1ea9m m\u1ef9 cao c\u1ea5p.<\/p>\n<\/li>\n<li data-section-id=\"xj72x3\" data-start=\"832\" data-end=\"944\">\n<p data-start=\"834\" data-end=\"944\"><strong data-start=\"834\" data-end=\"848\">Th\u00e2n kh\u00f3a:<\/strong> Lo\u1ea1i 6068 v\u1edbi m\u1ed9t ch\u1ed1t, ba ch\u1ed1t vu\u00f4ng v\u00e0 m\u1ed9t ch\u1ed1t ch\u1eb7n \u0111\u1ec3 t\u0103ng c\u01b0\u1eddng an ninh.<\/p>\n<\/li>\n<li data-section-id=\"749f8b\" data-start=\"945\" data-end=\"1062\">\n<p data-start=\"947\" data-end=\"1062\"><strong data-start=\"947\" data-end=\"965\">Xi lanh kh\u00f3a:<\/strong> Ch\u1ea5t li\u1ec7u \u0111\u1ed3ng to\u00e0n b\u1ed9 v\u1edbi 5 ch\u00eca kh\u00f3a ch\u00ednh v\u00e0 2 ch\u00eca kh\u00f3a thi c\u00f4ng, \u0111\u00f3ng g\u00f3i k\u00edn b\u1eb1ng nh\u1ef1a.<\/p>\n<\/li>\n<li data-section-id=\"16jjzg4\" data-start=\"1063\" data-end=\"1180\">\n<p data-start=\"1065\" data-end=\"1180\"><strong data-start=\"1065\" data-end=\"1079\">Ho\u1ea1t \u0111\u1ed9ng:<\/strong> Tay c\u1ea7m \u0111i\u1ec1u khi\u1ec3n ch\u1ed1t, ch\u00eca kh\u00f3a \u0111i\u1ec1u khi\u1ec3n ch\u1ed1t v\u00e0 ch\u1ed1t vu\u00f4ng, n\u00fam trong nh\u00e0 \u0111i\u1ec1u khi\u1ec3n ch\u1ed1t ch\u1eb7n.<\/p>\n<\/li>\n<li data-section-id=\"c03h3t\" data-start=\"1181\" data-end=\"1276\">\n<p data-start=\"1183\" data-end=\"1276\"><strong data-start=\"1183\" data-end=\"1206\">\u0110\u00e1ng tin c\u1eady &amp; B\u1ec1n b\u1ec9:<\/strong> Thi\u1ebft k\u1ebf cho hi\u1ec7u su\u1ea5t l\u00e2u d\u00e0i v\u00e0 ki\u1ec3m so\u00e1t truy c\u1eadp \u0111a d\u1ea1ng.<\/p>\n<\/li>\n<\/ul>\n<p data-start=\"1278\" data-end=\"1420\">Gove S3012-5 k\u1ebft h\u1ee3p <strong data-start=\"1304\" data-end=\"1375\">s\u1ef1 tinh t\u1ebf c\u1ee7a th\u00e9p kh\u00f4ng g\u1ec9, an ninh \u0111a ch\u1ed1t v\u00e0 ki\u1ec3m so\u00e1t ch\u00ednh x\u00e1c<\/strong>, l\u00fd t\u01b0\u1edfng cho c\u1eeda ra v\u00e0o b\u1eb1ng th\u00e9p ho\u1eb7c g\u1ed7.<\/p>","protected":false},"excerpt":{"rendered":"<p>Gove S3012-5 ph\u00f9 h\u1ee3p v\u1edbi c\u1eeda ra v\u00e0o b\u1eb1ng th\u00e9p v\u00e0 g\u1ed7 (d\u00e0y 35\u201370mm), c\u00f3 tay n\u1eafm th\u00e9p kh\u00f4ng g\u1ec9, th\u00e2n kh\u00f3a \u0111a ch\u1ed1t 6068, xi lanh \u0111\u1ed3ng to\u00e0n b\u1ed9, v\u00e0 ho\u1ea1t \u0111\u1ed9ng b\u1eb1ng ch\u00eca kh\u00f3a v\u00e0 tay c\u1ea7m \u0111a d\u1ea1ng.<\/p>","protected":false},"featured_media":2226,"template":"","meta":{"site-sidebar-layout":"default","site-content-layout":"","ast-site-content-layout":"default","site-content-style":"default","site-sidebar-style":"default","ast-global-header-display":"","ast-banner-title-visibility":"","ast-main-header-display":"","ast-hfb-above-header-display":"","ast-hfb-below-header-display":"","ast-hfb-mobile-header-display":"","site-post-title":"","ast-breadcrumbs-content":"","ast-featured-img":"","footer-sml-layout":"","ast-disable-related-posts":"","theme-transparent-header-meta":"default","adv-header-id-meta":"","stick-header-meta":"","header-above-stick-meta":"","header-main-stick-meta":"","header-below-stick-meta":"","astra-migrate-meta-layouts":"set","ast-page-background-enabled":"default","ast-page-background-meta":{"desktop":{"background-color":"","background-image":"","background-repeat":"repeat","background-position":"center center","background-size":"auto","background-attachment":"scroll","background-type":"","background-media":"","overlay-type":"","overlay-color":"","overlay-opacity":"","overlay-gradient":""},"tablet":{"background-color":"","background-image":"","background-repeat":"repeat","background-position":"center center","background-size":"auto","background-attachment":"scroll","background-type":"","background-media":"","overlay-type":"","overlay-color":"","overlay-opacity":"","overlay-gradient":""},"mobile":{"background-color":"","background-image":"","background-repeat":"repeat","background-position":"center center","background-size":"auto","background-attachment":"scroll","background-type":"","background-media":"","overlay-type":"","overlay-color":"","overlay-opacity":"","overlay-gradient":""}},"ast-content-background-meta":{"desktop":{"background-color":"var(--ast-global-color-5)","background-image":"","background-repeat":"repeat","background-position":"center center","background-size":"auto","background-attachment":"scroll","background-type":"","background-media":"","overlay-type":"","overlay-color":"","overlay-opacity":"","overlay-gradient":""},"tablet":{"background-color":"var(--ast-global-color-5)","background-image":"","background-repeat":"repeat","background-position":"center center","background-size":"auto","background-attachment":"scroll","background-type":"","background-media":"","overlay-type":"","overlay-color":"","overlay-opacity":"","overlay-gradient":""},"mobile":{"background-color":"var(--ast-global-color-5)","background-image":"","background-repeat":"repeat","background-position":"center center","background-size":"auto","background-attachment":"scroll","background-type":"","background-media":"","overlay-type":"","overlay-color":"","overlay-opacity":"","overlay-gradient":""}}},"product_brand":[],"product_cat":[25],"product_tag":[],"class_list":{"0":"post-2225","1":"product","2":"type-product","3":"status-publish","4":"has-post-thumbnail","6":"product_cat-door-locks","7":"desktop-align-left","8":"tablet-align-left","9":"mobile-align-left","11":"first","12":"instock","13":"shipping-taxable","14":"product-type-simple"},"_links":{"self":[{"href":"https:\/\/govelocks.com\/vi\/wp-json\/wp\/v2\/product\/2225","targetHints":{"allow":["GET"]}}],"collection":[{"href":"https:\/\/govelocks.com\/vi\/wp-json\/wp\/v2\/product"}],"about":[{"href":"https:\/\/govelocks.com\/vi\/wp-json\/wp\/v2\/types\/product"}],"wp:featuredmedia":[{"embeddable":true,"href":"https:\/\/govelocks.com\/vi\/wp-json\/wp\/v2\/media\/2226"}],"wp:attachment":[{"href":"https:\/\/govelocks.com\/vi\/wp-json\/wp\/v2\/media?parent=2225"}],"wp:term":[{"taxonomy":"product_brand","embeddable":true,"href":"https:\/\/govelocks.com\/vi\/wp-json\/wp\/v2\/product_brand?post=2225"},{"taxonomy":"product_cat","embeddable":true,"href":"https:\/\/govelocks.com\/vi\/wp-json\/wp\/v2\/product_cat?post=2225"},{"taxonomy":"product_tag","embeddable":true,"href":"https:\/\/govelocks.com\/vi\/wp-json\/wp\/v2\/product_tag?post=2225"}],"curies":[{"name":"wp","href":"https:\/\/api.w.org\/{rel}","templated":true}]}}