{"id":2223,"date":"2026-03-18T08:35:43","date_gmt":"2026-03-18T08:35:43","guid":{"rendered":"https:\/\/govelocks.com\/?post_type=product&#038;p=2223"},"modified":"2026-03-18T08:36:04","modified_gmt":"2026-03-18T08:36:04","slug":"gove-s350-door-lock","status":"publish","type":"product","link":"https:\/\/govelocks.com\/vi\/gove-s350-door-lock\/","title":{"rendered":"Kh\u00f3a c\u1eeda Gove S350 \u2013 Tay c\u1ea7m th\u00e9p kh\u00f4ng g\u1ec9 v\u1edbi th\u00e2n kh\u00f3a \u0111a ch\u1ed1t 6068"},"content":{"rendered":"<p data-start=\"443\" data-end=\"584\">H\u1ec7 th\u1ed1ng <strong data-start=\"447\" data-end=\"470\">Gove S350 Door Lock<\/strong> combines robust security, precise control, and durable materials for residential and commercial entrance doors:<\/p>\n<ul data-start=\"586\" data-end=\"1290\">\n<li data-section-id=\"k94aqt\" data-start=\"586\" data-end=\"663\">\n<p data-start=\"588\" data-end=\"663\"><strong data-start=\"588\" data-end=\"613\">Lo\u1ea1i c\u1eeda \u00e1p d\u1ee5ng:<\/strong> C\u1eeda th\u00e9p v\u00e0 g\u1ed7, d\u00e0y 35\u201370mm.<\/p>\n<\/li>\n<li data-section-id=\"1a40fmb\" data-start=\"664\" data-end=\"742\">\n<p data-start=\"666\" data-end=\"742\"><strong data-start=\"666\" data-end=\"686\">Ch\u1ea5t li\u1ec7u tay n\u1eafm:<\/strong> Stainless steel for durability and modern aesthetics.<\/p>\n<\/li>\n<li data-section-id=\"r3tgpm\" data-start=\"743\" data-end=\"829\">\n<p data-start=\"745\" data-end=\"829\"><strong data-start=\"745\" data-end=\"764\">Ho\u00e0n thi\u1ec7n b\u1ec1 m\u1eb7t:<\/strong> M\u1ea1 \u0111i\u1ec7n \u0111\u1ec3 ch\u1ed1ng \u0103n m\u00f2n v\u00e0 c\u00f3 v\u1ebb ngo\u00e0i cao c\u1ea5p.<\/p>\n<\/li>\n<li data-section-id=\"xj72x3\" data-start=\"830\" data-end=\"942\">\n<p data-start=\"832\" data-end=\"942\"><strong data-start=\"832\" data-end=\"846\">Th\u00e2n kh\u00f3a:<\/strong> Lo\u1ea1i 6068 v\u1edbi m\u1ed9t ch\u1ed1t, ba ch\u1ed1t vu\u00f4ng v\u00e0 m\u1ed9t ch\u1ed1t ch\u1eb7n \u0111\u1ec3 t\u0103ng c\u01b0\u1eddng an ninh.<\/p>\n<\/li>\n<li data-section-id=\"1iaxy78\" data-start=\"943\" data-end=\"1059\">\n<p data-start=\"945\" data-end=\"1059\"><strong data-start=\"945\" data-end=\"963\">Xi lanh kh\u00f3a:<\/strong> Ch\u1ea5t li\u1ec7u \u0111\u1ed3ng to\u00e0n b\u1ed9 v\u1edbi 5 ch\u00eca kh\u00f3a ch\u00ednh v\u00e0 2 ch\u00eca kh\u00f3a thi c\u00f4ng, \u0111\u00f3ng g\u00f3i k\u00edn b\u1eb1ng nh\u1ef1a.<\/p>\n<\/li>\n<li data-section-id=\"16jjzg4\" data-start=\"1060\" data-end=\"1177\">\n<p data-start=\"1062\" data-end=\"1177\"><strong data-start=\"1062\" data-end=\"1076\">Ho\u1ea1t \u0111\u1ed9ng:<\/strong> Tay c\u1ea7m \u0111i\u1ec1u khi\u1ec3n ch\u1ed1t, ch\u00eca kh\u00f3a \u0111i\u1ec1u khi\u1ec3n ch\u1ed1t v\u00e0 ch\u1ed1t vu\u00f4ng, n\u00fam trong nh\u00e0 \u0111i\u1ec1u khi\u1ec3n ch\u1ed1t ch\u1eb7n.<\/p>\n<\/li>\n<li data-section-id=\"gsrr8a\" data-start=\"1178\" data-end=\"1290\">\n<p data-start=\"1180\" data-end=\"1290\"><strong data-start=\"1180\" data-end=\"1203\">\u0110\u00e1ng tin c\u1eady &amp; B\u1ec1n b\u1ec9:<\/strong> Designed for long-lasting performance, offering secure and versatile access control.<\/p>\n<\/li>\n<\/ul>\n<p data-start=\"1292\" data-end=\"1444\">The Gove S350 provides <strong data-start=\"1315\" data-end=\"1399\">robust security, precise multi-latch control, and elegant stainless steel design<\/strong>, l\u00fd t\u01b0\u1edfng cho c\u1eeda ra v\u00e0o b\u1eb1ng th\u00e9p ho\u1eb7c g\u1ed7.<\/p>","protected":false},"excerpt":{"rendered":"<p>Gove S350 ph\u00f9 h\u1ee3p v\u1edbi c\u1eeda \u0111i th\u00e9p v\u00e0 g\u1ed7 (d\u00e0y 35\u201370mm), c\u00f3 tay n\u1eafm th\u00e9p kh\u00f4ng g\u1ec9, th\u00e2n kh\u00f3a \u0111a ch\u1ed1t 6068, xi-lanh \u0111\u1ed3ng \u0111\u1ea7y \u0111\u1ee7 v\u00e0 \u0111i\u1ec1u khi\u1ec3n ch\u00eca kh\u00f3a, tay n\u1eafm \u0111a d\u1ea1ng.<\/p>","protected":false},"featured_media":2224,"template":"","meta":{"site-sidebar-layout":"default","site-content-layout":"","ast-site-content-layout":"default","site-content-style":"default","site-sidebar-style":"default","ast-global-header-display":"","ast-banner-title-visibility":"","ast-main-header-display":"","ast-hfb-above-header-display":"","ast-hfb-below-header-display":"","ast-hfb-mobile-header-display":"","site-post-title":"","ast-breadcrumbs-content":"","ast-featured-img":"","footer-sml-layout":"","ast-disable-related-posts":"","theme-transparent-header-meta":"default","adv-header-id-meta":"","stick-header-meta":"","header-above-stick-meta":"","header-main-stick-meta":"","header-below-stick-meta":"","astra-migrate-meta-layouts":"set","ast-page-background-enabled":"default","ast-page-background-meta":{"desktop":{"background-color":"","background-image":"","background-repeat":"repeat","background-position":"center center","background-size":"auto","background-attachment":"scroll","background-type":"","background-media":"","overlay-type":"","overlay-color":"","overlay-opacity":"","overlay-gradient":""},"tablet":{"background-color":"","background-image":"","background-repeat":"repeat","background-position":"center center","background-size":"auto","background-attachment":"scroll","background-type":"","background-media":"","overlay-type":"","overlay-color":"","overlay-opacity":"","overlay-gradient":""},"mobile":{"background-color":"","background-image":"","background-repeat":"repeat","background-position":"center center","background-size":"auto","background-attachment":"scroll","background-type":"","background-media":"","overlay-type":"","overlay-color":"","overlay-opacity":"","overlay-gradient":""}},"ast-content-background-meta":{"desktop":{"background-color":"var(--ast-global-color-5)","background-image":"","background-repeat":"repeat","background-position":"center center","background-size":"auto","background-attachment":"scroll","background-type":"","background-media":"","overlay-type":"","overlay-color":"","overlay-opacity":"","overlay-gradient":""},"tablet":{"background-color":"var(--ast-global-color-5)","background-image":"","background-repeat":"repeat","background-position":"center center","background-size":"auto","background-attachment":"scroll","background-type":"","background-media":"","overlay-type":"","overlay-color":"","overlay-opacity":"","overlay-gradient":""},"mobile":{"background-color":"var(--ast-global-color-5)","background-image":"","background-repeat":"repeat","background-position":"center center","background-size":"auto","background-attachment":"scroll","background-type":"","background-media":"","overlay-type":"","overlay-color":"","overlay-opacity":"","overlay-gradient":""}}},"product_brand":[],"product_cat":[25],"product_tag":[],"class_list":{"0":"post-2223","1":"product","2":"type-product","3":"status-publish","4":"has-post-thumbnail","6":"product_cat-door-locks","7":"desktop-align-left","8":"tablet-align-left","9":"mobile-align-left","11":"first","12":"instock","13":"shipping-taxable","14":"product-type-simple"},"_links":{"self":[{"href":"https:\/\/govelocks.com\/vi\/wp-json\/wp\/v2\/product\/2223","targetHints":{"allow":["GET"]}}],"collection":[{"href":"https:\/\/govelocks.com\/vi\/wp-json\/wp\/v2\/product"}],"about":[{"href":"https:\/\/govelocks.com\/vi\/wp-json\/wp\/v2\/types\/product"}],"wp:featuredmedia":[{"embeddable":true,"href":"https:\/\/govelocks.com\/vi\/wp-json\/wp\/v2\/media\/2224"}],"wp:attachment":[{"href":"https:\/\/govelocks.com\/vi\/wp-json\/wp\/v2\/media?parent=2223"}],"wp:term":[{"taxonomy":"product_brand","embeddable":true,"href":"https:\/\/govelocks.com\/vi\/wp-json\/wp\/v2\/product_brand?post=2223"},{"taxonomy":"product_cat","embeddable":true,"href":"https:\/\/govelocks.com\/vi\/wp-json\/wp\/v2\/product_cat?post=2223"},{"taxonomy":"product_tag","embeddable":true,"href":"https:\/\/govelocks.com\/vi\/wp-json\/wp\/v2\/product_tag?post=2223"}],"curies":[{"name":"wp","href":"https:\/\/api.w.org\/{rel}","templated":true}]}}