{"id":2221,"date":"2026-03-18T08:25:54","date_gmt":"2026-03-18T08:25:54","guid":{"rendered":"https:\/\/govelocks.com\/?post_type=product&#038;p=2221"},"modified":"2026-03-18T08:26:09","modified_gmt":"2026-03-18T08:26:09","slug":"gove-z200-1-door-lock","status":"publish","type":"product","link":"https:\/\/govelocks.com\/vi\/gove-z200-1-door-lock\/","title":{"rendered":"Kh\u00f3a Gove Z200-1 \u2013 Tay c\u1ea7m h\u1ee3p kim k\u1ebdm v\u1edbi ch\u1ed1t ch\u1ed1t \u0111\u00f4i 5050"},"content":{"rendered":"<p data-start=\"403\" data-end=\"535\">H\u1ec7 th\u1ed1ng <strong data-start=\"407\" data-end=\"432\">Kh\u00f3a c\u1eeda Gove Z200-1<\/strong> k\u1ebft h\u1ee3p \u0111\u1ed9 tin c\u1eady, \u0111\u1ed9 b\u1ec1n v\u00e0 th\u1ea9m m\u1ef9 hi\u1ec7n \u0111\u1ea1i cho c\u1eeda g\u1ed7 d\u00e2n d\u1ee5ng v\u00e0 th\u01b0\u01a1ng m\u1ea1i:<\/p>\n<ul data-start=\"537\" data-end=\"1027\">\n<li data-section-id=\"2qmf14\" data-start=\"537\" data-end=\"613\">\n<p data-start=\"539\" data-end=\"613\"><strong data-start=\"539\" data-end=\"564\">Lo\u1ea1i c\u1eeda \u00e1p d\u1ee5ng:<\/strong> C\u1eeda g\u1ed7 d\u00e0y t\u1eeb 35mm \u0111\u1ebfn 50mm.<\/p>\n<\/li>\n<li data-section-id=\"lbf86r\" data-start=\"614\" data-end=\"680\">\n<p data-start=\"616\" data-end=\"680\"><strong data-start=\"616\" data-end=\"636\">Ch\u1ea5t li\u1ec7u tay n\u1eafm:<\/strong> H\u1ee3p kim k\u1ebdm \u0111\u1ec3 t\u0103ng c\u01b0\u1eddng \u0111\u1ed9 b\u1ec1n v\u00e0 v\u1ebb ngo\u00e0i b\u00f3ng b\u1ea9y.<\/p>\n<\/li>\n<li data-section-id=\"r3tgpm\" data-start=\"681\" data-end=\"767\">\n<p data-start=\"683\" data-end=\"767\"><strong data-start=\"683\" data-end=\"702\">Ho\u00e0n thi\u1ec7n b\u1ec1 m\u1eb7t:<\/strong> M\u1ea1 \u0111i\u1ec7n \u0111\u1ec3 ch\u1ed1ng \u0103n m\u00f2n v\u00e0 c\u00f3 v\u1ebb ngo\u00e0i cao c\u1ea5p.<\/p>\n<\/li>\n<li data-section-id=\"l2h6k8\" data-start=\"768\" data-end=\"837\">\n<p data-start=\"770\" data-end=\"837\"><strong data-start=\"770\" data-end=\"784\">Th\u00e2n kh\u00f3a:<\/strong> Th\u00e2n kh\u00f3a ch\u1ed1t \u0111\u00f4i 5050 \u0111\u1ec3 t\u0103ng c\u01b0\u1eddng an ninh.<\/p>\n<\/li>\n<li data-section-id=\"1ulrame\" data-start=\"838\" data-end=\"911\">\n<p data-start=\"840\" data-end=\"911\"><strong data-start=\"840\" data-end=\"858\">Xi lanh kh\u00f3a:<\/strong> Xi lanh ch\u00eca kho\u00e1 \u0111\u1ed3ng 3 ch\u00eca \u0111\u1ec3 truy c\u1eadp an to\u00e0n.<\/p>\n<\/li>\n<li data-section-id=\"5c6ujz\" data-start=\"912\" data-end=\"1027\">\n<p data-start=\"914\" data-end=\"1027\"><strong data-start=\"914\" data-end=\"936\">B\u1ec1n b\u1ec9 &amp; Sang tr\u1ecdng:<\/strong> K\u1ebft c\u1ea5u ch\u1eafc ch\u1eafn \u0111\u1ea3m b\u1ea3o hi\u1ec7u su\u1ea5t l\u00e2u d\u00e0i trong khi l\u00e0m n\u1ed5i b\u1eadt th\u1ea9m m\u1ef9 c\u1ee7a c\u1eeda.<\/p>\n<\/li>\n<\/ul>\n<p data-start=\"1029\" data-end=\"1147\">Gove Z200-1 mang \u0111\u1ebfn <strong data-start=\"1052\" data-end=\"1100\">gi\u1ea3i ph\u00e1p c\u1eeda an to\u00e0n, \u0111\u00e1ng tin c\u1eady v\u00e0 tinh t\u1ebf<\/strong>, l\u00fd t\u01b0\u1edfng cho c\u00e1c \u1ee9ng d\u1ee5ng c\u1eeda g\u1ed7 \u0111a d\u1ea1ng.<\/p>","protected":false},"excerpt":{"rendered":"<p>Gove Z200-1 ph\u00f9 h\u1ee3p v\u1edbi c\u1eeda g\u1ed7 (d\u00e0y 35\u201350mm), c\u00f3 tay n\u1eafm h\u1ee3p kim k\u1ebdm, ho\u00e0n thi\u1ec7n m\u1ea1 \u0111i\u1ec7n, th\u00e2n kh\u00f3a ch\u1ed1t \u0111\u00f4i 5050, v\u00e0 xi lanh \u0111\u1ed3ng 3 ch\u00eca kho\u00e1.<\/p>","protected":false},"featured_media":2222,"template":"","meta":{"site-sidebar-layout":"default","site-content-layout":"","ast-site-content-layout":"default","site-content-style":"default","site-sidebar-style":"default","ast-global-header-display":"","ast-banner-title-visibility":"","ast-main-header-display":"","ast-hfb-above-header-display":"","ast-hfb-below-header-display":"","ast-hfb-mobile-header-display":"","site-post-title":"","ast-breadcrumbs-content":"","ast-featured-img":"","footer-sml-layout":"","ast-disable-related-posts":"","theme-transparent-header-meta":"default","adv-header-id-meta":"","stick-header-meta":"","header-above-stick-meta":"","header-main-stick-meta":"","header-below-stick-meta":"","astra-migrate-meta-layouts":"set","ast-page-background-enabled":"default","ast-page-background-meta":{"desktop":{"background-color":"","background-image":"","background-repeat":"repeat","background-position":"center center","background-size":"auto","background-attachment":"scroll","background-type":"","background-media":"","overlay-type":"","overlay-color":"","overlay-opacity":"","overlay-gradient":""},"tablet":{"background-color":"","background-image":"","background-repeat":"repeat","background-position":"center center","background-size":"auto","background-attachment":"scroll","background-type":"","background-media":"","overlay-type":"","overlay-color":"","overlay-opacity":"","overlay-gradient":""},"mobile":{"background-color":"","background-image":"","background-repeat":"repeat","background-position":"center center","background-size":"auto","background-attachment":"scroll","background-type":"","background-media":"","overlay-type":"","overlay-color":"","overlay-opacity":"","overlay-gradient":""}},"ast-content-background-meta":{"desktop":{"background-color":"var(--ast-global-color-5)","background-image":"","background-repeat":"repeat","background-position":"center center","background-size":"auto","background-attachment":"scroll","background-type":"","background-media":"","overlay-type":"","overlay-color":"","overlay-opacity":"","overlay-gradient":""},"tablet":{"background-color":"var(--ast-global-color-5)","background-image":"","background-repeat":"repeat","background-position":"center center","background-size":"auto","background-attachment":"scroll","background-type":"","background-media":"","overlay-type":"","overlay-color":"","overlay-opacity":"","overlay-gradient":""},"mobile":{"background-color":"var(--ast-global-color-5)","background-image":"","background-repeat":"repeat","background-position":"center center","background-size":"auto","background-attachment":"scroll","background-type":"","background-media":"","overlay-type":"","overlay-color":"","overlay-opacity":"","overlay-gradient":""}}},"product_brand":[],"product_cat":[25],"product_tag":[],"class_list":{"0":"post-2221","1":"product","2":"type-product","3":"status-publish","4":"has-post-thumbnail","6":"product_cat-door-locks","7":"desktop-align-left","8":"tablet-align-left","9":"mobile-align-left","11":"first","12":"instock","13":"shipping-taxable","14":"product-type-simple"},"_links":{"self":[{"href":"https:\/\/govelocks.com\/vi\/wp-json\/wp\/v2\/product\/2221","targetHints":{"allow":["GET"]}}],"collection":[{"href":"https:\/\/govelocks.com\/vi\/wp-json\/wp\/v2\/product"}],"about":[{"href":"https:\/\/govelocks.com\/vi\/wp-json\/wp\/v2\/types\/product"}],"wp:featuredmedia":[{"embeddable":true,"href":"https:\/\/govelocks.com\/vi\/wp-json\/wp\/v2\/media\/2222"}],"wp:attachment":[{"href":"https:\/\/govelocks.com\/vi\/wp-json\/wp\/v2\/media?parent=2221"}],"wp:term":[{"taxonomy":"product_brand","embeddable":true,"href":"https:\/\/govelocks.com\/vi\/wp-json\/wp\/v2\/product_brand?post=2221"},{"taxonomy":"product_cat","embeddable":true,"href":"https:\/\/govelocks.com\/vi\/wp-json\/wp\/v2\/product_cat?post=2221"},{"taxonomy":"product_tag","embeddable":true,"href":"https:\/\/govelocks.com\/vi\/wp-json\/wp\/v2\/product_tag?post=2221"}],"curies":[{"name":"wp","href":"https:\/\/api.w.org\/{rel}","templated":true}]}}