{"id":2219,"date":"2026-03-18T08:20:00","date_gmt":"2026-03-18T08:20:00","guid":{"rendered":"https:\/\/govelocks.com\/?post_type=product&#038;p=2219"},"modified":"2026-03-18T08:20:17","modified_gmt":"2026-03-18T08:20:17","slug":"gove-s180-1-door-lock","status":"publish","type":"product","link":"https:\/\/govelocks.com\/vi\/gove-s180-1-door-lock\/","title":{"rendered":"Kh\u00f3a c\u1eeda Gove S180-1 \u2013 Tay n\u1eafm th\u00e9p kh\u00f4ng g\u1ec9 304 v\u1edbi ch\u1ed1t \u0111\u00f4i 5050"},"content":{"rendered":"<p data-start=\"415\" data-end=\"508\">H\u1ec7 th\u1ed1ng <strong data-start=\"419\" data-end=\"444\">Kh\u00f3a c\u1eeda Gove S180-1<\/strong> \u0111\u01b0\u1ee3c thi\u1ebft k\u1ebf cho \u0111\u1ed9 b\u1ec1n, kh\u1ea3 n\u0103ng ch\u1ecbu l\u1ef1c v\u00e0 v\u1ebb \u0111\u1eb9p tinh t\u1ebf:<\/p>\n<ul data-start=\"510\" data-end=\"1030\">\n<li data-section-id=\"2qmf14\" data-start=\"510\" data-end=\"586\">\n<p data-start=\"512\" data-end=\"586\"><strong data-start=\"512\" data-end=\"537\">Lo\u1ea1i c\u1eeda \u00e1p d\u1ee5ng:<\/strong> C\u1eeda g\u1ed7 d\u00e0y t\u1eeb 35mm \u0111\u1ebfn 50mm.<\/p>\n<\/li>\n<li data-section-id=\"1s19weq\" data-start=\"587\" data-end=\"679\">\n<p data-start=\"589\" data-end=\"679\"><strong data-start=\"589\" data-end=\"609\">Ch\u1ea5t li\u1ec7u tay n\u1eafm:<\/strong> Th\u00e9p kh\u00f4ng g\u1ec9 304 cho \u0111\u1ed9 b\u1ec1n v\u01b0\u1ee3t tr\u1ed9i v\u00e0 kh\u1ea3 n\u0103ng ch\u1ed1ng \u0103n m\u00f2n.<\/p>\n<\/li>\n<li data-section-id=\"oq06hv\" data-start=\"680\" data-end=\"746\">\n<p data-start=\"682\" data-end=\"746\"><strong data-start=\"682\" data-end=\"701\">Ho\u00e0n thi\u1ec7n b\u1ec1 m\u1eb7t:<\/strong> Ho\u00e0n thi\u1ec7n m\u1edd cho v\u1ebb ngo\u00e0i hi\u1ec7n \u0111\u1ea1i, cao c\u1ea5p.<\/p>\n<\/li>\n<li data-section-id=\"kfsg3o\" data-start=\"747\" data-end=\"817\">\n<p data-start=\"749\" data-end=\"817\"><strong data-start=\"749\" data-end=\"763\">Th\u00e2n kh\u00f3a:<\/strong> Th\u00e2n kh\u00f3a ch\u1ed1t \u0111\u00f4i 5050 \u0111\u1ea3m b\u1ea3o an to\u00e0n t\u0103ng c\u01b0\u1eddng.<\/p>\n<\/li>\n<li data-section-id=\"14zx2qx\" data-start=\"818\" data-end=\"893\">\n<p data-start=\"820\" data-end=\"893\"><strong data-start=\"820\" data-end=\"838\">Xi lanh kh\u00f3a:<\/strong> Xi lanh ch\u00eca kh\u00f3a v\u1edbi 3 ch\u00eca \u0111\u1ed3ng cho truy c\u1eadp \u0111\u00e1ng tin c\u1eady.<\/p>\n<\/li>\n<li data-section-id=\"1wcaasg\" data-start=\"894\" data-end=\"1030\">\n<p data-start=\"896\" data-end=\"1030\"><strong data-start=\"896\" data-end=\"918\">B\u1ec1n b\u1ec9 &amp; Sang tr\u1ecdng:<\/strong> C\u1ea5u tr\u00fac ch\u1eafc ch\u1eafn v\u00e0 v\u1eadt li\u1ec7u cao c\u1ea5p mang l\u1ea1i hi\u1ec7u su\u1ea5t l\u00e2u d\u00e0i cho s\u1eed d\u1ee5ng d\u00e2n d\u1ee5ng v\u00e0 th\u01b0\u01a1ng m\u1ea1i.<\/p>\n<\/li>\n<\/ul>\n<p data-start=\"1032\" data-end=\"1164\">Gove S180-1 k\u1ebft h\u1ee3p <strong data-start=\"1057\" data-end=\"1117\">b\u1ea3o m\u1eadt v\u1eefng ch\u1eafc, thi\u1ebft k\u1ebf hi\u1ec7n \u0111\u1ea1i v\u00e0 hi\u1ec7u su\u1ea5t \u0111\u00e1ng tin c\u1eady<\/strong>, l\u00fd t\u01b0\u1edfng cho c\u00e1c \u1ee9ng d\u1ee5ng c\u1eeda g\u1ed7 \u0111a d\u1ea1ng.<\/p>","protected":false},"excerpt":{"rendered":"<p data-start=\"212\" data-end=\"376\">Gove S180-1 ph\u00f9 h\u1ee3p v\u1edbi c\u1eeda g\u1ed7 (d\u00e0y 35\u201350mm), c\u00f3 tay n\u1eafm b\u1eb1ng th\u00e9p kh\u00f4ng g\u1ec9 304, ho\u00e0n thi\u1ec7n m\u1edd, th\u00e2n kh\u00f3a ch\u1ed1t \u0111\u00f4i 5050, v\u00e0 xi lanh ch\u00eca kh\u00f3a \u0111\u1ed3ng 3 ch\u00ec.<\/p>","protected":false},"featured_media":2220,"template":"","meta":{"site-sidebar-layout":"default","site-content-layout":"","ast-site-content-layout":"default","site-content-style":"default","site-sidebar-style":"default","ast-global-header-display":"","ast-banner-title-visibility":"","ast-main-header-display":"","ast-hfb-above-header-display":"","ast-hfb-below-header-display":"","ast-hfb-mobile-header-display":"","site-post-title":"","ast-breadcrumbs-content":"","ast-featured-img":"","footer-sml-layout":"","ast-disable-related-posts":"","theme-transparent-header-meta":"default","adv-header-id-meta":"","stick-header-meta":"","header-above-stick-meta":"","header-main-stick-meta":"","header-below-stick-meta":"","astra-migrate-meta-layouts":"set","ast-page-background-enabled":"default","ast-page-background-meta":{"desktop":{"background-color":"","background-image":"","background-repeat":"repeat","background-position":"center center","background-size":"auto","background-attachment":"scroll","background-type":"","background-media":"","overlay-type":"","overlay-color":"","overlay-opacity":"","overlay-gradient":""},"tablet":{"background-color":"","background-image":"","background-repeat":"repeat","background-position":"center center","background-size":"auto","background-attachment":"scroll","background-type":"","background-media":"","overlay-type":"","overlay-color":"","overlay-opacity":"","overlay-gradient":""},"mobile":{"background-color":"","background-image":"","background-repeat":"repeat","background-position":"center center","background-size":"auto","background-attachment":"scroll","background-type":"","background-media":"","overlay-type":"","overlay-color":"","overlay-opacity":"","overlay-gradient":""}},"ast-content-background-meta":{"desktop":{"background-color":"var(--ast-global-color-5)","background-image":"","background-repeat":"repeat","background-position":"center center","background-size":"auto","background-attachment":"scroll","background-type":"","background-media":"","overlay-type":"","overlay-color":"","overlay-opacity":"","overlay-gradient":""},"tablet":{"background-color":"var(--ast-global-color-5)","background-image":"","background-repeat":"repeat","background-position":"center center","background-size":"auto","background-attachment":"scroll","background-type":"","background-media":"","overlay-type":"","overlay-color":"","overlay-opacity":"","overlay-gradient":""},"mobile":{"background-color":"var(--ast-global-color-5)","background-image":"","background-repeat":"repeat","background-position":"center center","background-size":"auto","background-attachment":"scroll","background-type":"","background-media":"","overlay-type":"","overlay-color":"","overlay-opacity":"","overlay-gradient":""}}},"product_brand":[],"product_cat":[25],"product_tag":[],"class_list":{"0":"post-2219","1":"product","2":"type-product","3":"status-publish","4":"has-post-thumbnail","6":"product_cat-door-locks","7":"desktop-align-left","8":"tablet-align-left","9":"mobile-align-left","11":"first","12":"instock","13":"shipping-taxable","14":"product-type-simple"},"_links":{"self":[{"href":"https:\/\/govelocks.com\/vi\/wp-json\/wp\/v2\/product\/2219","targetHints":{"allow":["GET"]}}],"collection":[{"href":"https:\/\/govelocks.com\/vi\/wp-json\/wp\/v2\/product"}],"about":[{"href":"https:\/\/govelocks.com\/vi\/wp-json\/wp\/v2\/types\/product"}],"wp:featuredmedia":[{"embeddable":true,"href":"https:\/\/govelocks.com\/vi\/wp-json\/wp\/v2\/media\/2220"}],"wp:attachment":[{"href":"https:\/\/govelocks.com\/vi\/wp-json\/wp\/v2\/media?parent=2219"}],"wp:term":[{"taxonomy":"product_brand","embeddable":true,"href":"https:\/\/govelocks.com\/vi\/wp-json\/wp\/v2\/product_brand?post=2219"},{"taxonomy":"product_cat","embeddable":true,"href":"https:\/\/govelocks.com\/vi\/wp-json\/wp\/v2\/product_cat?post=2219"},{"taxonomy":"product_tag","embeddable":true,"href":"https:\/\/govelocks.com\/vi\/wp-json\/wp\/v2\/product_tag?post=2219"}],"curies":[{"name":"wp","href":"https:\/\/api.w.org\/{rel}","templated":true}]}}