{"id":2213,"date":"2026-03-18T08:05:53","date_gmt":"2026-03-18T08:05:53","guid":{"rendered":"https:\/\/govelocks.com\/?post_type=product&#038;p=2213"},"modified":"2026-03-18T10:11:11","modified_gmt":"2026-03-18T10:11:11","slug":"gove-s22-33-door-lock","status":"publish","type":"product","link":"https:\/\/govelocks.com\/vi\/gove-s22-33-door-lock\/","title":{"rendered":"Kh\u00f3a c\u1eeda Gove S22-33 \u2013 Tay n\u1eafm nh\u00f4m v\u1edbi kh\u00f3a ch\u1ed1t ch\u1ebft 50725058"},"content":{"rendered":"<p data-start=\"412\" data-end=\"542\">H\u1ec7 th\u1ed1ng <strong data-start=\"416\" data-end=\"441\">Kh\u00f3a C\u1eeda Gove S22-33<\/strong> \u0111\u01b0\u1ee3c thi\u1ebft k\u1ebf \u0111\u1ec3 b\u1ec1n b\u1ec9, \u0111\u00e1ng tin c\u1eady v\u00e0 phong c\u00e1ch, ph\u00f9 h\u1ee3p cho c\u1eeda nh\u00e0 \u1edf v\u00e0 th\u01b0\u01a1ng m\u1ea1i:<\/p>\n<ul data-start=\"544\" data-end=\"1036\">\n<li data-section-id=\"2qmf14\" data-start=\"544\" data-end=\"620\">\n<p data-start=\"546\" data-end=\"620\"><strong data-start=\"546\" data-end=\"571\">Lo\u1ea1i c\u1eeda \u00e1p d\u1ee5ng:<\/strong> C\u1eeda g\u1ed7 d\u00e0y t\u1eeb 35mm \u0111\u1ebfn 50mm.<\/p>\n<\/li>\n<li data-section-id=\"1yytkg3\" data-start=\"621\" data-end=\"690\">\n<p data-start=\"623\" data-end=\"690\"><strong data-start=\"623\" data-end=\"643\">Ch\u1ea5t li\u1ec7u tay n\u1eafm:<\/strong> Nh\u00f4m cho \u0111\u1ed9 b\u1ec1n v\u00e0 v\u1ebb ngo\u00e0i hi\u1ec7n \u0111\u1ea1i.<\/p>\n<\/li>\n<li data-section-id=\"iqr0aq\" data-start=\"691\" data-end=\"773\">\n<p data-start=\"693\" data-end=\"773\"><strong data-start=\"693\" data-end=\"712\">Ho\u00e0n thi\u1ec7n b\u1ec1 m\u1eb7t:<\/strong> M\u1ea1 \u0111i\u1ec7n ch\u1ed1ng \u0103n m\u00f2n v\u00e0 t\u1ea1o v\u1ebb ngo\u00e0i cao c\u1ea5p.<\/p>\n<\/li>\n<li data-section-id=\"1yxlw73\" data-start=\"774\" data-end=\"856\">\n<p data-start=\"776\" data-end=\"856\"><strong data-start=\"776\" data-end=\"790\">Th\u00e2n kh\u00f3a:<\/strong> Kh\u00f3a ch\u1ed1t ch\u1ebft 5072 ho\u1eb7c 5058 (t\u00f9y ch\u1ecdn) \u0111\u1ec3 l\u1eafp \u0111\u1eb7t linh ho\u1ea1t.<\/p>\n<\/li>\n<li data-section-id=\"1ulrame\" data-start=\"857\" data-end=\"930\">\n<p data-start=\"859\" data-end=\"930\"><strong data-start=\"859\" data-end=\"877\">Xi lanh kh\u00f3a:<\/strong> Xi lanh ch\u00eca kho\u00e1 \u0111\u1ed3ng 3 ch\u00eca \u0111\u1ec3 truy c\u1eadp an to\u00e0n.<\/p>\n<\/li>\n<li data-section-id=\"17e8zri\" data-start=\"931\" data-end=\"1036\">\n<p data-start=\"933\" data-end=\"1036\"><strong data-start=\"933\" data-end=\"952\">Thi\u1ebft K\u1ebf B\u1ec1n B\u1ec9:<\/strong> \u0110\u1ea3m b\u1ea3o hi\u1ec7u su\u1ea5t l\u00e2u d\u00e0i v\u00e0 an ninh cho nh\u00e0 \u1edf, v\u0103n ph\u00f2ng v\u00e0 c\u0103n h\u1ed9.<\/p>\n<\/li>\n<\/ul>\n<p data-start=\"1038\" data-end=\"1194\">Gove S22-33 mang \u0111\u1ebfn s\u1ef1 k\u1ebft h\u1ee3p c\u1ee7a <strong data-start=\"1078\" data-end=\"1142\">an to\u00e0n \u0111\u00e1ng tin c\u1eady, thi\u1ebft k\u1ebf tinh t\u1ebf v\u00e0 l\u1eafp \u0111\u1eb7t linh ho\u1ea1t<\/strong>, l\u00fd t\u01b0\u1edfng cho nhi\u1ec1u \u1ee9ng d\u1ee5ng c\u1eeda g\u1ed7 kh\u00e1c nhau.<\/p>","protected":false},"excerpt":{"rendered":"<p>Gove S22-33 ph\u00f9 h\u1ee3p v\u1edbi c\u1eeda g\u1ed7 (d\u00e0y 35\u201350mm) v\u1edbi tay n\u1eafm nh\u00f4m, ho\u00e0n thi\u1ec7n m\u1ea1 \u0111i\u1ec7n, t\u00f9y ch\u1ecdn kh\u00f3a ch\u1ed1t 5072\/5058, v\u00e0 xi-lanh ch\u00eca kh\u00f3a \u0111\u1ed3ng an to\u00e0n 3 ch\u00eca.<\/p>","protected":false},"featured_media":2214,"template":"","meta":{"site-sidebar-layout":"default","site-content-layout":"","ast-site-content-layout":"default","site-content-style":"default","site-sidebar-style":"default","ast-global-header-display":"","ast-banner-title-visibility":"","ast-main-header-display":"","ast-hfb-above-header-display":"","ast-hfb-below-header-display":"","ast-hfb-mobile-header-display":"","site-post-title":"","ast-breadcrumbs-content":"","ast-featured-img":"","footer-sml-layout":"","ast-disable-related-posts":"","theme-transparent-header-meta":"default","adv-header-id-meta":"","stick-header-meta":"","header-above-stick-meta":"","header-main-stick-meta":"","header-below-stick-meta":"","astra-migrate-meta-layouts":"set","ast-page-background-enabled":"default","ast-page-background-meta":{"desktop":{"background-color":"","background-image":"","background-repeat":"repeat","background-position":"center center","background-size":"auto","background-attachment":"scroll","background-type":"","background-media":"","overlay-type":"","overlay-color":"","overlay-opacity":"","overlay-gradient":""},"tablet":{"background-color":"","background-image":"","background-repeat":"repeat","background-position":"center center","background-size":"auto","background-attachment":"scroll","background-type":"","background-media":"","overlay-type":"","overlay-color":"","overlay-opacity":"","overlay-gradient":""},"mobile":{"background-color":"","background-image":"","background-repeat":"repeat","background-position":"center center","background-size":"auto","background-attachment":"scroll","background-type":"","background-media":"","overlay-type":"","overlay-color":"","overlay-opacity":"","overlay-gradient":""}},"ast-content-background-meta":{"desktop":{"background-color":"var(--ast-global-color-5)","background-image":"","background-repeat":"repeat","background-position":"center center","background-size":"auto","background-attachment":"scroll","background-type":"","background-media":"","overlay-type":"","overlay-color":"","overlay-opacity":"","overlay-gradient":""},"tablet":{"background-color":"var(--ast-global-color-5)","background-image":"","background-repeat":"repeat","background-position":"center center","background-size":"auto","background-attachment":"scroll","background-type":"","background-media":"","overlay-type":"","overlay-color":"","overlay-opacity":"","overlay-gradient":""},"mobile":{"background-color":"var(--ast-global-color-5)","background-image":"","background-repeat":"repeat","background-position":"center center","background-size":"auto","background-attachment":"scroll","background-type":"","background-media":"","overlay-type":"","overlay-color":"","overlay-opacity":"","overlay-gradient":""}}},"product_brand":[],"product_cat":[25],"product_tag":[],"class_list":{"0":"post-2213","1":"product","2":"type-product","3":"status-publish","4":"has-post-thumbnail","6":"product_cat-door-locks","7":"desktop-align-left","8":"tablet-align-left","9":"mobile-align-left","11":"first","12":"instock","13":"shipping-taxable","14":"product-type-simple"},"_links":{"self":[{"href":"https:\/\/govelocks.com\/vi\/wp-json\/wp\/v2\/product\/2213","targetHints":{"allow":["GET"]}}],"collection":[{"href":"https:\/\/govelocks.com\/vi\/wp-json\/wp\/v2\/product"}],"about":[{"href":"https:\/\/govelocks.com\/vi\/wp-json\/wp\/v2\/types\/product"}],"wp:featuredmedia":[{"embeddable":true,"href":"https:\/\/govelocks.com\/vi\/wp-json\/wp\/v2\/media\/2214"}],"wp:attachment":[{"href":"https:\/\/govelocks.com\/vi\/wp-json\/wp\/v2\/media?parent=2213"}],"wp:term":[{"taxonomy":"product_brand","embeddable":true,"href":"https:\/\/govelocks.com\/vi\/wp-json\/wp\/v2\/product_brand?post=2213"},{"taxonomy":"product_cat","embeddable":true,"href":"https:\/\/govelocks.com\/vi\/wp-json\/wp\/v2\/product_cat?post=2213"},{"taxonomy":"product_tag","embeddable":true,"href":"https:\/\/govelocks.com\/vi\/wp-json\/wp\/v2\/product_tag?post=2213"}],"curies":[{"name":"wp","href":"https:\/\/api.w.org\/{rel}","templated":true}]}}