{"id":2210,"date":"2026-03-18T07:42:23","date_gmt":"2026-03-18T07:42:23","guid":{"rendered":"https:\/\/govelocks.com\/?post_type=product&#038;p=2210"},"modified":"2026-03-18T10:11:02","modified_gmt":"2026-03-18T10:11:02","slug":"gove-s22-36-door-lock","status":"publish","type":"product","link":"https:\/\/govelocks.com\/vi\/gove-s22-36-door-lock\/","title":{"rendered":"Kh\u00f3a c\u1eeda Gove S22-36 \u2013 Tay n\u1eafm nh\u00f4m v\u1edbi kh\u00f3a ch\u1ed1t ch\u1ebft 5072\/5058"},"content":{"rendered":"<p data-start=\"444\" data-end=\"563\">H\u1ec7 th\u1ed1ng <strong data-start=\"448\" data-end=\"473\">Gove S22-36 Door Lock<\/strong> combines durability, style, and reliable security for residential and commercial doors:<\/p>\n<ul data-start=\"565\" data-end=\"1067\">\n<li data-section-id=\"2qmf14\" data-start=\"565\" data-end=\"641\">\n<p data-start=\"567\" data-end=\"641\"><strong data-start=\"567\" data-end=\"592\">Lo\u1ea1i c\u1eeda \u00e1p d\u1ee5ng:<\/strong> C\u1eeda g\u1ed7 d\u00e0y t\u1eeb 35mm \u0111\u1ebfn 50mm.<\/p>\n<\/li>\n<li data-section-id=\"1fjls88\" data-start=\"642\" data-end=\"710\">\n<p data-start=\"644\" data-end=\"710\"><strong data-start=\"644\" data-end=\"664\">Ch\u1ea5t li\u1ec7u tay n\u1eafm:<\/strong> Aluminum for strength and sleek appearance.<\/p>\n<\/li>\n<li data-section-id=\"qd6vb6\" data-start=\"711\" data-end=\"793\">\n<p data-start=\"713\" data-end=\"793\"><strong data-start=\"713\" data-end=\"732\">Ho\u00e0n thi\u1ec7n b\u1ec1 m\u1eb7t:<\/strong> M\u1ea1 \u0111i\u1ec7n ch\u1ed1ng \u0103n m\u00f2n v\u00e0 t\u1ea1o v\u1ebb ngo\u00e0i cao c\u1ea5p.<\/p>\n<\/li>\n<li data-section-id=\"1yxlw73\" data-start=\"794\" data-end=\"876\">\n<p data-start=\"796\" data-end=\"876\"><strong data-start=\"796\" data-end=\"810\">Th\u00e2n kh\u00f3a:<\/strong> Kh\u00f3a ch\u1ed1t ch\u1ebft 5072 ho\u1eb7c 5058 (t\u00f9y ch\u1ecdn) \u0111\u1ec3 l\u1eafp \u0111\u1eb7t linh ho\u1ea1t.<\/p>\n<\/li>\n<li data-section-id=\"1ulrame\" data-start=\"877\" data-end=\"950\">\n<p data-start=\"879\" data-end=\"950\"><strong data-start=\"879\" data-end=\"897\">Xi lanh kh\u00f3a:<\/strong> Xi lanh ch\u00eca kho\u00e1 \u0111\u1ed3ng 3 ch\u00eca \u0111\u1ec3 truy c\u1eadp an to\u00e0n.<\/p>\n<\/li>\n<li data-section-id=\"1ullv68\" data-start=\"951\" data-end=\"1067\">\n<p data-start=\"953\" data-end=\"1067\"><strong data-start=\"953\" data-end=\"978\">Thi\u1ebft k\u1ebf &amp; \u0111\u1ed9 tin c\u1eady:<\/strong> K\u1ebft c\u1ea5u ch\u1eafc ch\u1eafn \u0111\u1ea3m b\u1ea3o hi\u1ec7u su\u1ea5t l\u00e2u d\u00e0i cho nh\u00e0 \u1edf, v\u0103n ph\u00f2ng v\u00e0 c\u0103n h\u1ed9.<\/p>\n<\/li>\n<\/ul>\n<p data-start=\"1069\" data-end=\"1219\">The Gove S22-36 provides a perfect combination of <strong data-start=\"1119\" data-end=\"1167\">functionality, durability, and modern design<\/strong>, l\u00fd t\u01b0\u1edfng cho nhi\u1ec1u \u1ee9ng d\u1ee5ng c\u1eeda g\u1ed7 kh\u00e1c nhau.<\/p>","protected":false},"excerpt":{"rendered":"<p>Gove S22-36 ph\u00f9 h\u1ee3p cho c\u1eeda g\u1ed7 (d\u00e0y 35\u201350mm), c\u00f3 tay c\u1ea7m b\u1eb1ng nh\u00f4m, l\u1edbp ho\u00e0n thi\u1ec7n \u0111i\u1ec7n ph\u00e2n, kh\u00f3a ch\u1ed1t 5072\/5058 t\u00f9y ch\u1ecdn, v\u00e0 xi lanh \u0111\u1ed3ng 3 ch\u00eca kh\u00f3a \u0111\u1ec3 \u0111\u1ea3m b\u1ea3o an ninh \u0111\u00e1ng tin c\u1eady.<\/p>","protected":false},"featured_media":2212,"template":"","meta":{"site-sidebar-layout":"default","site-content-layout":"","ast-site-content-layout":"default","site-content-style":"default","site-sidebar-style":"default","ast-global-header-display":"","ast-banner-title-visibility":"","ast-main-header-display":"","ast-hfb-above-header-display":"","ast-hfb-below-header-display":"","ast-hfb-mobile-header-display":"","site-post-title":"","ast-breadcrumbs-content":"","ast-featured-img":"","footer-sml-layout":"","ast-disable-related-posts":"","theme-transparent-header-meta":"default","adv-header-id-meta":"","stick-header-meta":"","header-above-stick-meta":"","header-main-stick-meta":"","header-below-stick-meta":"","astra-migrate-meta-layouts":"set","ast-page-background-enabled":"default","ast-page-background-meta":{"desktop":{"background-color":"","background-image":"","background-repeat":"repeat","background-position":"center center","background-size":"auto","background-attachment":"scroll","background-type":"","background-media":"","overlay-type":"","overlay-color":"","overlay-opacity":"","overlay-gradient":""},"tablet":{"background-color":"","background-image":"","background-repeat":"repeat","background-position":"center center","background-size":"auto","background-attachment":"scroll","background-type":"","background-media":"","overlay-type":"","overlay-color":"","overlay-opacity":"","overlay-gradient":""},"mobile":{"background-color":"","background-image":"","background-repeat":"repeat","background-position":"center center","background-size":"auto","background-attachment":"scroll","background-type":"","background-media":"","overlay-type":"","overlay-color":"","overlay-opacity":"","overlay-gradient":""}},"ast-content-background-meta":{"desktop":{"background-color":"var(--ast-global-color-5)","background-image":"","background-repeat":"repeat","background-position":"center center","background-size":"auto","background-attachment":"scroll","background-type":"","background-media":"","overlay-type":"","overlay-color":"","overlay-opacity":"","overlay-gradient":""},"tablet":{"background-color":"var(--ast-global-color-5)","background-image":"","background-repeat":"repeat","background-position":"center center","background-size":"auto","background-attachment":"scroll","background-type":"","background-media":"","overlay-type":"","overlay-color":"","overlay-opacity":"","overlay-gradient":""},"mobile":{"background-color":"var(--ast-global-color-5)","background-image":"","background-repeat":"repeat","background-position":"center center","background-size":"auto","background-attachment":"scroll","background-type":"","background-media":"","overlay-type":"","overlay-color":"","overlay-opacity":"","overlay-gradient":""}}},"product_brand":[],"product_cat":[25],"product_tag":[],"class_list":{"0":"post-2210","1":"product","2":"type-product","3":"status-publish","4":"has-post-thumbnail","6":"product_cat-door-locks","7":"desktop-align-left","8":"tablet-align-left","9":"mobile-align-left","11":"first","12":"instock","13":"shipping-taxable","14":"product-type-simple"},"_links":{"self":[{"href":"https:\/\/govelocks.com\/vi\/wp-json\/wp\/v2\/product\/2210","targetHints":{"allow":["GET"]}}],"collection":[{"href":"https:\/\/govelocks.com\/vi\/wp-json\/wp\/v2\/product"}],"about":[{"href":"https:\/\/govelocks.com\/vi\/wp-json\/wp\/v2\/types\/product"}],"wp:featuredmedia":[{"embeddable":true,"href":"https:\/\/govelocks.com\/vi\/wp-json\/wp\/v2\/media\/2212"}],"wp:attachment":[{"href":"https:\/\/govelocks.com\/vi\/wp-json\/wp\/v2\/media?parent=2210"}],"wp:term":[{"taxonomy":"product_brand","embeddable":true,"href":"https:\/\/govelocks.com\/vi\/wp-json\/wp\/v2\/product_brand?post=2210"},{"taxonomy":"product_cat","embeddable":true,"href":"https:\/\/govelocks.com\/vi\/wp-json\/wp\/v2\/product_cat?post=2210"},{"taxonomy":"product_tag","embeddable":true,"href":"https:\/\/govelocks.com\/vi\/wp-json\/wp\/v2\/product_tag?post=2210"}],"curies":[{"name":"wp","href":"https:\/\/api.w.org\/{rel}","templated":true}]}}