{"id":2206,"date":"2026-03-18T07:11:12","date_gmt":"2026-03-18T07:11:12","guid":{"rendered":"https:\/\/govelocks.com\/?post_type=product&#038;p=2206"},"modified":"2026-03-18T07:11:13","modified_gmt":"2026-03-18T07:11:13","slug":"gove-a8016-smart-door-lock","status":"publish","type":"product","link":"https:\/\/govelocks.com\/vi\/gove-a8016-smart-door-lock\/","title":{"rendered":"Gove A8016 Kh\u00f3a c\u1eeda th\u00f4ng minh \u2013 V\u00e2n tay, m\u1eadt kh\u1ea9u, th\u1ebb, ch\u00eca kh\u00f3a, Nh\u1eadn di\u1ec7n khu\u00f4n m\u1eb7t 3D &amp; T\u0129nh m\u1ea1ch l\u00f2ng b\u00e0n tay"},"content":{"rendered":"<p data-start=\"428\" data-end=\"539\">H\u1ec7 th\u1ed1ng <strong data-start=\"432\" data-end=\"457\">Kh\u00f3a Th\u00f4ng Minh Gove A8016<\/strong> mang \u0111\u1ebfn c\u00f4ng ngh\u1ec7 ti\u00ean ti\u1ebfn, s\u1ef1 ti\u1ec7n l\u1ee3i t\u1ed1i \u0111a v\u00e0 an ninh h\u00e0ng \u0111\u1ea7u:<\/p>\n<ul data-start=\"541\" data-end=\"1270\">\n<li data-section-id=\"1pyg656\" data-start=\"541\" data-end=\"681\">\n<p data-start=\"543\" data-end=\"681\"><strong data-start=\"543\" data-end=\"570\">C\u00e1c ph\u01b0\u01a1ng ph\u00e1p m\u1edf kh\u00f3a \u0111a d\u1ea1ng:<\/strong> Nh\u1eadn d\u1ea1ng v\u00e2n tay, m\u1eadt kh\u1ea9u, th\u1ebb, ch\u00eca kh\u00f3a, nh\u1eadn d\u1ea1ng khu\u00f4n m\u1eb7t 3D, t\u0129nh m\u1ea1ch l\u00f2ng b\u00e0n tay, m\u1edf kh\u00f3a t\u1eeb xa v\u00e0 m\u1eadt kh\u1ea9u t\u1ea1m th\u1eddi.<\/p>\n<\/li>\n<li data-section-id=\"q3sre1\" data-start=\"682\" data-end=\"750\">\n<p data-start=\"684\" data-end=\"750\"><strong data-start=\"684\" data-end=\"706\">Kh\u00f3a t\u1ef1 \u0111\u1ed9ng:<\/strong> \u0110\u1ea3m b\u1ea3o c\u1eeda lu\u00f4n \u0111\u01b0\u1ee3c kh\u00f3a an to\u00e0n.<\/p>\n<\/li>\n<li data-section-id=\"hxex7f\" data-start=\"751\" data-end=\"847\">\n<p data-start=\"753\" data-end=\"847\"><strong data-start=\"753\" data-end=\"804\">Hi\u1ec3n th\u1ecb LED &amp; C\u1ea3m bi\u1ebfn D\u1ea5u v\u00e2n tay B\u00e1n d\u1eabn:<\/strong> Giao di\u1ec7n r\u00f5 r\u00e0ng v\u00e0 nh\u1eadn di\u1ec7n ch\u00ednh x\u00e1c.<\/p>\n<\/li>\n<li data-section-id=\"1girsk2\" data-start=\"848\" data-end=\"931\">\n<p data-start=\"850\" data-end=\"931\"><strong data-start=\"850\" data-end=\"896\">Nh\u1eadp M\u1eadt Kh\u1ea9u Ch\u1ea1m V\u1edbi Ch\u1ee9c N\u0103ng Ch\u1ed1ng Nh\u00ecn Tr\u1ed9m:<\/strong> B\u1ea3o v\u1ec7 ch\u1ed1ng tr\u1ed9m m\u1eadt kh\u1ea9u.<\/p>\n<\/li>\n<li data-section-id=\"1oay2h2\" data-start=\"932\" data-end=\"1007\">\n<p data-start=\"934\" data-end=\"1007\"><strong data-start=\"934\" data-end=\"963\">Ch\u1ee9c N\u0103ng Truy C\u1eadp B\u1eb1ng Th\u1ebb M\u1ed9t Ch\u1ea5n:<\/strong> \u0110\u01a1n gi\u1ea3n h\u00f3a qu\u1ea3n l\u00fd cho nhi\u1ec1u ng\u01b0\u1eddi d\u00f9ng.<\/p>\n<\/li>\n<li data-section-id=\"jumc8u\" data-start=\"1008\" data-end=\"1086\">\n<p data-start=\"1010\" data-end=\"1086\"><strong data-start=\"1010\" data-end=\"1036\">H\u01b0\u1edbng D\u1eabn B\u1eb1ng Gi\u1ecdng N\u00f3i:<\/strong> H\u01b0\u1edbng d\u1eabn \u00e2m thanh theo th\u1eddi gian th\u1ef1c \u0111\u1ec3 s\u1eed d\u1ee5ng tr\u1ef1c quan.<\/p>\n<\/li>\n<li data-section-id=\"191ae9d\" data-start=\"1087\" data-end=\"1166\">\n<p data-start=\"1089\" data-end=\"1166\"><strong data-start=\"1089\" data-end=\"1125\">Giao Di\u1ec7n Ngu\u1ed3n Ngo\u00e0i D\u1ef1 Ph\u00f2ng:<\/strong> Ng\u0103n ch\u1eb7n b\u1ecb kh\u00f3a c\u1eeda do m\u1ea5t \u0111i\u1ec7n.<\/p>\n<\/li>\n<li data-section-id=\"wg544k\" data-start=\"1167\" data-end=\"1270\">\n<p data-start=\"1169\" data-end=\"1270\"><strong data-start=\"1169\" data-end=\"1191\">C\u00e1c T\u00ednh N\u0103ng An Ninh:<\/strong> Ch\u1ebf \u0111\u1ed9 ng\u1ee7 sau nhi\u1ec1u l\u1ea7n nh\u1eadp sai m\u1eadt kh\u1ea9u li\u00ean ti\u1ebfp v\u00e0 c\u1ea3nh b\u00e1o pin y\u1ebfu.<\/p>\n<\/li>\n<\/ul>\n<p data-start=\"1272\" data-end=\"1434\">L\u00fd t\u01b0\u1edfng cho <strong data-start=\"1282\" data-end=\"1330\">nh\u00e0 \u1edf, v\u0103n ph\u00f2ng v\u00e0 c\u0103n h\u1ed9 c\u00f3 m\u1ee9c \u0111\u1ed9 an ninh cao<\/strong>, Gove A8016 k\u1ebft h\u1ee3p <strong data-start=\"1356\" data-end=\"1407\">c\u00f4ng ngh\u1ec7 sinh tr\u1eafc h\u1ecdc ti\u00ean ti\u1ebfn v\u00e0 c\u00f4ng ngh\u1ec7 truy c\u1eadp th\u00f4ng minh<\/strong> \u0111\u1ec3 b\u1ea3o v\u1ec7 \u0111\u00e1ng tin c\u1eady.<\/p>","protected":false},"excerpt":{"rendered":"<p data-start=\"234\" data-end=\"389\">Gove A8016 cung c\u1ea5p ph\u01b0\u01a1ng th\u1ee9c m\u1edf kh\u00f3a \u0111a d\u1ea1ng, t\u1ef1 \u0111\u1ed9ng kh\u00f3a, m\u1eadt kh\u1ea9u ch\u1ed1ng nh\u00ecn tr\u1ed9m, h\u01b0\u1edbng d\u1eabn b\u1eb1ng gi\u1ecdng n\u00f3i v\u00e0 hi\u1ec3n th\u1ecb LED \u0111\u1ec3 \u0111\u1ea3m b\u1ea3o an ninh v\u00e0 ti\u1ec7n l\u1ee3i cao c\u1ea5p.<\/p>","protected":false},"featured_media":2207,"template":"","meta":{"site-sidebar-layout":"default","site-content-layout":"","ast-site-content-layout":"default","site-content-style":"default","site-sidebar-style":"default","ast-global-header-display":"","ast-banner-title-visibility":"","ast-main-header-display":"","ast-hfb-above-header-display":"","ast-hfb-below-header-display":"","ast-hfb-mobile-header-display":"","site-post-title":"","ast-breadcrumbs-content":"","ast-featured-img":"","footer-sml-layout":"","ast-disable-related-posts":"","theme-transparent-header-meta":"default","adv-header-id-meta":"","stick-header-meta":"","header-above-stick-meta":"","header-main-stick-meta":"","header-below-stick-meta":"","astra-migrate-meta-layouts":"set","ast-page-background-enabled":"default","ast-page-background-meta":{"desktop":{"background-color":"","background-image":"","background-repeat":"repeat","background-position":"center center","background-size":"auto","background-attachment":"scroll","background-type":"","background-media":"","overlay-type":"","overlay-color":"","overlay-opacity":"","overlay-gradient":""},"tablet":{"background-color":"","background-image":"","background-repeat":"repeat","background-position":"center center","background-size":"auto","background-attachment":"scroll","background-type":"","background-media":"","overlay-type":"","overlay-color":"","overlay-opacity":"","overlay-gradient":""},"mobile":{"background-color":"","background-image":"","background-repeat":"repeat","background-position":"center center","background-size":"auto","background-attachment":"scroll","background-type":"","background-media":"","overlay-type":"","overlay-color":"","overlay-opacity":"","overlay-gradient":""}},"ast-content-background-meta":{"desktop":{"background-color":"var(--ast-global-color-5)","background-image":"","background-repeat":"repeat","background-position":"center center","background-size":"auto","background-attachment":"scroll","background-type":"","background-media":"","overlay-type":"","overlay-color":"","overlay-opacity":"","overlay-gradient":""},"tablet":{"background-color":"var(--ast-global-color-5)","background-image":"","background-repeat":"repeat","background-position":"center center","background-size":"auto","background-attachment":"scroll","background-type":"","background-media":"","overlay-type":"","overlay-color":"","overlay-opacity":"","overlay-gradient":""},"mobile":{"background-color":"var(--ast-global-color-5)","background-image":"","background-repeat":"repeat","background-position":"center center","background-size":"auto","background-attachment":"scroll","background-type":"","background-media":"","overlay-type":"","overlay-color":"","overlay-opacity":"","overlay-gradient":""}}},"product_brand":[],"product_cat":[26],"product_tag":[],"class_list":{"0":"post-2206","1":"product","2":"type-product","3":"status-publish","4":"has-post-thumbnail","6":"product_cat-smart-door-locks","7":"desktop-align-left","8":"tablet-align-left","9":"mobile-align-left","11":"first","12":"instock","13":"shipping-taxable","14":"product-type-simple"},"_links":{"self":[{"href":"https:\/\/govelocks.com\/vi\/wp-json\/wp\/v2\/product\/2206","targetHints":{"allow":["GET"]}}],"collection":[{"href":"https:\/\/govelocks.com\/vi\/wp-json\/wp\/v2\/product"}],"about":[{"href":"https:\/\/govelocks.com\/vi\/wp-json\/wp\/v2\/types\/product"}],"wp:featuredmedia":[{"embeddable":true,"href":"https:\/\/govelocks.com\/vi\/wp-json\/wp\/v2\/media\/2207"}],"wp:attachment":[{"href":"https:\/\/govelocks.com\/vi\/wp-json\/wp\/v2\/media?parent=2206"}],"wp:term":[{"taxonomy":"product_brand","embeddable":true,"href":"https:\/\/govelocks.com\/vi\/wp-json\/wp\/v2\/product_brand?post=2206"},{"taxonomy":"product_cat","embeddable":true,"href":"https:\/\/govelocks.com\/vi\/wp-json\/wp\/v2\/product_cat?post=2206"},{"taxonomy":"product_tag","embeddable":true,"href":"https:\/\/govelocks.com\/vi\/wp-json\/wp\/v2\/product_tag?post=2206"}],"curies":[{"name":"wp","href":"https:\/\/api.w.org\/{rel}","templated":true}]}}