{"id":2204,"date":"2026-03-18T07:03:13","date_gmt":"2026-03-18T07:03:13","guid":{"rendered":"https:\/\/govelocks.com\/?post_type=product&#038;p=2204"},"modified":"2026-03-18T07:06:29","modified_gmt":"2026-03-18T07:06:29","slug":"gove-a8001-smart-door-lock","status":"publish","type":"product","link":"https:\/\/govelocks.com\/vi\/gove-a8001-smart-door-lock\/","title":{"rendered":"Gove A8001 Kh\u00f3a c\u1eeda th\u00f4ng minh \u2013 V\u00e2n tay, m\u1eadt kh\u1ea9u, th\u1ebb, ch\u00eca kh\u00f3a &amp; Nh\u1eadn di\u1ec7n khu\u00f4n m\u1eb7t 3D"},"content":{"rendered":"<p data-start=\"416\" data-end=\"508\">H\u1ec7 th\u1ed1ng <strong data-start=\"420\" data-end=\"445\">Kh\u00f3a Th\u00f4ng Minh Gove A8001<\/strong> k\u1ebft h\u1ee3p c\u00f4ng ngh\u1ec7 ti\u00ean ti\u1ebfn, ti\u1ec7n l\u1ee3i v\u00e0 an ninh:<\/p>\n<ul data-start=\"510\" data-end=\"1222\">\n<li data-section-id=\"1n1c5u\" data-start=\"510\" data-end=\"639\">\n<p data-start=\"512\" data-end=\"639\"><strong data-start=\"512\" data-end=\"539\">C\u00e1c ph\u01b0\u01a1ng ph\u00e1p m\u1edf kh\u00f3a \u0111a d\u1ea1ng:<\/strong> D\u1ea5u v\u00e2n tay, m\u1eadt kh\u1ea9u, th\u1ebb, ch\u00eca kh\u00f3a, nh\u1eadn di\u1ec7n khu\u00f4n m\u1eb7t 3D, m\u1edf kh\u00f3a t\u1eeb xa v\u00e0 m\u1eadt kh\u1ea9u t\u1ea1m th\u1eddi.<\/p>\n<\/li>\n<li data-section-id=\"2cnmi8\" data-start=\"640\" data-end=\"712\">\n<p data-start=\"642\" data-end=\"712\"><strong data-start=\"642\" data-end=\"664\">Kh\u00f3a t\u1ef1 \u0111\u1ed9ng:<\/strong> \u0110\u1ea3m b\u1ea3o c\u1eeda lu\u00f4n \u0111\u01b0\u1ee3c kh\u00f3a an to\u00e0n m\u1ed7i l\u1ea7n.<\/p>\n<\/li>\n<li data-section-id=\"hxex7f\" data-start=\"713\" data-end=\"809\">\n<p data-start=\"715\" data-end=\"809\"><strong data-start=\"715\" data-end=\"766\">Hi\u1ec3n th\u1ecb LED &amp; C\u1ea3m bi\u1ebfn D\u1ea5u v\u00e2n tay B\u00e1n d\u1eabn:<\/strong> Giao di\u1ec7n r\u00f5 r\u00e0ng v\u00e0 nh\u1eadn di\u1ec7n ch\u00ednh x\u00e1c.<\/p>\n<\/li>\n<li data-section-id=\"1girsk2\" data-start=\"810\" data-end=\"893\">\n<p data-start=\"812\" data-end=\"893\"><strong data-start=\"812\" data-end=\"858\">Nh\u1eadp M\u1eadt Kh\u1ea9u Ch\u1ea1m V\u1edbi Ch\u1ee9c N\u0103ng Ch\u1ed1ng Nh\u00ecn Tr\u1ed9m:<\/strong> B\u1ea3o v\u1ec7 ch\u1ed1ng tr\u1ed9m m\u1eadt kh\u1ea9u.<\/p>\n<\/li>\n<li data-section-id=\"14aueii\" data-start=\"894\" data-end=\"961\">\n<p data-start=\"896\" data-end=\"961\"><strong data-start=\"896\" data-end=\"925\">Ch\u1ee9c N\u0103ng Truy C\u1eadp B\u1eb1ng Th\u1ebb M\u1ed9t Ch\u1ea5n:<\/strong> \u0110\u01a1n gi\u1ea3n h\u00f3a qu\u1ea3n l\u00fd nhi\u1ec1u ng\u01b0\u1eddi d\u00f9ng.<\/p>\n<\/li>\n<li data-section-id=\"abs9pg\" data-start=\"962\" data-end=\"1038\">\n<p data-start=\"964\" data-end=\"1038\"><strong data-start=\"964\" data-end=\"990\">H\u01b0\u1edbng D\u1eabn B\u1eb1ng Gi\u1ecdng N\u00f3i:<\/strong> H\u01b0\u1edbng d\u1eabn \u00e2m thanh theo th\u1eddi gian th\u1ef1c gi\u00fap d\u1ec5 s\u1eed d\u1ee5ng.<\/p>\n<\/li>\n<li data-section-id=\"191ae9d\" data-start=\"1039\" data-end=\"1118\">\n<p data-start=\"1041\" data-end=\"1118\"><strong data-start=\"1041\" data-end=\"1077\">Giao Di\u1ec7n Ngu\u1ed3n Ngo\u00e0i D\u1ef1 Ph\u00f2ng:<\/strong> Ng\u0103n ch\u1eb7n b\u1ecb kh\u00f3a c\u1eeda do m\u1ea5t \u0111i\u1ec7n.<\/p>\n<\/li>\n<li data-section-id=\"wg544k\" data-start=\"1119\" data-end=\"1222\">\n<p data-start=\"1121\" data-end=\"1222\"><strong data-start=\"1121\" data-end=\"1143\">C\u00e1c T\u00ednh N\u0103ng An Ninh:<\/strong> Ch\u1ebf \u0111\u1ed9 ng\u1ee7 sau nhi\u1ec1u l\u1ea7n nh\u1eadp sai m\u1eadt kh\u1ea9u li\u00ean ti\u1ebfp v\u00e0 c\u1ea3nh b\u00e1o pin y\u1ebfu.<\/p>\n<\/li>\n<\/ul>\n<p data-start=\"1224\" data-end=\"1345\">L\u00fd t\u01b0\u1edfng cho nh\u00e0 \u1edf, c\u0103n h\u1ed9 v\u00e0 v\u0103n ph\u00f2ng, Gove A8001 cung c\u1ea5p <strong data-start=\"1290\" data-end=\"1342\">ki\u1ec3m so\u00e1t truy c\u1eadp ti\u00ean ti\u1ebfn, an to\u00e0n v\u00e0 th\u00f4ng minh<\/strong>.<\/p>","protected":false},"excerpt":{"rendered":"<p>Gove A8001 cung c\u1ea5p nhi\u1ec1u ph\u01b0\u01a1ng th\u1ee9c m\u1edf kh\u00f3a, kh\u00f3a t\u1ef1 \u0111\u1ed9ng, m\u1eadt kh\u1ea9u ch\u1ed1ng nh\u00ecn tr\u1ed9m, h\u01b0\u1edbng d\u1eabn b\u1eb1ng gi\u1ecdng n\u00f3i v\u00e0 m\u00e0n h\u00ecnh LED \u0111\u1ec3 truy c\u1eadp an to\u00e0n v\u00e0 ti\u1ec7n l\u1ee3i.<\/p>","protected":false},"featured_media":2205,"template":"","meta":{"site-sidebar-layout":"default","site-content-layout":"","ast-site-content-layout":"default","site-content-style":"default","site-sidebar-style":"default","ast-global-header-display":"","ast-banner-title-visibility":"","ast-main-header-display":"","ast-hfb-above-header-display":"","ast-hfb-below-header-display":"","ast-hfb-mobile-header-display":"","site-post-title":"","ast-breadcrumbs-content":"","ast-featured-img":"","footer-sml-layout":"","ast-disable-related-posts":"","theme-transparent-header-meta":"default","adv-header-id-meta":"","stick-header-meta":"","header-above-stick-meta":"","header-main-stick-meta":"","header-below-stick-meta":"","astra-migrate-meta-layouts":"set","ast-page-background-enabled":"default","ast-page-background-meta":{"desktop":{"background-color":"","background-image":"","background-repeat":"repeat","background-position":"center center","background-size":"auto","background-attachment":"scroll","background-type":"","background-media":"","overlay-type":"","overlay-color":"","overlay-opacity":"","overlay-gradient":""},"tablet":{"background-color":"","background-image":"","background-repeat":"repeat","background-position":"center center","background-size":"auto","background-attachment":"scroll","background-type":"","background-media":"","overlay-type":"","overlay-color":"","overlay-opacity":"","overlay-gradient":""},"mobile":{"background-color":"","background-image":"","background-repeat":"repeat","background-position":"center center","background-size":"auto","background-attachment":"scroll","background-type":"","background-media":"","overlay-type":"","overlay-color":"","overlay-opacity":"","overlay-gradient":""}},"ast-content-background-meta":{"desktop":{"background-color":"var(--ast-global-color-5)","background-image":"","background-repeat":"repeat","background-position":"center center","background-size":"auto","background-attachment":"scroll","background-type":"","background-media":"","overlay-type":"","overlay-color":"","overlay-opacity":"","overlay-gradient":""},"tablet":{"background-color":"var(--ast-global-color-5)","background-image":"","background-repeat":"repeat","background-position":"center center","background-size":"auto","background-attachment":"scroll","background-type":"","background-media":"","overlay-type":"","overlay-color":"","overlay-opacity":"","overlay-gradient":""},"mobile":{"background-color":"var(--ast-global-color-5)","background-image":"","background-repeat":"repeat","background-position":"center center","background-size":"auto","background-attachment":"scroll","background-type":"","background-media":"","overlay-type":"","overlay-color":"","overlay-opacity":"","overlay-gradient":""}}},"product_brand":[],"product_cat":[26],"product_tag":[],"class_list":{"0":"post-2204","1":"product","2":"type-product","3":"status-publish","4":"has-post-thumbnail","6":"product_cat-smart-door-locks","7":"desktop-align-left","8":"tablet-align-left","9":"mobile-align-left","11":"first","12":"instock","13":"shipping-taxable","14":"product-type-simple"},"_links":{"self":[{"href":"https:\/\/govelocks.com\/vi\/wp-json\/wp\/v2\/product\/2204","targetHints":{"allow":["GET"]}}],"collection":[{"href":"https:\/\/govelocks.com\/vi\/wp-json\/wp\/v2\/product"}],"about":[{"href":"https:\/\/govelocks.com\/vi\/wp-json\/wp\/v2\/types\/product"}],"wp:featuredmedia":[{"embeddable":true,"href":"https:\/\/govelocks.com\/vi\/wp-json\/wp\/v2\/media\/2205"}],"wp:attachment":[{"href":"https:\/\/govelocks.com\/vi\/wp-json\/wp\/v2\/media?parent=2204"}],"wp:term":[{"taxonomy":"product_brand","embeddable":true,"href":"https:\/\/govelocks.com\/vi\/wp-json\/wp\/v2\/product_brand?post=2204"},{"taxonomy":"product_cat","embeddable":true,"href":"https:\/\/govelocks.com\/vi\/wp-json\/wp\/v2\/product_cat?post=2204"},{"taxonomy":"product_tag","embeddable":true,"href":"https:\/\/govelocks.com\/vi\/wp-json\/wp\/v2\/product_tag?post=2204"}],"curies":[{"name":"wp","href":"https:\/\/api.w.org\/{rel}","templated":true}]}}