{"id":2200,"date":"2026-03-18T06:59:54","date_gmt":"2026-03-18T06:59:54","guid":{"rendered":"https:\/\/govelocks.com\/?post_type=product&#038;p=2200"},"modified":"2026-03-18T07:00:06","modified_gmt":"2026-03-18T07:00:06","slug":"gove-a6818-smart-door-lock","status":"publish","type":"product","link":"https:\/\/govelocks.com\/vi\/gove-a6818-smart-door-lock\/","title":{"rendered":"Gove A6818 Kh\u00f3a c\u1eeda th\u00f4ng minh \u2013 4 trong 1 v\u00e2n tay, m\u1eadt kh\u1ea9u, th\u1ebb &amp; ch\u00eca kh\u00f3a"},"content":{"rendered":"<p data-start=\"402\" data-end=\"498\">H\u1ec7 th\u1ed1ng <strong data-start=\"406\" data-end=\"431\">Kh\u00f3a Th\u00f4ng Minh Gove A6818<\/strong> k\u1ebft h\u1ee3p an ninh ti\u00ean ti\u1ebfn, ti\u1ec7n l\u1ee3i v\u00e0 thi\u1ebft k\u1ebf th\u00f4ng minh:<\/p>\n<ul data-start=\"500\" data-end=\"1255\">\n<li data-section-id=\"1hu7056\" data-start=\"500\" data-end=\"581\">\n<p data-start=\"502\" data-end=\"581\"><strong data-start=\"502\" data-end=\"523\">M\u1edf Kh\u00f3a 4 Trong 1:<\/strong> Nh\u1eadn d\u1ea1ng v\u00e2n tay, m\u1eadt kh\u1ea9u, th\u1ebb v\u00e0 ch\u00eca kh\u00f3a c\u01a1 h\u1ecdc.<\/p>\n<\/li>\n<li data-section-id=\"58fwbl\" data-start=\"582\" data-end=\"654\">\n<p data-start=\"584\" data-end=\"654\"><strong data-start=\"584\" data-end=\"618\">C\u01a1 Ch\u1ebf Kh\u00f3a N\u00e2ng Tay C\u1ea7m:<\/strong> V\u1eadn h\u00e0nh c\u1eeda m\u01b0\u1ee3t m\u00e0 v\u00e0 an to\u00e0n.<\/p>\n<\/li>\n<li data-section-id=\"f7xy6u\" data-start=\"655\" data-end=\"726\">\n<p data-start=\"657\" data-end=\"726\"><strong data-start=\"657\" data-end=\"694\">C\u1ea3m Bi\u1ebfn V\u00e2n Tay B\u00e1n D\u1eabn Semiconductor:<\/strong> Nh\u1eadn di\u1ec7n nhanh v\u00e0 ch\u00ednh x\u00e1c.<\/p>\n<\/li>\n<li data-section-id=\"1jrhhdo\" data-start=\"727\" data-end=\"821\">\n<p data-start=\"729\" data-end=\"821\"><strong data-start=\"729\" data-end=\"775\">Nh\u1eadp M\u1eadt Kh\u1ea9u Ch\u1ea1m V\u1edbi Ch\u1ee9c N\u0103ng Ch\u1ed1ng Nh\u00ecn Tr\u1ed9m:<\/strong> Ng\u0103n ch\u1eb7n r\u00f2 r\u1ec9 m\u1eadt kh\u1ea9u kh\u1ecfi m\u1eaft soi m\u00f3i.<\/p>\n<\/li>\n<li data-section-id=\"14aueii\" data-start=\"822\" data-end=\"889\">\n<p data-start=\"824\" data-end=\"889\"><strong data-start=\"824\" data-end=\"853\">Ch\u1ee9c N\u0103ng Truy C\u1eadp B\u1eb1ng Th\u1ebb M\u1ed9t Ch\u1ea5n:<\/strong> \u0110\u01a1n gi\u1ea3n h\u00f3a qu\u1ea3n l\u00fd nhi\u1ec1u ng\u01b0\u1eddi d\u00f9ng.<\/p>\n<\/li>\n<li data-section-id=\"abs9pg\" data-start=\"890\" data-end=\"966\">\n<p data-start=\"892\" data-end=\"966\"><strong data-start=\"892\" data-end=\"918\">H\u01b0\u1edbng D\u1eabn B\u1eb1ng Gi\u1ecdng N\u00f3i:<\/strong> H\u01b0\u1edbng d\u1eabn \u00e2m thanh theo th\u1eddi gian th\u1ef1c gi\u00fap d\u1ec5 s\u1eed d\u1ee5ng.<\/p>\n<\/li>\n<li data-section-id=\"sawblw\" data-start=\"967\" data-end=\"1044\">\n<p data-start=\"969\" data-end=\"1044\"><strong data-start=\"969\" data-end=\"1005\">Giao Di\u1ec7n Ngu\u1ed3n Ngo\u00e0i D\u1ef1 Ph\u00f2ng:<\/strong> \u0110\u1ea3m b\u1ea3o truy c\u1eadp trong tr\u01b0\u1eddng h\u1ee3p m\u1ea5t \u0111i\u1ec7n.<\/p>\n<\/li>\n<li data-section-id=\"wg544k\" data-start=\"1045\" data-end=\"1148\">\n<p data-start=\"1047\" data-end=\"1148\"><strong data-start=\"1047\" data-end=\"1069\">C\u00e1c T\u00ednh N\u0103ng An Ninh:<\/strong> Ch\u1ebf \u0111\u1ed9 ng\u1ee7 sau nhi\u1ec1u l\u1ea7n nh\u1eadp sai m\u1eadt kh\u1ea9u li\u00ean ti\u1ebfp v\u00e0 c\u1ea3nh b\u00e1o pin y\u1ebfu.<\/p>\n<\/li>\n<li data-section-id=\"599raz\" data-start=\"1149\" data-end=\"1255\">\n<p data-start=\"1151\" data-end=\"1255\"><strong data-start=\"1151\" data-end=\"1181\">Ch\u1ee9c N\u0103ng Tho\u00e1t Hi\u1ec3m:<\/strong> Nh\u1ea5n tay c\u1ea7m t\u1eeb b\u00ean trong sau khi r\u00fat ch\u1ed1t \u0111\u1ec3 tho\u00e1t ngay l\u1eadp t\u1ee9c.<\/p>\n<\/li>\n<\/ul>\n<p data-start=\"1257\" data-end=\"1379\">L\u00fd t\u01b0\u1edfng cho nh\u00e0 \u1edf v\u00e0 c\u0103n h\u1ed9, Gove A6818 cung c\u1ea5p an ninh c\u1eeda \u0111\u00e1ng tin c\u1eady, ti\u1ec7n l\u1ee3i v\u00e0 th\u00f4ng minh.<\/p>","protected":false},"excerpt":{"rendered":"<p>Gove A6818 cung c\u1ea5p ch\u1ee9c n\u0103ng m\u1edf kh\u00f3a 4 trong 1 v\u1edbi thi\u1ebft k\u1ebf tay c\u1ea7m n\u00e2ng, m\u1eadt kh\u1ea9u ch\u1ed1ng nh\u00ecn tr\u1ed9m c\u1ea3m \u1ee9ng, h\u01b0\u1edbng d\u1eabn b\u1eb1ng gi\u1ecdng n\u00f3i v\u00e0 ch\u1ee9c n\u0103ng tho\u00e1t hi\u1ec3m \u0111\u1ec3 truy c\u1eadp an to\u00e0n.<\/p>","protected":false},"featured_media":2201,"template":"","meta":{"site-sidebar-layout":"default","site-content-layout":"","ast-site-content-layout":"default","site-content-style":"default","site-sidebar-style":"default","ast-global-header-display":"","ast-banner-title-visibility":"","ast-main-header-display":"","ast-hfb-above-header-display":"","ast-hfb-below-header-display":"","ast-hfb-mobile-header-display":"","site-post-title":"","ast-breadcrumbs-content":"","ast-featured-img":"","footer-sml-layout":"","ast-disable-related-posts":"","theme-transparent-header-meta":"default","adv-header-id-meta":"","stick-header-meta":"","header-above-stick-meta":"","header-main-stick-meta":"","header-below-stick-meta":"","astra-migrate-meta-layouts":"set","ast-page-background-enabled":"default","ast-page-background-meta":{"desktop":{"background-color":"","background-image":"","background-repeat":"repeat","background-position":"center center","background-size":"auto","background-attachment":"scroll","background-type":"","background-media":"","overlay-type":"","overlay-color":"","overlay-opacity":"","overlay-gradient":""},"tablet":{"background-color":"","background-image":"","background-repeat":"repeat","background-position":"center center","background-size":"auto","background-attachment":"scroll","background-type":"","background-media":"","overlay-type":"","overlay-color":"","overlay-opacity":"","overlay-gradient":""},"mobile":{"background-color":"","background-image":"","background-repeat":"repeat","background-position":"center center","background-size":"auto","background-attachment":"scroll","background-type":"","background-media":"","overlay-type":"","overlay-color":"","overlay-opacity":"","overlay-gradient":""}},"ast-content-background-meta":{"desktop":{"background-color":"var(--ast-global-color-5)","background-image":"","background-repeat":"repeat","background-position":"center center","background-size":"auto","background-attachment":"scroll","background-type":"","background-media":"","overlay-type":"","overlay-color":"","overlay-opacity":"","overlay-gradient":""},"tablet":{"background-color":"var(--ast-global-color-5)","background-image":"","background-repeat":"repeat","background-position":"center center","background-size":"auto","background-attachment":"scroll","background-type":"","background-media":"","overlay-type":"","overlay-color":"","overlay-opacity":"","overlay-gradient":""},"mobile":{"background-color":"var(--ast-global-color-5)","background-image":"","background-repeat":"repeat","background-position":"center center","background-size":"auto","background-attachment":"scroll","background-type":"","background-media":"","overlay-type":"","overlay-color":"","overlay-opacity":"","overlay-gradient":""}}},"product_brand":[],"product_cat":[18],"product_tag":[],"class_list":{"0":"post-2200","1":"product","2":"type-product","3":"status-publish","4":"has-post-thumbnail","6":"product_cat-uncategorized","7":"desktop-align-left","8":"tablet-align-left","9":"mobile-align-left","11":"first","12":"instock","13":"shipping-taxable","14":"product-type-simple"},"_links":{"self":[{"href":"https:\/\/govelocks.com\/vi\/wp-json\/wp\/v2\/product\/2200","targetHints":{"allow":["GET"]}}],"collection":[{"href":"https:\/\/govelocks.com\/vi\/wp-json\/wp\/v2\/product"}],"about":[{"href":"https:\/\/govelocks.com\/vi\/wp-json\/wp\/v2\/types\/product"}],"wp:featuredmedia":[{"embeddable":true,"href":"https:\/\/govelocks.com\/vi\/wp-json\/wp\/v2\/media\/2201"}],"wp:attachment":[{"href":"https:\/\/govelocks.com\/vi\/wp-json\/wp\/v2\/media?parent=2200"}],"wp:term":[{"taxonomy":"product_brand","embeddable":true,"href":"https:\/\/govelocks.com\/vi\/wp-json\/wp\/v2\/product_brand?post=2200"},{"taxonomy":"product_cat","embeddable":true,"href":"https:\/\/govelocks.com\/vi\/wp-json\/wp\/v2\/product_cat?post=2200"},{"taxonomy":"product_tag","embeddable":true,"href":"https:\/\/govelocks.com\/vi\/wp-json\/wp\/v2\/product_tag?post=2200"}],"curies":[{"name":"wp","href":"https:\/\/api.w.org\/{rel}","templated":true}]}}