{"id":2198,"date":"2026-03-18T06:56:32","date_gmt":"2026-03-18T06:56:32","guid":{"rendered":"https:\/\/govelocks.com\/?post_type=product&#038;p=2198"},"modified":"2026-03-18T06:56:32","modified_gmt":"2026-03-18T06:56:32","slug":"gove-g-01c-smart-door-lock","status":"publish","type":"product","link":"https:\/\/govelocks.com\/vi\/gove-g-01c-smart-door-lock\/","title":{"rendered":"Kh\u00f3a c\u1eeda th\u00f4ng minh Gove G-01C \u2013 4 trong 1 v\u00e2n tay, m\u1eadt kh\u1ea9u, th\u1ebb &amp; ch\u00eca kh\u00f3a"},"content":{"rendered":"<p data-start=\"409\" data-end=\"495\">H\u1ec7 th\u1ed1ng <strong data-start=\"413\" data-end=\"438\">Kh\u00f3a Th\u00f4ng Minh Gove G-01C<\/strong> k\u1ebft h\u1ee3p s\u1ef1 ti\u1ec7n l\u1ee3i, an to\u00e0n v\u00e0 c\u00f4ng ngh\u1ec7 ti\u00ean ti\u1ebfn:<\/p>\n<ul data-start=\"497\" data-end=\"1243\">\n<li data-section-id=\"w4bada\" data-start=\"497\" data-end=\"571\">\n<p data-start=\"499\" data-end=\"571\"><strong data-start=\"499\" data-end=\"520\">M\u1edf Kh\u00f3a 4 Trong 1:<\/strong> V\u00e2n tay, m\u1eadt kh\u1ea9u, th\u1ebb v\u00e0 ch\u00eca kh\u00f3a c\u01a1.<\/p>\n<\/li>\n<li data-section-id=\"58fwbl\" data-start=\"572\" data-end=\"644\">\n<p data-start=\"574\" data-end=\"644\"><strong data-start=\"574\" data-end=\"608\">C\u01a1 Ch\u1ebf Kh\u00f3a N\u00e2ng Tay C\u1ea7m:<\/strong> V\u1eadn h\u00e0nh c\u1eeda m\u01b0\u1ee3t m\u00e0 v\u00e0 an to\u00e0n.<\/p>\n<\/li>\n<li data-section-id=\"1xb055o\" data-start=\"645\" data-end=\"714\">\n<p data-start=\"647\" data-end=\"714\"><strong data-start=\"647\" data-end=\"684\">C\u1ea3m Bi\u1ebfn V\u00e2n Tay B\u00e1n D\u1eabn Semiconductor:<\/strong> Nh\u1eadn di\u1ec7n nhanh, ch\u00ednh x\u00e1c.<\/p>\n<\/li>\n<li data-section-id=\"myg4oq\" data-start=\"715\" data-end=\"802\">\n<p data-start=\"717\" data-end=\"802\"><strong data-start=\"717\" data-end=\"763\">Nh\u1eadp M\u1eadt Kh\u1ea9u Ch\u1ea1m V\u1edbi Ch\u1ee9c N\u0103ng Ch\u1ed1ng Nh\u00ecn Tr\u1ed9m:<\/strong> B\u1ea3o v\u1ec7 m\u00e3 c\u1ee7a b\u1ea1n kh\u1ecfi m\u1eaft soi m\u00f3i.<\/p>\n<\/li>\n<li data-section-id=\"19cvefn\" data-start=\"803\" data-end=\"872\">\n<p data-start=\"805\" data-end=\"872\"><strong data-start=\"805\" data-end=\"834\">Ch\u1ee9c N\u0103ng Truy C\u1eadp B\u1eb1ng Th\u1ebb M\u1ed9t Ch\u1ea5n:<\/strong> Qu\u1ea3n l\u00fd d\u1ec5 d\u00e0ng cho nhi\u1ec1u ng\u01b0\u1eddi d\u00f9ng.<\/p>\n<\/li>\n<li data-section-id=\"130yaa8\" data-start=\"873\" data-end=\"937\">\n<p data-start=\"875\" data-end=\"937\"><strong data-start=\"875\" data-end=\"901\">H\u01b0\u1edbng D\u1eabn B\u1eb1ng Gi\u1ecdng N\u00f3i:<\/strong> H\u01b0\u1edbng d\u1eabn tr\u1ef1c quan theo th\u1eddi gian th\u1ef1c.<\/p>\n<\/li>\n<li data-section-id=\"191ae9d\" data-start=\"938\" data-end=\"1017\">\n<p data-start=\"940\" data-end=\"1017\"><strong data-start=\"940\" data-end=\"976\">Giao Di\u1ec7n Ngu\u1ed3n Ngo\u00e0i D\u1ef1 Ph\u00f2ng:<\/strong> Ng\u0103n ch\u1eb7n b\u1ecb kh\u00f3a c\u1eeda do m\u1ea5t \u0111i\u1ec7n.<\/p>\n<\/li>\n<li data-section-id=\"1nk8c94\" data-start=\"1018\" data-end=\"1120\">\n<p data-start=\"1020\" data-end=\"1120\"><strong data-start=\"1020\" data-end=\"1042\">C\u00e1c T\u00ednh N\u0103ng An Ninh:<\/strong> Ch\u1ebf \u0111\u1ed9 ng\u1ee7 sau nhi\u1ec1u l\u1ea7n nh\u1eadp sai m\u1eadt kh\u1ea9u li\u00ean ti\u1ebfp v\u00e0 c\u1ea3nh b\u00e1o pin y\u1ebfu.<\/p>\n<\/li>\n<li data-section-id=\"5x1fnx\" data-start=\"1121\" data-end=\"1243\">\n<p data-start=\"1123\" data-end=\"1243\"><strong data-start=\"1123\" data-end=\"1153\">Ch\u1ee9c N\u0103ng Tho\u00e1t Hi\u1ec3m:<\/strong> Khi ch\u1ed1t \u0111\u00e3 r\u00fat, c\u1eeda c\u00f3 th\u1ec3 m\u1edf t\u1eeb b\u00ean trong b\u1eb1ng c\u00e1ch nh\u1ea5n v\u00e0o tay c\u1ea7m.<\/p>\n<\/li>\n<\/ul>\n<p data-start=\"1245\" data-end=\"1357\"><strong data-start=\"1245\" data-end=\"1279\">L\u00fd t\u01b0\u1edfng cho nh\u00e0 \u1edf v\u00e0 c\u0103n h\u1ed9<\/strong>, Gove G-01C \u0111\u1ea3m b\u1ea3o ki\u1ec3m so\u00e1t truy c\u1eadp an to\u00e0n, ti\u1ec7n l\u1ee3i v\u00e0 th\u00f4ng minh.<\/p>","protected":false},"excerpt":{"rendered":"<p>Gove G-01C cung c\u1ea5p ch\u1ee9c n\u0103ng m\u1edf kh\u00f3a 4 trong 1, v\u1eadn h\u00e0nh b\u1eb1ng tay n\u00e2ng, h\u01b0\u1edbng d\u1eabn b\u1eb1ng gi\u1ecdng n\u00f3i, m\u1eadt kh\u1ea9u c\u1ea3m \u1ee9ng ch\u1ed1ng nh\u00ecn tr\u1ed9m, v\u00e0 ch\u1ee9c n\u0103ng tho\u00e1t hi\u1ec3m \u0111\u1ec3 t\u0103ng c\u01b0\u1eddng an ninh cho ng\u00f4i nh\u00e0.<\/p>","protected":false},"featured_media":2199,"template":"","meta":{"site-sidebar-layout":"default","site-content-layout":"","ast-site-content-layout":"default","site-content-style":"default","site-sidebar-style":"default","ast-global-header-display":"","ast-banner-title-visibility":"","ast-main-header-display":"","ast-hfb-above-header-display":"","ast-hfb-below-header-display":"","ast-hfb-mobile-header-display":"","site-post-title":"","ast-breadcrumbs-content":"","ast-featured-img":"","footer-sml-layout":"","ast-disable-related-posts":"","theme-transparent-header-meta":"default","adv-header-id-meta":"","stick-header-meta":"","header-above-stick-meta":"","header-main-stick-meta":"","header-below-stick-meta":"","astra-migrate-meta-layouts":"set","ast-page-background-enabled":"default","ast-page-background-meta":{"desktop":{"background-color":"","background-image":"","background-repeat":"repeat","background-position":"center center","background-size":"auto","background-attachment":"scroll","background-type":"","background-media":"","overlay-type":"","overlay-color":"","overlay-opacity":"","overlay-gradient":""},"tablet":{"background-color":"","background-image":"","background-repeat":"repeat","background-position":"center center","background-size":"auto","background-attachment":"scroll","background-type":"","background-media":"","overlay-type":"","overlay-color":"","overlay-opacity":"","overlay-gradient":""},"mobile":{"background-color":"","background-image":"","background-repeat":"repeat","background-position":"center center","background-size":"auto","background-attachment":"scroll","background-type":"","background-media":"","overlay-type":"","overlay-color":"","overlay-opacity":"","overlay-gradient":""}},"ast-content-background-meta":{"desktop":{"background-color":"var(--ast-global-color-5)","background-image":"","background-repeat":"repeat","background-position":"center center","background-size":"auto","background-attachment":"scroll","background-type":"","background-media":"","overlay-type":"","overlay-color":"","overlay-opacity":"","overlay-gradient":""},"tablet":{"background-color":"var(--ast-global-color-5)","background-image":"","background-repeat":"repeat","background-position":"center center","background-size":"auto","background-attachment":"scroll","background-type":"","background-media":"","overlay-type":"","overlay-color":"","overlay-opacity":"","overlay-gradient":""},"mobile":{"background-color":"var(--ast-global-color-5)","background-image":"","background-repeat":"repeat","background-position":"center center","background-size":"auto","background-attachment":"scroll","background-type":"","background-media":"","overlay-type":"","overlay-color":"","overlay-opacity":"","overlay-gradient":""}}},"product_brand":[],"product_cat":[26],"product_tag":[],"class_list":{"0":"post-2198","1":"product","2":"type-product","3":"status-publish","4":"has-post-thumbnail","6":"product_cat-smart-door-locks","7":"desktop-align-left","8":"tablet-align-left","9":"mobile-align-left","11":"first","12":"instock","13":"shipping-taxable","14":"product-type-simple"},"_links":{"self":[{"href":"https:\/\/govelocks.com\/vi\/wp-json\/wp\/v2\/product\/2198","targetHints":{"allow":["GET"]}}],"collection":[{"href":"https:\/\/govelocks.com\/vi\/wp-json\/wp\/v2\/product"}],"about":[{"href":"https:\/\/govelocks.com\/vi\/wp-json\/wp\/v2\/types\/product"}],"wp:featuredmedia":[{"embeddable":true,"href":"https:\/\/govelocks.com\/vi\/wp-json\/wp\/v2\/media\/2199"}],"wp:attachment":[{"href":"https:\/\/govelocks.com\/vi\/wp-json\/wp\/v2\/media?parent=2198"}],"wp:term":[{"taxonomy":"product_brand","embeddable":true,"href":"https:\/\/govelocks.com\/vi\/wp-json\/wp\/v2\/product_brand?post=2198"},{"taxonomy":"product_cat","embeddable":true,"href":"https:\/\/govelocks.com\/vi\/wp-json\/wp\/v2\/product_cat?post=2198"},{"taxonomy":"product_tag","embeddable":true,"href":"https:\/\/govelocks.com\/vi\/wp-json\/wp\/v2\/product_tag?post=2198"}],"curies":[{"name":"wp","href":"https:\/\/api.w.org\/{rel}","templated":true}]}}