{"id":1832,"date":"2026-03-18T10:18:32","date_gmt":"2026-03-18T10:18:32","guid":{"rendered":"https:\/\/govelocks.com\/?post_type=product&#038;p=1832"},"modified":"2026-03-18T10:13:48","modified_gmt":"2026-03-18T10:13:48","slug":"gove-s22-3-door-lock","status":"publish","type":"product","link":"https:\/\/govelocks.com\/vi\/gove-s22-3-door-lock\/","title":{"rendered":"Kh\u00f3a c\u1eeda Gove S22-3 \u2013 Tay c\u1ea7m h\u1ee3p kim nh\u00f4m\/k\u1ebdm v\u1edbi kh\u00f3a ch\u1ed1t ch\u1ebft 5072\/5058"},"content":{"rendered":"<p data-start=\"465\" data-end=\"540\">Kh\u00f3a c\u1eeda Gove S22-3 k\u1ebft h\u1ee3p s\u1ee9c m\u1ea1nh, phong c\u00e1ch v\u00e0 an ninh \u0111\u00e1ng tin c\u1eady:<\/p>\n<ul data-start=\"542\" data-end=\"1070\">\n<li data-section-id=\"ezfyub\" data-start=\"542\" data-end=\"600\">\n<p data-start=\"544\" data-end=\"600\"><strong data-start=\"544\" data-end=\"569\">Lo\u1ea1i c\u1eeda \u00e1p d\u1ee5ng:<\/strong> C\u1eeda g\u1ed7, d\u00e0y 35\u201350mm.<\/p>\n<\/li>\n<li data-section-id=\"pwmut5\" data-start=\"601\" data-end=\"692\">\n<p data-start=\"603\" data-end=\"692\"><strong data-start=\"603\" data-end=\"623\">Ch\u1ea5t li\u1ec7u tay n\u1eafm:<\/strong> H\u1ee3p kim nh\u00f4m ho\u1eb7c h\u1ee3p kim k\u1ebdm cho \u0111\u1ed9 b\u1ec1n v\u00e0 th\u1ea9m m\u1ef9 hi\u1ec7n \u0111\u1ea1i.<\/p>\n<\/li>\n<li data-section-id=\"pno9o\" data-start=\"693\" data-end=\"786\">\n<p data-start=\"695\" data-end=\"786\"><strong data-start=\"695\" data-end=\"714\">Ho\u00e0n thi\u1ec7n b\u1ec1 m\u1eb7t:<\/strong> Ph\u1ee7 electro ho\u1eb7c s\u01a1n \u0111\u1ec3 ch\u1ed1ng \u0103n m\u00f2n v\u00e0 t\u1ea1o v\u1ebb ngo\u00e0i cao c\u1ea5p.<\/p>\n<\/li>\n<li data-section-id=\"anujm5\" data-start=\"787\" data-end=\"870\">\n<p data-start=\"789\" data-end=\"870\"><strong data-start=\"789\" data-end=\"803\">Th\u00e2n kh\u00f3a:<\/strong> Kh\u00f3a ch\u1ed1t mortise 5072 ho\u1eb7c 5058 (t\u00f9y ch\u1ecdn) cho l\u1eafp \u0111\u1eb7t \u0111a d\u1ea1ng.<\/p>\n<\/li>\n<li data-section-id=\"16a3984\" data-start=\"871\" data-end=\"951\">\n<p data-start=\"873\" data-end=\"951\"><strong data-start=\"873\" data-end=\"891\">Xi lanh kh\u00f3a:<\/strong> Thi\u1ebft k\u1ebf tr\u1ee5c pin v\u1edbi 3 ch\u00eca kho\u00e1 \u0111\u1ed3ng \u0111\u1ec3 truy c\u1eadp an to\u00e0n.<\/p>\n<\/li>\n<li data-section-id=\"98ylsp\" data-start=\"952\" data-end=\"1070\">\n<p data-start=\"954\" data-end=\"1070\"><strong data-start=\"954\" data-end=\"979\">Thi\u1ebft k\u1ebf &amp; \u0111\u1ed9 tin c\u1eady:<\/strong> K\u1ebft c\u1ea5u ch\u1eafc ch\u1eafn \u0111\u1ea3m b\u1ea3o hi\u1ec7u su\u1ea5t l\u00e2u d\u00e0i cho s\u1eed d\u1ee5ng trong nh\u00e0 v\u00e0 th\u01b0\u01a1ng m\u1ea1i.<\/p>\n<\/li>\n<\/ul>\n<p data-start=\"1072\" data-end=\"1183\">L\u00fd t\u01b0\u1edfng cho nh\u00e0 \u1edf, c\u0103n h\u1ed9 v\u00e0 v\u0103n ph\u00f2ng, Gove S22-3 k\u1ebft h\u1ee3p \u0111\u1ed9 tin c\u1eady ch\u1ee9c n\u0103ng v\u1edbi thi\u1ebft k\u1ebf th\u1eddi trang.<\/p>","protected":false},"excerpt":{"rendered":"<p data-start=\"230\" data-end=\"426\">Gove S22-3 \u0111\u01b0\u1ee3c thi\u1ebft k\u1ebf cho c\u1eeda g\u1ed7 (35\u201350mm), c\u00f3 tay c\u1ea7m h\u1ee3p kim nh\u00f4m\/zinc b\u1ec1n, l\u1edbp m\u1ea1 \u0111i\u1ec7n ho\u1eb7c s\u01a1n ph\u1ee7, kh\u00f3a ch\u1ebft 5072\/5058 t\u00f9y ch\u1ecdn, v\u00e0 xi-lanh \u0111\u1ed3ng 3 ch\u00eca kh\u00f3a.<\/p>","protected":false},"featured_media":1833,"template":"","meta":{"site-sidebar-layout":"default","site-content-layout":"","ast-site-content-layout":"default","site-content-style":"default","site-sidebar-style":"default","ast-global-header-display":"","ast-banner-title-visibility":"","ast-main-header-display":"","ast-hfb-above-header-display":"","ast-hfb-below-header-display":"","ast-hfb-mobile-header-display":"","site-post-title":"","ast-breadcrumbs-content":"","ast-featured-img":"","footer-sml-layout":"","ast-disable-related-posts":"","theme-transparent-header-meta":"default","adv-header-id-meta":"","stick-header-meta":"","header-above-stick-meta":"","header-main-stick-meta":"","header-below-stick-meta":"","astra-migrate-meta-layouts":"set","ast-page-background-enabled":"default","ast-page-background-meta":{"desktop":{"background-color":"","background-image":"","background-repeat":"repeat","background-position":"center center","background-size":"auto","background-attachment":"scroll","background-type":"","background-media":"","overlay-type":"","overlay-color":"","overlay-opacity":"","overlay-gradient":""},"tablet":{"background-color":"","background-image":"","background-repeat":"repeat","background-position":"center center","background-size":"auto","background-attachment":"scroll","background-type":"","background-media":"","overlay-type":"","overlay-color":"","overlay-opacity":"","overlay-gradient":""},"mobile":{"background-color":"","background-image":"","background-repeat":"repeat","background-position":"center center","background-size":"auto","background-attachment":"scroll","background-type":"","background-media":"","overlay-type":"","overlay-color":"","overlay-opacity":"","overlay-gradient":""}},"ast-content-background-meta":{"desktop":{"background-color":"var(--ast-global-color-5)","background-image":"","background-repeat":"repeat","background-position":"center center","background-size":"auto","background-attachment":"scroll","background-type":"","background-media":"","overlay-type":"","overlay-color":"","overlay-opacity":"","overlay-gradient":""},"tablet":{"background-color":"var(--ast-global-color-5)","background-image":"","background-repeat":"repeat","background-position":"center center","background-size":"auto","background-attachment":"scroll","background-type":"","background-media":"","overlay-type":"","overlay-color":"","overlay-opacity":"","overlay-gradient":""},"mobile":{"background-color":"var(--ast-global-color-5)","background-image":"","background-repeat":"repeat","background-position":"center center","background-size":"auto","background-attachment":"scroll","background-type":"","background-media":"","overlay-type":"","overlay-color":"","overlay-opacity":"","overlay-gradient":""}}},"product_brand":[],"product_cat":[25],"product_tag":[],"class_list":{"0":"post-1832","1":"product","2":"type-product","3":"status-publish","4":"has-post-thumbnail","6":"product_cat-door-locks","7":"desktop-align-left","8":"tablet-align-left","9":"mobile-align-left","11":"first","12":"instock","13":"shipping-taxable","14":"product-type-simple"},"_links":{"self":[{"href":"https:\/\/govelocks.com\/vi\/wp-json\/wp\/v2\/product\/1832","targetHints":{"allow":["GET"]}}],"collection":[{"href":"https:\/\/govelocks.com\/vi\/wp-json\/wp\/v2\/product"}],"about":[{"href":"https:\/\/govelocks.com\/vi\/wp-json\/wp\/v2\/types\/product"}],"wp:featuredmedia":[{"embeddable":true,"href":"https:\/\/govelocks.com\/vi\/wp-json\/wp\/v2\/media\/1833"}],"wp:attachment":[{"href":"https:\/\/govelocks.com\/vi\/wp-json\/wp\/v2\/media?parent=1832"}],"wp:term":[{"taxonomy":"product_brand","embeddable":true,"href":"https:\/\/govelocks.com\/vi\/wp-json\/wp\/v2\/product_brand?post=1832"},{"taxonomy":"product_cat","embeddable":true,"href":"https:\/\/govelocks.com\/vi\/wp-json\/wp\/v2\/product_cat?post=1832"},{"taxonomy":"product_tag","embeddable":true,"href":"https:\/\/govelocks.com\/vi\/wp-json\/wp\/v2\/product_tag?post=1832"}],"curies":[{"name":"wp","href":"https:\/\/api.w.org\/{rel}","templated":true}]}}