{"id":1829,"date":"2026-03-12T07:33:13","date_gmt":"2026-03-12T07:33:13","guid":{"rendered":"https:\/\/govelocks.com\/?post_type=product&#038;p=1829"},"modified":"2026-03-16T08:40:56","modified_gmt":"2026-03-16T08:40:56","slug":"gove-s22-1-door-lock","status":"publish","type":"product","link":"https:\/\/govelocks.com\/vi\/gove-s22-1-door-lock\/","title":{"rendered":"Kh\u00f3a c\u1eeda Gove S22-1 \u2013 Tay c\u1ea7m h\u1ee3p kim k\u1ebdm nh\u00f4m v\u1edbi kh\u00f3a ch\u1ed1t mortise 50725058"},"content":{"rendered":"<p data-start=\"462\" data-end=\"539\">Kh\u00f3a c\u1eeda Gove S22-19 k\u1ebft h\u1ee3p phong c\u00e1ch, \u0111\u1ed9 b\u1ec1n v\u00e0 an ninh \u0111\u00e1ng tin c\u1eady:<\/p>\n<ul data-start=\"541\" data-end=\"1060\">\n<li data-section-id=\"9bla23\" data-start=\"541\" data-end=\"608\">\n<p data-start=\"543\" data-end=\"608\"><strong data-start=\"543\" data-end=\"569\">C\u00e1c lo\u1ea1i c\u1eeda ph\u00f9 h\u1ee3p:<\/strong> C\u1eeda g\u1ed7 d\u00e0y 35-50mm.<\/p>\n<\/li>\n<li data-section-id=\"13bqw3\" data-start=\"609\" data-end=\"689\">\n<p data-start=\"611\" data-end=\"689\"><strong data-start=\"611\" data-end=\"631\">Ch\u1ea5t li\u1ec7u tay n\u1eafm:<\/strong> H\u1ee3p kim nh\u00f4m ho\u1eb7c h\u1ee3p kim k\u1ebdm \u0111\u1ec3 t\u0103ng c\u01b0\u1eddng \u0111\u1ed9 b\u1ec1n v\u00e0 v\u1ebb \u0111\u1eb9p sang tr\u1ecdng.<\/p>\n<\/li>\n<li data-section-id=\"1g6evg9\" data-start=\"690\" data-end=\"786\">\n<p data-start=\"692\" data-end=\"786\"><strong data-start=\"692\" data-end=\"711\">Ho\u00e0n thi\u1ec7n b\u1ec1 m\u1eb7t:<\/strong> M\u1ea1 \u0111i\u1ec7n ho\u1eb7c s\u01a1n \u0111\u1ec3 ch\u1ed1ng \u0103n m\u00f2n v\u00e0 t\u0103ng t\u00ednh th\u1ea9m m\u1ef9.<\/p>\n<\/li>\n<li data-section-id=\"1qel3jx\" data-start=\"787\" data-end=\"851\">\n<p data-start=\"789\" data-end=\"851\"><strong data-start=\"789\" data-end=\"811\">T\u00f9y ch\u1ecdn th\u00e2n kh\u00f3a:<\/strong> Kh\u00f3a mortise 5072 ho\u1eb7c 5058 (t\u00f9y ch\u1ecdn).<\/p>\n<\/li>\n<li data-section-id=\"16a3984\" data-start=\"852\" data-end=\"932\">\n<p data-start=\"854\" data-end=\"932\"><strong data-start=\"854\" data-end=\"872\">Xi lanh kh\u00f3a:<\/strong> Thi\u1ebft k\u1ebf tr\u1ee5c pin v\u1edbi 3 ch\u00eca kho\u00e1 \u0111\u1ed3ng \u0111\u1ec3 truy c\u1eadp an to\u00e0n.<\/p>\n<\/li>\n<li data-section-id=\"195yk9f\" data-start=\"933\" data-end=\"1060\">\n<p data-start=\"935\" data-end=\"1060\"><strong data-start=\"935\" data-end=\"960\">Thi\u1ebft k\u1ebf &amp; \u0111\u1ed9 tin c\u1eady:<\/strong> C\u1ea5u tr\u00fac ch\u1eafc ch\u1eafn \u0111\u1ea3m b\u1ea3o hi\u1ec7u su\u1ea5t l\u00e2u d\u00e0i cho \u1ee9ng d\u1ee5ng d\u00e2n d\u1ee5ng v\u00e0 th\u01b0\u01a1ng m\u1ea1i.<\/p>\n<\/li>\n<\/ul>\n<p data-start=\"1062\" data-end=\"1174\">L\u00fd t\u01b0\u1edfng cho nh\u00e0 \u1edf, c\u0103n h\u1ed9 v\u00e0 v\u0103n ph\u00f2ng, Gove S22-1 k\u1ebft h\u1ee3p ch\u1ee9c n\u0103ng th\u1ef1c t\u1ebf v\u1edbi thi\u1ebft k\u1ebf th\u1eddi trang.<\/p>","protected":false},"excerpt":{"rendered":"<p data-start=\"228\" data-end=\"423\">Gove S22-1 \u0111\u01b0\u1ee3c thi\u1ebft k\u1ebf cho c\u1eeda g\u1ed7 (d\u00e0y 35-50mm), c\u00f3 tay c\u1ea7m h\u1ee3p kim k\u1ebdm\/nh\u00f4m, ho\u00e0n thi\u1ec7n m\u1ea1 \u0111i\u1ec7n ho\u1eb7c s\u01a1n, v\u00e0 kh\u00f3a ch\u1ed1t mortise b\u1ec1n b\u1ec9 5072\/5058 v\u1edbi tr\u1ee5c \u0111\u1ed3ng 3 ch\u00eca kho\u00e1.<\/p>","protected":false},"featured_media":1830,"template":"","meta":{"site-sidebar-layout":"default","site-content-layout":"","ast-site-content-layout":"default","site-content-style":"default","site-sidebar-style":"default","ast-global-header-display":"","ast-banner-title-visibility":"","ast-main-header-display":"","ast-hfb-above-header-display":"","ast-hfb-below-header-display":"","ast-hfb-mobile-header-display":"","site-post-title":"","ast-breadcrumbs-content":"","ast-featured-img":"","footer-sml-layout":"","ast-disable-related-posts":"","theme-transparent-header-meta":"default","adv-header-id-meta":"","stick-header-meta":"","header-above-stick-meta":"","header-main-stick-meta":"","header-below-stick-meta":"","astra-migrate-meta-layouts":"set","ast-page-background-enabled":"default","ast-page-background-meta":{"desktop":{"background-color":"","background-image":"","background-repeat":"repeat","background-position":"center center","background-size":"auto","background-attachment":"scroll","background-type":"","background-media":"","overlay-type":"","overlay-color":"","overlay-opacity":"","overlay-gradient":""},"tablet":{"background-color":"","background-image":"","background-repeat":"repeat","background-position":"center center","background-size":"auto","background-attachment":"scroll","background-type":"","background-media":"","overlay-type":"","overlay-color":"","overlay-opacity":"","overlay-gradient":""},"mobile":{"background-color":"","background-image":"","background-repeat":"repeat","background-position":"center center","background-size":"auto","background-attachment":"scroll","background-type":"","background-media":"","overlay-type":"","overlay-color":"","overlay-opacity":"","overlay-gradient":""}},"ast-content-background-meta":{"desktop":{"background-color":"var(--ast-global-color-5)","background-image":"","background-repeat":"repeat","background-position":"center center","background-size":"auto","background-attachment":"scroll","background-type":"","background-media":"","overlay-type":"","overlay-color":"","overlay-opacity":"","overlay-gradient":""},"tablet":{"background-color":"var(--ast-global-color-5)","background-image":"","background-repeat":"repeat","background-position":"center center","background-size":"auto","background-attachment":"scroll","background-type":"","background-media":"","overlay-type":"","overlay-color":"","overlay-opacity":"","overlay-gradient":""},"mobile":{"background-color":"var(--ast-global-color-5)","background-image":"","background-repeat":"repeat","background-position":"center center","background-size":"auto","background-attachment":"scroll","background-type":"","background-media":"","overlay-type":"","overlay-color":"","overlay-opacity":"","overlay-gradient":""}}},"product_brand":[],"product_cat":[25],"product_tag":[],"class_list":{"0":"post-1829","1":"product","2":"type-product","3":"status-publish","4":"has-post-thumbnail","6":"product_cat-door-locks","7":"desktop-align-left","8":"tablet-align-left","9":"mobile-align-left","11":"first","12":"instock","13":"shipping-taxable","14":"product-type-simple"},"_links":{"self":[{"href":"https:\/\/govelocks.com\/vi\/wp-json\/wp\/v2\/product\/1829","targetHints":{"allow":["GET"]}}],"collection":[{"href":"https:\/\/govelocks.com\/vi\/wp-json\/wp\/v2\/product"}],"about":[{"href":"https:\/\/govelocks.com\/vi\/wp-json\/wp\/v2\/types\/product"}],"wp:featuredmedia":[{"embeddable":true,"href":"https:\/\/govelocks.com\/vi\/wp-json\/wp\/v2\/media\/1830"}],"wp:attachment":[{"href":"https:\/\/govelocks.com\/vi\/wp-json\/wp\/v2\/media?parent=1829"}],"wp:term":[{"taxonomy":"product_brand","embeddable":true,"href":"https:\/\/govelocks.com\/vi\/wp-json\/wp\/v2\/product_brand?post=1829"},{"taxonomy":"product_cat","embeddable":true,"href":"https:\/\/govelocks.com\/vi\/wp-json\/wp\/v2\/product_cat?post=1829"},{"taxonomy":"product_tag","embeddable":true,"href":"https:\/\/govelocks.com\/vi\/wp-json\/wp\/v2\/product_tag?post=1829"}],"curies":[{"name":"wp","href":"https:\/\/api.w.org\/{rel}","templated":true}]}}