{"id":1825,"date":"2026-03-12T07:28:15","date_gmt":"2026-03-12T07:28:15","guid":{"rendered":"https:\/\/govelocks.com\/?post_type=product&#038;p=1825"},"modified":"2026-03-16T08:41:24","modified_gmt":"2026-03-16T08:41:24","slug":"gove-g-17c-smart-door-lock","status":"publish","type":"product","link":"https:\/\/govelocks.com\/vi\/gove-g-17c-smart-door-lock\/","title":{"rendered":"Kh\u00f3a c\u1eeda th\u00f4ng minh Gove G-17C \u2013 M\u1edf kh\u00f3a 4 trong 1 b\u1eb1ng v\u00e2n tay, m\u1eadt kh\u1ea9u, th\u1ebb v\u00e0 ch\u00eca kh\u00f3a"},"content":{"rendered":"<p data-start=\"474\" data-end=\"568\">Kh\u00f3a Th\u00f4ng Minh Gove G-17C k\u1ebft h\u1ee3p an ninh ti\u00ean ti\u1ebfn, ti\u1ec7n l\u1ee3i v\u00e0 thi\u1ebft k\u1ebf th\u00e2n thi\u1ec7n v\u1edbi ng\u01b0\u1eddi d\u00f9ng:<\/p>\n<ul data-start=\"570\" data-end=\"1326\">\n<li data-section-id=\"1hu7056\" data-start=\"570\" data-end=\"651\">\n<p data-start=\"572\" data-end=\"651\"><strong data-start=\"572\" data-end=\"593\">M\u1edf Kh\u00f3a 4 Trong 1:<\/strong> Nh\u1eadn d\u1ea1ng v\u00e2n tay, m\u1eadt kh\u1ea9u, th\u1ebb v\u00e0 ch\u00eca kh\u00f3a c\u01a1 h\u1ecdc.<\/p>\n<\/li>\n<li data-section-id=\"gy07nb\" data-start=\"652\" data-end=\"719\">\n<p data-start=\"654\" data-end=\"719\"><strong data-start=\"654\" data-end=\"688\">C\u01a1 Ch\u1ebf Kh\u00f3a N\u00e2ng Tay C\u1ea7m:<\/strong> Ho\u1ea1t \u0111\u1ed9ng m\u01b0\u1ee3t m\u00e0 v\u00e0 an to\u00e0n.<\/p>\n<\/li>\n<li data-section-id=\"1hjh277\" data-start=\"720\" data-end=\"803\">\n<p data-start=\"722\" data-end=\"803\"><strong data-start=\"722\" data-end=\"759\">C\u1ea3m Bi\u1ebfn V\u00e2n Tay B\u00e1n D\u1eabn Semiconductor:<\/strong> Nh\u1eadn d\u1ea1ng nhanh, ch\u00ednh x\u00e1c v\u00e0 \u0111\u00e1ng tin c\u1eady.<\/p>\n<\/li>\n<li data-section-id=\"myg4oq\" data-start=\"804\" data-end=\"891\">\n<p data-start=\"806\" data-end=\"891\"><strong data-start=\"806\" data-end=\"852\">Nh\u1eadp M\u1eadt Kh\u1ea9u Ch\u1ea1m V\u1edbi Ch\u1ee9c N\u0103ng Ch\u1ed1ng Nh\u00ecn Tr\u1ed9m:<\/strong> B\u1ea3o v\u1ec7 m\u00e3 c\u1ee7a b\u1ea1n kh\u1ecfi m\u1eaft soi m\u00f3i.<\/p>\n<\/li>\n<li data-section-id=\"14aueii\" data-start=\"892\" data-end=\"959\">\n<p data-start=\"894\" data-end=\"959\"><strong data-start=\"894\" data-end=\"923\">Ch\u1ee9c N\u0103ng Truy C\u1eadp B\u1eb1ng Th\u1ebb M\u1ed9t Ch\u1ea5n:<\/strong> \u0110\u01a1n gi\u1ea3n h\u00f3a qu\u1ea3n l\u00fd nhi\u1ec1u ng\u01b0\u1eddi d\u00f9ng.<\/p>\n<\/li>\n<li data-section-id=\"9u5six\" data-start=\"960\" data-end=\"1020\">\n<p data-start=\"962\" data-end=\"1020\"><strong data-start=\"962\" data-end=\"988\">H\u01b0\u1edbng D\u1eabn B\u1eb1ng Gi\u1ecdng N\u00f3i:<\/strong> V\u1eadn h\u00e0nh d\u1ec5 d\u00e0ng v\u00e0 tr\u1ef1c quan.<\/p>\n<\/li>\n<li data-section-id=\"191ae9d\" data-start=\"1021\" data-end=\"1100\">\n<p data-start=\"1023\" data-end=\"1100\"><strong data-start=\"1023\" data-end=\"1059\">Giao Di\u1ec7n Ngu\u1ed3n Ngo\u00e0i D\u1ef1 Ph\u00f2ng:<\/strong> Ng\u0103n ch\u1eb7n b\u1ecb kh\u00f3a c\u1eeda do m\u1ea5t \u0111i\u1ec7n.<\/p>\n<\/li>\n<li data-section-id=\"1nk8c94\" data-start=\"1101\" data-end=\"1203\">\n<p data-start=\"1103\" data-end=\"1203\"><strong data-start=\"1103\" data-end=\"1125\">C\u00e1c T\u00ednh N\u0103ng An Ninh:<\/strong> Ch\u1ebf \u0111\u1ed9 ng\u1ee7 sau nhi\u1ec1u l\u1ea7n nh\u1eadp sai m\u1eadt kh\u1ea9u li\u00ean ti\u1ebfp v\u00e0 c\u1ea3nh b\u00e1o pin y\u1ebfu.<\/p>\n<\/li>\n<li data-section-id=\"5x1fnx\" data-start=\"1204\" data-end=\"1326\">\n<p data-start=\"1206\" data-end=\"1326\"><strong data-start=\"1206\" data-end=\"1236\">Ch\u1ee9c N\u0103ng Tho\u00e1t Hi\u1ec3m:<\/strong> Khi ch\u1ed1t \u0111\u00e3 r\u00fat, c\u1eeda c\u00f3 th\u1ec3 m\u1edf t\u1eeb b\u00ean trong b\u1eb1ng c\u00e1ch nh\u1ea5n v\u00e0o tay c\u1ea7m.<\/p>\n<\/li>\n<\/ul>\n<p data-start=\"1328\" data-end=\"1434\">Ph\u00f9 h\u1ee3p cho nh\u00e0 \u1edf, c\u0103n h\u1ed9 v\u00e0 v\u0103n ph\u00f2ng, Gove G-17C \u0111\u1ea3m b\u1ea3o an to\u00e0n, ti\u1ec7n l\u1ee3i v\u00e0 y\u00ean t\u00e2m.<\/p>","protected":false},"excerpt":{"rendered":"<p>Gove G-17C cung c\u1ea5p ch\u1ee9c n\u0103ng m\u1edf kh\u00f3a 4 trong 1 v\u1edbi thao t\u00e1c n\u00e2ng tay c\u1ea7m, c\u1ea3m bi\u1ebfn v\u00e2n tay b\u00e1n d\u1eabn, m\u1eadt kh\u1ea9u ch\u1ed1ng nh\u00ecn tr\u1ed9m c\u1ea3m \u1ee9ng, h\u01b0\u1edbng d\u1eabn b\u1eb1ng gi\u1ecdng n\u00f3i v\u00e0 ch\u1ee9c n\u0103ng tho\u00e1t hi\u1ec3m \u0111\u1ec3 t\u0103ng c\u01b0\u1eddng an ninh cho ng\u00f4i nh\u00e0.<\/p>","protected":false},"featured_media":1826,"template":"","meta":{"site-sidebar-layout":"default","site-content-layout":"","ast-site-content-layout":"default","site-content-style":"default","site-sidebar-style":"default","ast-global-header-display":"","ast-banner-title-visibility":"","ast-main-header-display":"","ast-hfb-above-header-display":"","ast-hfb-below-header-display":"","ast-hfb-mobile-header-display":"","site-post-title":"","ast-breadcrumbs-content":"","ast-featured-img":"","footer-sml-layout":"","ast-disable-related-posts":"","theme-transparent-header-meta":"default","adv-header-id-meta":"","stick-header-meta":"","header-above-stick-meta":"","header-main-stick-meta":"","header-below-stick-meta":"","astra-migrate-meta-layouts":"set","ast-page-background-enabled":"default","ast-page-background-meta":{"desktop":{"background-color":"","background-image":"","background-repeat":"repeat","background-position":"center center","background-size":"auto","background-attachment":"scroll","background-type":"","background-media":"","overlay-type":"","overlay-color":"","overlay-opacity":"","overlay-gradient":""},"tablet":{"background-color":"","background-image":"","background-repeat":"repeat","background-position":"center center","background-size":"auto","background-attachment":"scroll","background-type":"","background-media":"","overlay-type":"","overlay-color":"","overlay-opacity":"","overlay-gradient":""},"mobile":{"background-color":"","background-image":"","background-repeat":"repeat","background-position":"center center","background-size":"auto","background-attachment":"scroll","background-type":"","background-media":"","overlay-type":"","overlay-color":"","overlay-opacity":"","overlay-gradient":""}},"ast-content-background-meta":{"desktop":{"background-color":"var(--ast-global-color-5)","background-image":"","background-repeat":"repeat","background-position":"center center","background-size":"auto","background-attachment":"scroll","background-type":"","background-media":"","overlay-type":"","overlay-color":"","overlay-opacity":"","overlay-gradient":""},"tablet":{"background-color":"var(--ast-global-color-5)","background-image":"","background-repeat":"repeat","background-position":"center center","background-size":"auto","background-attachment":"scroll","background-type":"","background-media":"","overlay-type":"","overlay-color":"","overlay-opacity":"","overlay-gradient":""},"mobile":{"background-color":"var(--ast-global-color-5)","background-image":"","background-repeat":"repeat","background-position":"center center","background-size":"auto","background-attachment":"scroll","background-type":"","background-media":"","overlay-type":"","overlay-color":"","overlay-opacity":"","overlay-gradient":""}}},"product_brand":[],"product_cat":[26],"product_tag":[],"class_list":{"0":"post-1825","1":"product","2":"type-product","3":"status-publish","4":"has-post-thumbnail","6":"product_cat-smart-door-locks","7":"desktop-align-left","8":"tablet-align-left","9":"mobile-align-left","11":"first","12":"instock","13":"shipping-taxable","14":"product-type-simple"},"_links":{"self":[{"href":"https:\/\/govelocks.com\/vi\/wp-json\/wp\/v2\/product\/1825","targetHints":{"allow":["GET"]}}],"collection":[{"href":"https:\/\/govelocks.com\/vi\/wp-json\/wp\/v2\/product"}],"about":[{"href":"https:\/\/govelocks.com\/vi\/wp-json\/wp\/v2\/types\/product"}],"wp:featuredmedia":[{"embeddable":true,"href":"https:\/\/govelocks.com\/vi\/wp-json\/wp\/v2\/media\/1826"}],"wp:attachment":[{"href":"https:\/\/govelocks.com\/vi\/wp-json\/wp\/v2\/media?parent=1825"}],"wp:term":[{"taxonomy":"product_brand","embeddable":true,"href":"https:\/\/govelocks.com\/vi\/wp-json\/wp\/v2\/product_brand?post=1825"},{"taxonomy":"product_cat","embeddable":true,"href":"https:\/\/govelocks.com\/vi\/wp-json\/wp\/v2\/product_cat?post=1825"},{"taxonomy":"product_tag","embeddable":true,"href":"https:\/\/govelocks.com\/vi\/wp-json\/wp\/v2\/product_tag?post=1825"}],"curies":[{"name":"wp","href":"https:\/\/api.w.org\/{rel}","templated":true}]}}