{"id":1823,"date":"2026-03-18T10:22:58","date_gmt":"2026-03-18T10:22:58","guid":{"rendered":"https:\/\/govelocks.com\/?post_type=product&#038;p=1823"},"modified":"2026-03-18T10:12:57","modified_gmt":"2026-03-18T10:12:57","slug":"gove-a8010-smart-door-lock-7-in-1","status":"publish","type":"product","link":"https:\/\/govelocks.com\/vi\/gove-a8010-smart-door-lock-7-in-1\/","title":{"rendered":"Kh\u00f3a C\u1eeda Th\u00f4ng Minh Gove A8010 \u2013 M\u1edf kh\u00f3a 7 trong 1 b\u1eb1ng V\u00e2n tay, M\u1eadt kh\u1ea9u, Th\u1ebb, Ch\u00eca kh\u00f3a, Khu\u00f4n m\u1eb7t 3D, \u0110i\u1ec1u khi\u1ec3n t\u1eeb xa &amp; Truy c\u1eadp t\u1ea1m th\u1eddi"},"content":{"rendered":"<p data-start=\"529\" data-end=\"635\">Kh\u00f3a Th\u00f4ng Minh Gove A8010 k\u1ebft h\u1ee3p c\u00f4ng ngh\u1ec7 ti\u00ean ti\u1ebfn v\u00e0 an ninh to\u00e0n di\u1ec7n cho cu\u1ed9c s\u1ed1ng hi\u1ec7n \u0111\u1ea1i:<\/p>\n<ul data-start=\"637\" data-end=\"1337\">\n<li data-section-id=\"4rwjpb\" data-start=\"637\" data-end=\"766\">\n<p data-start=\"639\" data-end=\"766\"><strong data-start=\"639\" data-end=\"660\">M\u1edf kh\u00f3a 7 trong 1:<\/strong> V\u00e2n tay, m\u1eadt kh\u1ea9u, th\u1ebb, ch\u00eca kh\u00f3a, nh\u1eadn di\u1ec7n khu\u00f4n m\u1eb7t 3D, m\u1edf kh\u00f3a t\u1eeb xa v\u00e0 truy c\u1eadp m\u1eadt kh\u1ea9u t\u1ea1m th\u1eddi.<\/p>\n<\/li>\n<li data-section-id=\"1nu0tlo\" data-start=\"767\" data-end=\"830\">\n<p data-start=\"769\" data-end=\"830\"><strong data-start=\"769\" data-end=\"791\">Kh\u00f3a t\u1ef1 \u0111\u1ed9ng:<\/strong> \u0110\u1ea3m b\u1ea3o c\u1eeda c\u1ee7a b\u1ea1n lu\u00f4n \u0111\u01b0\u1ee3c b\u1ea3o v\u1ec7 an to\u00e0n.<\/p>\n<\/li>\n<li data-section-id=\"abgmo4\" data-start=\"831\" data-end=\"916\">\n<p data-start=\"833\" data-end=\"916\"><strong data-start=\"833\" data-end=\"865\">M\u00e0n H\u00ecnh LED &amp; H\u01b0\u1edbng D\u1eabn B\u1eb1ng Gi\u1ecdng N\u00f3i:<\/strong> Giao di\u1ec7n th\u00e2n thi\u1ec7n v\u1edbi ng\u01b0\u1eddi d\u00f9ng, h\u01b0\u1edbng d\u1eabn theo th\u1eddi gian th\u1ef1c.<\/p>\n<\/li>\n<li data-section-id=\"oy2pr2\" data-start=\"917\" data-end=\"998\">\n<p data-start=\"919\" data-end=\"998\"><strong data-start=\"919\" data-end=\"960\">Module V\u00e2n Tay C\u1ea3m \u1ee8ng \u1ea8n:<\/strong> Thi\u1ebft k\u1ebf tinh t\u1ebf, an to\u00e0n v\u00e0 \u0111\u1ed9 ch\u00ednh x\u00e1c cao.<\/p>\n<\/li>\n<li data-section-id=\"myg4oq\" data-start=\"999\" data-end=\"1086\">\n<p data-start=\"1001\" data-end=\"1086\"><strong data-start=\"1001\" data-end=\"1047\">Nh\u1eadp M\u1eadt Kh\u1ea9u Ch\u1ea1m V\u1edbi Ch\u1ee9c N\u0103ng Ch\u1ed1ng Nh\u00ecn Tr\u1ed9m:<\/strong> B\u1ea3o v\u1ec7 m\u00e3 c\u1ee7a b\u1ea1n kh\u1ecfi m\u1eaft soi m\u00f3i.<\/p>\n<\/li>\n<li data-section-id=\"14aueii\" data-start=\"1087\" data-end=\"1154\">\n<p data-start=\"1089\" data-end=\"1154\"><strong data-start=\"1089\" data-end=\"1118\">Ch\u1ee9c N\u0103ng Truy C\u1eadp B\u1eb1ng Th\u1ebb M\u1ed9t Ch\u1ea5n:<\/strong> \u0110\u01a1n gi\u1ea3n h\u00f3a qu\u1ea3n l\u00fd nhi\u1ec1u ng\u01b0\u1eddi d\u00f9ng.<\/p>\n<\/li>\n<li data-section-id=\"191ae9d\" data-start=\"1155\" data-end=\"1234\">\n<p data-start=\"1157\" data-end=\"1234\"><strong data-start=\"1157\" data-end=\"1193\">Giao Di\u1ec7n Ngu\u1ed3n Ngo\u00e0i D\u1ef1 Ph\u00f2ng:<\/strong> Ng\u0103n ch\u1eb7n b\u1ecb kh\u00f3a c\u1eeda do m\u1ea5t \u0111i\u1ec7n.<\/p>\n<\/li>\n<li data-section-id=\"1nk8c94\" data-start=\"1235\" data-end=\"1337\">\n<p data-start=\"1237\" data-end=\"1337\"><strong data-start=\"1237\" data-end=\"1259\">C\u00e1c T\u00ednh N\u0103ng An Ninh:<\/strong> Ch\u1ebf \u0111\u1ed9 ng\u1ee7 sau nhi\u1ec1u l\u1ea7n nh\u1eadp sai m\u1eadt kh\u1ea9u li\u00ean ti\u1ebfp v\u00e0 c\u1ea3nh b\u00e1o pin y\u1ebfu.<\/p>\n<\/li>\n<\/ul>\n<p data-start=\"1339\" data-end=\"1481\">Ho\u00e0n h\u1ea3o cho nh\u00e0 th\u00f4ng minh, v\u0103n ph\u00f2ng, c\u0103n h\u1ed9 v\u00e0 b\u1ea5t k\u1ef3 kh\u00f4ng gian s\u1ed1ng hi\u1ec7n \u0111\u1ea1i n\u00e0o. N\u00e2ng c\u1ea5p l\u00ean Gove A8010 \u0111\u1ec3 tr\u1ea3i nghi\u1ec7m an ninh th\u00f4ng minh t\u1ed1i \u01b0u.<\/p>","protected":false},"excerpt":{"rendered":"<p data-start=\"312\" data-end=\"490\">Gove A8010 cung c\u1ea5p an ninh th\u00f4ng minh t\u1ed1i \u01b0u v\u1edbi ch\u1ee9c n\u0103ng m\u1edf kh\u00f3a 7 trong 1, t\u1ef1 \u0111\u1ed9ng kh\u00f3a, hi\u1ec3n th\u1ecb LED, h\u01b0\u1edbng d\u1eabn b\u1eb1ng gi\u1ecdng n\u00f3i v\u00e0 c\u00e1c t\u00ednh n\u0103ng an to\u00e0n n\u00e2ng cao cho nh\u00e0 \u1edf, v\u0103n ph\u00f2ng v\u00e0 c\u0103n h\u1ed9.<\/p>","protected":false},"featured_media":1824,"template":"","meta":{"site-sidebar-layout":"default","site-content-layout":"","ast-site-content-layout":"default","site-content-style":"default","site-sidebar-style":"default","ast-global-header-display":"","ast-banner-title-visibility":"","ast-main-header-display":"","ast-hfb-above-header-display":"","ast-hfb-below-header-display":"","ast-hfb-mobile-header-display":"","site-post-title":"","ast-breadcrumbs-content":"","ast-featured-img":"","footer-sml-layout":"","ast-disable-related-posts":"","theme-transparent-header-meta":"default","adv-header-id-meta":"","stick-header-meta":"","header-above-stick-meta":"","header-main-stick-meta":"","header-below-stick-meta":"","astra-migrate-meta-layouts":"set","ast-page-background-enabled":"default","ast-page-background-meta":{"desktop":{"background-color":"","background-image":"","background-repeat":"repeat","background-position":"center center","background-size":"auto","background-attachment":"scroll","background-type":"","background-media":"","overlay-type":"","overlay-color":"","overlay-opacity":"","overlay-gradient":""},"tablet":{"background-color":"","background-image":"","background-repeat":"repeat","background-position":"center center","background-size":"auto","background-attachment":"scroll","background-type":"","background-media":"","overlay-type":"","overlay-color":"","overlay-opacity":"","overlay-gradient":""},"mobile":{"background-color":"","background-image":"","background-repeat":"repeat","background-position":"center center","background-size":"auto","background-attachment":"scroll","background-type":"","background-media":"","overlay-type":"","overlay-color":"","overlay-opacity":"","overlay-gradient":""}},"ast-content-background-meta":{"desktop":{"background-color":"var(--ast-global-color-5)","background-image":"","background-repeat":"repeat","background-position":"center center","background-size":"auto","background-attachment":"scroll","background-type":"","background-media":"","overlay-type":"","overlay-color":"","overlay-opacity":"","overlay-gradient":""},"tablet":{"background-color":"var(--ast-global-color-5)","background-image":"","background-repeat":"repeat","background-position":"center center","background-size":"auto","background-attachment":"scroll","background-type":"","background-media":"","overlay-type":"","overlay-color":"","overlay-opacity":"","overlay-gradient":""},"mobile":{"background-color":"var(--ast-global-color-5)","background-image":"","background-repeat":"repeat","background-position":"center center","background-size":"auto","background-attachment":"scroll","background-type":"","background-media":"","overlay-type":"","overlay-color":"","overlay-opacity":"","overlay-gradient":""}}},"product_brand":[],"product_cat":[26],"product_tag":[],"class_list":{"0":"post-1823","1":"product","2":"type-product","3":"status-publish","4":"has-post-thumbnail","6":"product_cat-smart-door-locks","7":"desktop-align-left","8":"tablet-align-left","9":"mobile-align-left","11":"first","12":"instock","13":"shipping-taxable","14":"product-type-simple"},"_links":{"self":[{"href":"https:\/\/govelocks.com\/vi\/wp-json\/wp\/v2\/product\/1823","targetHints":{"allow":["GET"]}}],"collection":[{"href":"https:\/\/govelocks.com\/vi\/wp-json\/wp\/v2\/product"}],"about":[{"href":"https:\/\/govelocks.com\/vi\/wp-json\/wp\/v2\/types\/product"}],"wp:featuredmedia":[{"embeddable":true,"href":"https:\/\/govelocks.com\/vi\/wp-json\/wp\/v2\/media\/1824"}],"wp:attachment":[{"href":"https:\/\/govelocks.com\/vi\/wp-json\/wp\/v2\/media?parent=1823"}],"wp:term":[{"taxonomy":"product_brand","embeddable":true,"href":"https:\/\/govelocks.com\/vi\/wp-json\/wp\/v2\/product_brand?post=1823"},{"taxonomy":"product_cat","embeddable":true,"href":"https:\/\/govelocks.com\/vi\/wp-json\/wp\/v2\/product_cat?post=1823"},{"taxonomy":"product_tag","embeddable":true,"href":"https:\/\/govelocks.com\/vi\/wp-json\/wp\/v2\/product_tag?post=1823"}],"curies":[{"name":"wp","href":"https:\/\/api.w.org\/{rel}","templated":true}]}}