{"id":1817,"date":"2026-03-18T10:24:38","date_gmt":"2026-03-18T10:24:38","guid":{"rendered":"https:\/\/govelocks.com\/?post_type=product&#038;p=1817"},"modified":"2026-03-18T10:12:42","modified_gmt":"2026-03-18T10:12:42","slug":"gove-a7819-smart-door-lock","status":"publish","type":"product","link":"https:\/\/govelocks.com\/vi\/gove-a7819-smart-door-lock\/","title":{"rendered":"Kh\u00f3a C\u1eeda Th\u00f4ng Minh Gove A7819 \u2013 Nh\u1eadn di\u1ec7n v\u00e2n tay, M\u1eadt kh\u1ea9u, Th\u1ebb, Ch\u00eca kh\u00f3a &amp; Nh\u1eadn di\u1ec7n khu\u00f4n m\u1eb7t 3D"},"content":{"rendered":"<p data-start=\"500\" data-end=\"596\">Kh\u00f3a Th\u00f4ng Minh Gove A7819 mang l\u1ea1i an ninh v\u00e0 ti\u1ec7n l\u1ee3i h\u00e0ng \u0111\u1ea7u v\u1edbi c\u00f4ng ngh\u1ec7 ti\u00ean ti\u1ebfn:<\/p>\n<ul data-start=\"598\" data-end=\"1248\">\n<li data-section-id=\"1knaivd\" data-start=\"598\" data-end=\"682\">\n<p data-start=\"600\" data-end=\"682\"><strong data-start=\"600\" data-end=\"621\">M\u1edf Kh\u00f3a 5 Trong 1:<\/strong> V\u00e2n tay, m\u1eadt kh\u1ea9u, th\u1ebb, ch\u00eca kh\u00f3a v\u00e0 nh\u1eadn d\u1ea1ng khu\u00f4n m\u1eb7t 3D.<\/p>\n<\/li>\n<li data-section-id=\"fc3zz2\" data-start=\"683\" data-end=\"758\">\n<p data-start=\"685\" data-end=\"758\"><strong data-start=\"685\" data-end=\"707\">Kh\u00f3a t\u1ef1 \u0111\u1ed9ng:<\/strong> \u0110\u1ea3m b\u1ea3o c\u1eeda c\u1ee7a b\u1ea1n lu\u00f4n \u0111\u01b0\u1ee3c kh\u00f3a an to\u00e0n m\u1ed7i l\u1ea7n.<\/p>\n<\/li>\n<li data-section-id=\"1k3br99\" data-start=\"759\" data-end=\"825\">\n<p data-start=\"761\" data-end=\"825\"><strong data-start=\"761\" data-end=\"793\">M\u00e0n H\u00ecnh LED &amp; H\u01b0\u1edbng D\u1eabn B\u1eb1ng Gi\u1ecdng N\u00f3i:<\/strong> V\u1eadn h\u00e0nh d\u1ec5 d\u00e0ng v\u00e0 tr\u1ef1c quan.<\/p>\n<\/li>\n<li data-section-id=\"1hjh277\" data-start=\"826\" data-end=\"909\">\n<p data-start=\"828\" data-end=\"909\"><strong data-start=\"828\" data-end=\"865\">C\u1ea3m Bi\u1ebfn V\u00e2n Tay B\u00e1n D\u1eabn Semiconductor:<\/strong> Nh\u1eadn d\u1ea1ng nhanh, ch\u00ednh x\u00e1c v\u00e0 \u0111\u00e1ng tin c\u1eady.<\/p>\n<\/li>\n<li data-section-id=\"myg4oq\" data-start=\"910\" data-end=\"997\">\n<p data-start=\"912\" data-end=\"997\"><strong data-start=\"912\" data-end=\"958\">Nh\u1eadp M\u1eadt Kh\u1ea9u Ch\u1ea1m V\u1edbi Ch\u1ee9c N\u0103ng Ch\u1ed1ng Nh\u00ecn Tr\u1ed9m:<\/strong> B\u1ea3o v\u1ec7 m\u00e3 c\u1ee7a b\u1ea1n kh\u1ecfi m\u1eaft soi m\u00f3i.<\/p>\n<\/li>\n<li data-section-id=\"14aueii\" data-start=\"998\" data-end=\"1065\">\n<p data-start=\"1000\" data-end=\"1065\"><strong data-start=\"1000\" data-end=\"1029\">Ch\u1ee9c N\u0103ng Truy C\u1eadp B\u1eb1ng Th\u1ebb M\u1ed9t Ch\u1ea5n:<\/strong> \u0110\u01a1n gi\u1ea3n h\u00f3a qu\u1ea3n l\u00fd nhi\u1ec1u ng\u01b0\u1eddi d\u00f9ng.<\/p>\n<\/li>\n<li data-section-id=\"znar69\" data-start=\"1066\" data-end=\"1145\">\n<p data-start=\"1068\" data-end=\"1145\"><strong data-start=\"1068\" data-end=\"1104\">Giao Di\u1ec7n S\u1ea1c D\u1ef1 Ph\u00f2ng Ngo\u00e0i:<\/strong> Ng\u0103n ch\u1eb7n b\u1ecb kh\u00f3a c\u1eeda do m\u1ea5t \u0111i\u1ec7n.<\/p>\n<\/li>\n<li data-section-id=\"1nk8c94\" data-start=\"1146\" data-end=\"1248\">\n<p data-start=\"1148\" data-end=\"1248\"><strong data-start=\"1148\" data-end=\"1170\">C\u00e1c T\u00ednh N\u0103ng An Ninh:<\/strong> Ch\u1ebf \u0111\u1ed9 ng\u1ee7 sau nhi\u1ec1u l\u1ea7n nh\u1eadp sai m\u1eadt kh\u1ea9u li\u00ean ti\u1ebfp v\u00e0 c\u1ea3nh b\u00e1o pin y\u1ebfu.<\/p>\n<\/li>\n<\/ul>\n<p data-start=\"1250\" data-end=\"1371\">Ho\u00e0n h\u1ea3o cho nh\u00e0 th\u00f4ng minh, c\u0103n h\u1ed9, v\u0103n ph\u00f2ng v\u00e0 kh\u00f4ng gian s\u1ed1ng hi\u1ec7n \u0111\u1ea1i. N\u00e2ng c\u1ea5p an ninh c\u1eeda c\u1ee7a b\u1ea1n v\u1edbi Gove A7819.<\/p>","protected":false},"excerpt":{"rendered":"<p data-start=\"256\" data-end=\"461\">Gove A7819 cung c\u1ea5p ch\u1ee9c n\u0103ng m\u1edf kh\u00f3a 5 trong 1 (v\u00e2n tay, m\u1eadt kh\u1ea9u, th\u1ebb, ch\u00eca kh\u00f3a, nh\u1eadn d\u1ea1ng khu\u00f4n m\u1eb7t 3D) v\u1edbi ch\u1ee9c n\u0103ng t\u1ef1 \u0111\u1ed9ng kh\u00f3a, m\u00e0n h\u00ecnh LED, h\u01b0\u1edbng d\u1eabn b\u1eb1ng gi\u1ecdng n\u00f3i v\u00e0 c\u00e1c t\u00ednh n\u0103ng b\u1ea3o m\u1eadt n\u00e2ng cao cho nh\u00e0 \u1edf v\u00e0 v\u0103n ph\u00f2ng hi\u1ec7n \u0111\u1ea1i.<\/p>","protected":false},"featured_media":1819,"template":"","meta":{"site-sidebar-layout":"default","site-content-layout":"","ast-site-content-layout":"default","site-content-style":"default","site-sidebar-style":"default","ast-global-header-display":"","ast-banner-title-visibility":"","ast-main-header-display":"","ast-hfb-above-header-display":"","ast-hfb-below-header-display":"","ast-hfb-mobile-header-display":"","site-post-title":"","ast-breadcrumbs-content":"","ast-featured-img":"","footer-sml-layout":"","ast-disable-related-posts":"","theme-transparent-header-meta":"default","adv-header-id-meta":"","stick-header-meta":"","header-above-stick-meta":"","header-main-stick-meta":"","header-below-stick-meta":"","astra-migrate-meta-layouts":"set","ast-page-background-enabled":"default","ast-page-background-meta":{"desktop":{"background-color":"","background-image":"","background-repeat":"repeat","background-position":"center center","background-size":"auto","background-attachment":"scroll","background-type":"","background-media":"","overlay-type":"","overlay-color":"","overlay-opacity":"","overlay-gradient":""},"tablet":{"background-color":"","background-image":"","background-repeat":"repeat","background-position":"center center","background-size":"auto","background-attachment":"scroll","background-type":"","background-media":"","overlay-type":"","overlay-color":"","overlay-opacity":"","overlay-gradient":""},"mobile":{"background-color":"","background-image":"","background-repeat":"repeat","background-position":"center center","background-size":"auto","background-attachment":"scroll","background-type":"","background-media":"","overlay-type":"","overlay-color":"","overlay-opacity":"","overlay-gradient":""}},"ast-content-background-meta":{"desktop":{"background-color":"var(--ast-global-color-5)","background-image":"","background-repeat":"repeat","background-position":"center center","background-size":"auto","background-attachment":"scroll","background-type":"","background-media":"","overlay-type":"","overlay-color":"","overlay-opacity":"","overlay-gradient":""},"tablet":{"background-color":"var(--ast-global-color-5)","background-image":"","background-repeat":"repeat","background-position":"center center","background-size":"auto","background-attachment":"scroll","background-type":"","background-media":"","overlay-type":"","overlay-color":"","overlay-opacity":"","overlay-gradient":""},"mobile":{"background-color":"var(--ast-global-color-5)","background-image":"","background-repeat":"repeat","background-position":"center center","background-size":"auto","background-attachment":"scroll","background-type":"","background-media":"","overlay-type":"","overlay-color":"","overlay-opacity":"","overlay-gradient":""}}},"product_brand":[],"product_cat":[26],"product_tag":[],"class_list":{"0":"post-1817","1":"product","2":"type-product","3":"status-publish","4":"has-post-thumbnail","6":"product_cat-smart-door-locks","7":"desktop-align-left","8":"tablet-align-left","9":"mobile-align-left","11":"first","12":"instock","13":"shipping-taxable","14":"product-type-simple"},"_links":{"self":[{"href":"https:\/\/govelocks.com\/vi\/wp-json\/wp\/v2\/product\/1817","targetHints":{"allow":["GET"]}}],"collection":[{"href":"https:\/\/govelocks.com\/vi\/wp-json\/wp\/v2\/product"}],"about":[{"href":"https:\/\/govelocks.com\/vi\/wp-json\/wp\/v2\/types\/product"}],"wp:featuredmedia":[{"embeddable":true,"href":"https:\/\/govelocks.com\/vi\/wp-json\/wp\/v2\/media\/1819"}],"wp:attachment":[{"href":"https:\/\/govelocks.com\/vi\/wp-json\/wp\/v2\/media?parent=1817"}],"wp:term":[{"taxonomy":"product_brand","embeddable":true,"href":"https:\/\/govelocks.com\/vi\/wp-json\/wp\/v2\/product_brand?post=1817"},{"taxonomy":"product_cat","embeddable":true,"href":"https:\/\/govelocks.com\/vi\/wp-json\/wp\/v2\/product_cat?post=1817"},{"taxonomy":"product_tag","embeddable":true,"href":"https:\/\/govelocks.com\/vi\/wp-json\/wp\/v2\/product_tag?post=1817"}],"curies":[{"name":"wp","href":"https:\/\/api.w.org\/{rel}","templated":true}]}}