{"id":1810,"date":"2026-03-18T10:25:53","date_gmt":"2026-03-18T10:25:53","guid":{"rendered":"https:\/\/govelocks.com\/?post_type=product&#038;p=1810"},"modified":"2026-03-18T10:12:33","modified_gmt":"2026-03-18T10:12:33","slug":"gove-a7818-smart-door-lock","status":"publish","type":"product","link":"https:\/\/govelocks.com\/vi\/gove-a7818-smart-door-lock\/","title":{"rendered":"Kh\u00f3a C\u1eeda Th\u00f4ng Minh Gove A7818 \u2013 Nh\u1eadn di\u1ec7n v\u00e2n tay, M\u1eadt kh\u1ea9u, Th\u1ebb &amp; Ch\u00eca kh\u00f3a \u0111\u1ec3 truy c\u1eadp"},"content":{"rendered":"<p data-start=\"433\" data-end=\"517\">Kh\u00f3a Th\u00f4ng Minh Gove A7818 k\u1ebft h\u1ee3p an ninh, ti\u1ec7n l\u1ee3i v\u00e0 c\u00f4ng ngh\u1ec7 ti\u00ean ti\u1ebfn:<\/p>\n<ul data-start=\"519\" data-end=\"1142\">\n<li data-section-id=\"1hu7056\" data-start=\"519\" data-end=\"600\">\n<p data-start=\"521\" data-end=\"600\"><strong data-start=\"521\" data-end=\"542\">M\u1edf Kh\u00f3a 4 Trong 1:<\/strong> Nh\u1eadn d\u1ea1ng v\u00e2n tay, m\u1eadt kh\u1ea9u, th\u1ebb v\u00e0 ch\u00eca kh\u00f3a c\u01a1 h\u1ecdc.<\/p>\n<\/li>\n<li data-section-id=\"1nu0tlo\" data-start=\"601\" data-end=\"664\">\n<p data-start=\"603\" data-end=\"664\"><strong data-start=\"603\" data-end=\"625\">Kh\u00f3a t\u1ef1 \u0111\u1ed9ng:<\/strong> \u0110\u1ea3m b\u1ea3o c\u1eeda c\u1ee7a b\u1ea1n lu\u00f4n \u0111\u01b0\u1ee3c b\u1ea3o v\u1ec7 an to\u00e0n.<\/p>\n<\/li>\n<li data-section-id=\"1tp7hr5\" data-start=\"665\" data-end=\"741\">\n<p data-start=\"667\" data-end=\"741\"><strong data-start=\"667\" data-end=\"699\">M\u00e0n H\u00ecnh LED &amp; H\u01b0\u1edbng D\u1eabn B\u1eb1ng Gi\u1ecdng N\u00f3i:<\/strong> D\u1ec5 v\u1eadn h\u00e0nh v\u1edbi h\u01b0\u1edbng d\u1eabn theo th\u1eddi gian th\u1ef1c.<\/p>\n<\/li>\n<li data-section-id=\"4ft335\" data-start=\"742\" data-end=\"812\">\n<p data-start=\"744\" data-end=\"812\"><strong data-start=\"744\" data-end=\"785\">Module V\u00e2n Tay C\u1ea3m \u1ee8ng \u1ea8n:<\/strong> Thi\u1ebft k\u1ebf tinh t\u1ebf v\u00e0 an to\u00e0n.<\/p>\n<\/li>\n<li data-section-id=\"1dpyfi0\" data-start=\"813\" data-end=\"891\">\n<p data-start=\"815\" data-end=\"891\"><strong data-start=\"815\" data-end=\"852\">Nh\u1eadp M\u1eadt Kh\u1ea9u Ch\u1ea1m V\u1edbi Ch\u1ed1ng Nh\u00ecn Tr\u1ed9m:<\/strong> B\u1ea3o v\u1ec7 m\u00e3 c\u1ee7a b\u1ea1n kh\u1ecfi m\u1eaft soi m\u00f3i.<\/p>\n<\/li>\n<li data-section-id=\"14aueii\" data-start=\"892\" data-end=\"959\">\n<p data-start=\"894\" data-end=\"959\"><strong data-start=\"894\" data-end=\"923\">Ch\u1ee9c N\u0103ng Truy C\u1eadp B\u1eb1ng Th\u1ebb M\u1ed9t Ch\u1ea5n:<\/strong> \u0110\u01a1n gi\u1ea3n h\u00f3a qu\u1ea3n l\u00fd nhi\u1ec1u ng\u01b0\u1eddi d\u00f9ng.<\/p>\n<\/li>\n<li data-section-id=\"191ae9d\" data-start=\"960\" data-end=\"1039\">\n<p data-start=\"962\" data-end=\"1039\"><strong data-start=\"962\" data-end=\"998\">Giao Di\u1ec7n Ngu\u1ed3n Ngo\u00e0i D\u1ef1 Ph\u00f2ng:<\/strong> Ng\u0103n ch\u1eb7n b\u1ecb kh\u00f3a c\u1eeda do m\u1ea5t \u0111i\u1ec7n.<\/p>\n<\/li>\n<li data-section-id=\"1nk8c94\" data-start=\"1040\" data-end=\"1142\">\n<p data-start=\"1042\" data-end=\"1142\"><strong data-start=\"1042\" data-end=\"1064\">C\u00e1c T\u00ednh N\u0103ng An Ninh:<\/strong> Ch\u1ebf \u0111\u1ed9 ng\u1ee7 sau nhi\u1ec1u l\u1ea7n nh\u1eadp sai m\u1eadt kh\u1ea9u li\u00ean ti\u1ebfp v\u00e0 c\u1ea3nh b\u00e1o pin y\u1ebfu.<\/p>\n<\/li>\n<\/ul>\n<p data-start=\"1144\" data-end=\"1258\">Ph\u00f9 h\u1ee3p cho nh\u00e0 \u1edf, v\u0103n ph\u00f2ng, c\u0103n h\u1ed9 v\u00e0 m\u00f4i tr\u01b0\u1eddng s\u1ed1ng th\u00f4ng minh. N\u00e2ng c\u1ea5p an ninh c\u1eeda c\u1ee7a b\u1ea1n v\u1edbi Gove A7818.<\/p>","protected":false},"excerpt":{"rendered":"<p data-start=\"223\" data-end=\"394\">Gove A7818 cung c\u1ea5p 4 trong 1 ph\u01b0\u01a1ng th\u1ee9c m\u1edf kh\u00f3a (v\u00e2n tay, m\u1eadt kh\u1ea9u, th\u1ebb, ch\u00eca kh\u00f3a) v\u1edbi ch\u1ee9c n\u0103ng t\u1ef1 \u0111\u1ed9ng kh\u00f3a, m\u00e0n h\u00ecnh LED v\u00e0 h\u01b0\u1edbng d\u1eabn b\u1eb1ng gi\u1ecdng n\u00f3i. Ph\u00f9 h\u1ee3p cho nh\u00e0 \u1edf, v\u0103n ph\u00f2ng v\u00e0 c\u0103n h\u1ed9.<\/p>","protected":false},"featured_media":1816,"template":"","meta":{"site-sidebar-layout":"default","site-content-layout":"","ast-site-content-layout":"default","site-content-style":"default","site-sidebar-style":"default","ast-global-header-display":"","ast-banner-title-visibility":"","ast-main-header-display":"","ast-hfb-above-header-display":"","ast-hfb-below-header-display":"","ast-hfb-mobile-header-display":"","site-post-title":"","ast-breadcrumbs-content":"","ast-featured-img":"","footer-sml-layout":"","ast-disable-related-posts":"","theme-transparent-header-meta":"default","adv-header-id-meta":"","stick-header-meta":"","header-above-stick-meta":"","header-main-stick-meta":"","header-below-stick-meta":"","astra-migrate-meta-layouts":"set","ast-page-background-enabled":"default","ast-page-background-meta":{"desktop":{"background-color":"","background-image":"","background-repeat":"repeat","background-position":"center center","background-size":"auto","background-attachment":"scroll","background-type":"","background-media":"","overlay-type":"","overlay-color":"","overlay-opacity":"","overlay-gradient":""},"tablet":{"background-color":"","background-image":"","background-repeat":"repeat","background-position":"center center","background-size":"auto","background-attachment":"scroll","background-type":"","background-media":"","overlay-type":"","overlay-color":"","overlay-opacity":"","overlay-gradient":""},"mobile":{"background-color":"","background-image":"","background-repeat":"repeat","background-position":"center center","background-size":"auto","background-attachment":"scroll","background-type":"","background-media":"","overlay-type":"","overlay-color":"","overlay-opacity":"","overlay-gradient":""}},"ast-content-background-meta":{"desktop":{"background-color":"var(--ast-global-color-5)","background-image":"","background-repeat":"repeat","background-position":"center center","background-size":"auto","background-attachment":"scroll","background-type":"","background-media":"","overlay-type":"","overlay-color":"","overlay-opacity":"","overlay-gradient":""},"tablet":{"background-color":"var(--ast-global-color-5)","background-image":"","background-repeat":"repeat","background-position":"center center","background-size":"auto","background-attachment":"scroll","background-type":"","background-media":"","overlay-type":"","overlay-color":"","overlay-opacity":"","overlay-gradient":""},"mobile":{"background-color":"var(--ast-global-color-5)","background-image":"","background-repeat":"repeat","background-position":"center center","background-size":"auto","background-attachment":"scroll","background-type":"","background-media":"","overlay-type":"","overlay-color":"","overlay-opacity":"","overlay-gradient":""}}},"product_brand":[],"product_cat":[26],"product_tag":[],"class_list":{"0":"post-1810","1":"product","2":"type-product","3":"status-publish","4":"has-post-thumbnail","6":"product_cat-smart-door-locks","7":"desktop-align-left","8":"tablet-align-left","9":"mobile-align-left","11":"first","12":"instock","13":"shipping-taxable","14":"product-type-simple"},"_links":{"self":[{"href":"https:\/\/govelocks.com\/vi\/wp-json\/wp\/v2\/product\/1810","targetHints":{"allow":["GET"]}}],"collection":[{"href":"https:\/\/govelocks.com\/vi\/wp-json\/wp\/v2\/product"}],"about":[{"href":"https:\/\/govelocks.com\/vi\/wp-json\/wp\/v2\/types\/product"}],"wp:featuredmedia":[{"embeddable":true,"href":"https:\/\/govelocks.com\/vi\/wp-json\/wp\/v2\/media\/1816"}],"wp:attachment":[{"href":"https:\/\/govelocks.com\/vi\/wp-json\/wp\/v2\/media?parent=1810"}],"wp:term":[{"taxonomy":"product_brand","embeddable":true,"href":"https:\/\/govelocks.com\/vi\/wp-json\/wp\/v2\/product_brand?post=1810"},{"taxonomy":"product_cat","embeddable":true,"href":"https:\/\/govelocks.com\/vi\/wp-json\/wp\/v2\/product_cat?post=1810"},{"taxonomy":"product_tag","embeddable":true,"href":"https:\/\/govelocks.com\/vi\/wp-json\/wp\/v2\/product_tag?post=1810"}],"curies":[{"name":"wp","href":"https:\/\/api.w.org\/{rel}","templated":true}]}}