{"id":1725,"date":"2026-03-12T01:56:13","date_gmt":"2026-03-12T01:56:13","guid":{"rendered":"https:\/\/govelocks.com\/services\/"},"modified":"2026-03-16T02:24:18","modified_gmt":"2026-03-16T02:24:18","slug":"solutions","status":"publish","type":"page","link":"https:\/\/govelocks.com\/vi\/solutions\/","title":{"rendered":"Gi\u1ea3i ph\u00e1p"},"content":{"rendered":"<div data-elementor-type=\"wp-page\" data-elementor-id=\"1725\" class=\"elementor elementor-1725\" data-elementor-post-type=\"page\">\n\t\t\t\t<div class=\"elementor-element elementor-element-0ac9d44 e-flex e-con-boxed e-con e-parent\" data-id=\"0ac9d44\" data-element_type=\"container\" data-e-type=\"container\" data-settings=\"{&quot;background_background&quot;:&quot;classic&quot;}\">\n\t\t\t\t\t<div class=\"e-con-inner\">\n\t\t<div class=\"elementor-element elementor-element-de3bad6 e-con-full e-flex e-con e-child\" data-id=\"de3bad6\" data-element_type=\"container\" data-e-type=\"container\">\n\t\t\t\t<div class=\"elementor-element elementor-element-ad72e4f elementor-widget elementor-widget-heading\" data-id=\"ad72e4f\" data-element_type=\"widget\" data-e-type=\"widget\" data-widget_type=\"heading.default\">\n\t\t\t\t<div class=\"elementor-widget-container\">\n\t\t\t\t\t<h1 class=\"elementor-heading-title elementor-size-default\">Gi\u1ea3i ph\u00e1p<\/h1>\t\t\t\t<\/div>\n\t\t\t\t<\/div>\n\t\t\t\t<\/div>\n\t\t\t\t\t<\/div>\n\t\t\t\t<\/div>\n\t\t<div class=\"elementor-element elementor-element-84e5eb4 e-flex e-con-boxed e-con e-parent\" data-id=\"84e5eb4\" data-element_type=\"container\" data-e-type=\"container\" data-settings=\"{&quot;background_background&quot;:&quot;classic&quot;}\">\n\t\t\t\t\t<div class=\"e-con-inner\">\n\t\t<div class=\"elementor-element elementor-element-ebb2f07 e-con-full e-flex e-con e-child\" data-id=\"ebb2f07\" data-element_type=\"container\" data-e-type=\"container\">\n\t\t\t\t<div class=\"elementor-element elementor-element-ef26ff0 elementor-widget elementor-widget-heading\" data-id=\"ef26ff0\" data-element_type=\"widget\" data-e-type=\"widget\" data-widget_type=\"heading.default\">\n\t\t\t\t<div class=\"elementor-widget-container\">\n\t\t\t\t\t<h6 class=\"elementor-heading-title elementor-size-default\">Gi\u1ea3i ph\u00e1p c\u1ee7a ch\u00fang t\u00f4i<\/h6>\t\t\t\t<\/div>\n\t\t\t\t<\/div>\n\t\t\t\t<div class=\"elementor-element elementor-element-4dd7fe9 elementor-widget elementor-widget-heading\" data-id=\"4dd7fe9\" data-element_type=\"widget\" data-e-type=\"widget\" data-widget_type=\"heading.default\">\n\t\t\t\t<div class=\"elementor-widget-container\">\n\t\t\t\t\t<h2 class=\"elementor-heading-title elementor-size-default\">Tin v\u00e0o Kinh nghi\u1ec7m<\/h2>\t\t\t\t<\/div>\n\t\t\t\t<\/div>\n\t\t<div class=\"elementor-element elementor-element-9b2f3c1 e-flex e-con-boxed e-con e-child\" data-id=\"9b2f3c1\" data-element_type=\"container\" data-e-type=\"container\">\n\t\t\t\t\t<div class=\"e-con-inner\">\n\t\t\t\t<div class=\"elementor-element elementor-element-1d70f17 elementor-widget__width-initial elementor-widget-tablet__width-initial elementor-widget-mobile__width-inherit elementor-position-top elementor-widget elementor-widget-image-box\" data-id=\"1d70f17\" data-element_type=\"widget\" data-e-type=\"widget\" data-widget_type=\"image-box.default\">\n\t\t\t\t<div class=\"elementor-widget-container\">\n\t\t\t\t\t<div class=\"elementor-image-box-wrapper\"><figure class=\"elementor-image-box-img\"><img fetchpriority=\"high\" decoding=\"async\" width=\"2560\" height=\"1429\" src=\"https:\/\/govelocks.com\/wp-content\/uploads\/2026\/03\/Smart-Home-Security-scaled.webp\" class=\"attachment-full size-full wp-image-1949\" alt=\"An ninh Nh\u00e0 Th\u00f4ng Minh\" srcset=\"https:\/\/govelocks.com\/wp-content\/uploads\/2026\/03\/Smart-Home-Security-scaled.webp 2560w, https:\/\/govelocks.com\/wp-content\/uploads\/2026\/03\/Smart-Home-Security-scaled-600x335.webp 600w, https:\/\/govelocks.com\/wp-content\/uploads\/2026\/03\/Smart-Home-Security-300x167.webp 300w, https:\/\/govelocks.com\/wp-content\/uploads\/2026\/03\/Smart-Home-Security-1024x572.webp 1024w, https:\/\/govelocks.com\/wp-content\/uploads\/2026\/03\/Smart-Home-Security-768x429.webp 768w, https:\/\/govelocks.com\/wp-content\/uploads\/2026\/03\/Smart-Home-Security-1536x857.webp 1536w, https:\/\/govelocks.com\/wp-content\/uploads\/2026\/03\/Smart-Home-Security-2048x1143.webp 2048w\" sizes=\"(max-width: 2560px) 100vw, 2560px\" \/><\/figure><div class=\"elementor-image-box-content\"><h4 class=\"elementor-image-box-title\">An ninh Nh\u00e0 Th\u00f4ng Minh<\/h4><p class=\"elementor-image-box-description\">N\u00e2ng cao an to\u00e0n cho ng\u00f4i nh\u00e0 c\u1ee7a b\u1ea1n v\u1edbi kh\u00f3a th\u00f4ng minh Gove, k\u1ebft h\u1ee3p c\u00f4ng ngh\u1ec7 nh\u1eadn di\u1ec7n v\u00e2n tay, m\u1eadt kh\u1ea9u, th\u1ebb, ch\u00eca kh\u00f3a v\u00e0 nh\u1eadn di\u1ec7n khu\u00f4n m\u1eb7t \u0111\u1ec3 b\u1ea3o v\u1ec7 \u0111\u00e1ng tin c\u1eady.<\/p><\/div><\/div>\t\t\t\t<\/div>\n\t\t\t\t<\/div>\n\t\t\t\t<div class=\"elementor-element elementor-element-bfe6c5d elementor-widget__width-initial elementor-widget-tablet__width-initial elementor-widget-mobile__width-inherit elementor-position-top elementor-widget elementor-widget-image-box\" data-id=\"bfe6c5d\" data-element_type=\"widget\" data-e-type=\"widget\" data-widget_type=\"image-box.default\">\n\t\t\t\t<div class=\"elementor-widget-container\">\n\t\t\t\t\t<div class=\"elementor-image-box-wrapper\"><figure class=\"elementor-image-box-img\"><img decoding=\"async\" width=\"2560\" height=\"1429\" src=\"https:\/\/govelocks.com\/wp-content\/uploads\/2026\/03\/Commercial-Access-Control-scaled.webp\" class=\"attachment-full size-full wp-image-1953\" alt=\"Ki\u1ec3m so\u00e1t truy c\u1eadp th\u01b0\u01a1ng m\u1ea1i\" srcset=\"https:\/\/govelocks.com\/wp-content\/uploads\/2026\/03\/Commercial-Access-Control-scaled.webp 2560w, https:\/\/govelocks.com\/wp-content\/uploads\/2026\/03\/Commercial-Access-Control-scaled-600x335.webp 600w, https:\/\/govelocks.com\/wp-content\/uploads\/2026\/03\/Commercial-Access-Control-300x167.webp 300w, https:\/\/govelocks.com\/wp-content\/uploads\/2026\/03\/Commercial-Access-Control-1024x572.webp 1024w, https:\/\/govelocks.com\/wp-content\/uploads\/2026\/03\/Commercial-Access-Control-768x429.webp 768w, https:\/\/govelocks.com\/wp-content\/uploads\/2026\/03\/Commercial-Access-Control-1536x857.webp 1536w, https:\/\/govelocks.com\/wp-content\/uploads\/2026\/03\/Commercial-Access-Control-2048x1143.webp 2048w\" sizes=\"(max-width: 2560px) 100vw, 2560px\" \/><\/figure><div class=\"elementor-image-box-content\"><h4 class=\"elementor-image-box-title\">Ki\u1ec3m so\u00e1t truy c\u1eadp th\u01b0\u01a1ng m\u1ea1i<\/h4><p class=\"elementor-image-box-description\">B\u1ea3o v\u1ec7 v\u0103n ph\u00f2ng, kh\u00e1ch s\u1ea1n v\u00e0 c\u0103n h\u1ed9 v\u1edbi c\u00e1c kh\u00f3a ti\u00ean ti\u1ebfn v\u00e0 gi\u1ea3i ph\u00e1p qu\u1ea3n l\u00fd truy c\u1eadp linh ho\u1ea1t, bao g\u1ed3m m\u00e3 t\u1ea1m th\u1eddi v\u00e0 m\u1edf kh\u00f3a t\u1eeb xa.<\/p><\/div><\/div>\t\t\t\t<\/div>\n\t\t\t\t<\/div>\n\t\t\t\t<div class=\"elementor-element elementor-element-44180fc elementor-widget__width-initial elementor-widget-tablet__width-initial elementor-widget-mobile__width-inherit elementor-position-top elementor-widget elementor-widget-image-box\" data-id=\"44180fc\" data-element_type=\"widget\" data-e-type=\"widget\" data-widget_type=\"image-box.default\">\n\t\t\t\t<div class=\"elementor-widget-container\">\n\t\t\t\t\t<div class=\"elementor-image-box-wrapper\"><figure class=\"elementor-image-box-img\"><img decoding=\"async\" width=\"1376\" height=\"768\" src=\"https:\/\/govelocks.com\/wp-content\/uploads\/2026\/03\/Customized_Lock_Solutions_Marketing.webp\" class=\"attachment-full size-full wp-image-1955\" alt=\"Gi\u1ea3i Ph\u00e1p Kh\u00f3a T\u00f9y Ch\u1ec9nh \u2013 Ti\u1ebfp Th\u1ecb\" srcset=\"https:\/\/govelocks.com\/wp-content\/uploads\/2026\/03\/Customized_Lock_Solutions_Marketing.webp 1376w, https:\/\/govelocks.com\/wp-content\/uploads\/2026\/03\/Customized_Lock_Solutions_Marketing-600x335.webp 600w, https:\/\/govelocks.com\/wp-content\/uploads\/2026\/03\/Customized_Lock_Solutions_Marketing-300x167.webp 300w, https:\/\/govelocks.com\/wp-content\/uploads\/2026\/03\/Customized_Lock_Solutions_Marketing-1024x572.webp 1024w, https:\/\/govelocks.com\/wp-content\/uploads\/2026\/03\/Customized_Lock_Solutions_Marketing-768x429.webp 768w\" sizes=\"(max-width: 1376px) 100vw, 1376px\" \/><\/figure><div class=\"elementor-image-box-content\"><h4 class=\"elementor-image-box-title\">Gi\u1ea3i ph\u00e1p kh\u00f3a t\u00f9y ch\u1ec9nh<\/h4><p class=\"elementor-image-box-description\">T\u00f9y ch\u1ecdn OEM\/ODM ph\u00f9 h\u1ee3p \u0111\u1ec3 \u0111\u00e1p \u1ee9ng y\u00eau c\u1ea7u d\u1ef1 \u00e1n c\u1ee7a b\u1ea1n, t\u1eeb thi\u1ebft k\u1ebf \u0111\u1ebfn th\u01b0\u01a1ng hi\u1ec7u, h\u1ed7 tr\u1ee3 \u0111\u01a1n h\u00e0ng nh\u1ecf v\u00e0 l\u1edbn m\u1ed9t c\u00e1ch hi\u1ec7u qu\u1ea3.<\/p><\/div><\/div>\t\t\t\t<\/div>\n\t\t\t\t<\/div>\n\t\t\t\t<div class=\"elementor-element elementor-element-765c411 elementor-widget__width-initial elementor-widget-tablet__width-initial elementor-widget-mobile__width-inherit elementor-position-top elementor-widget elementor-widget-image-box\" data-id=\"765c411\" data-element_type=\"widget\" data-e-type=\"widget\" data-widget_type=\"image-box.default\">\n\t\t\t\t<div class=\"elementor-widget-container\">\n\t\t\t\t\t<div class=\"elementor-image-box-wrapper\"><figure class=\"elementor-image-box-img\"><img loading=\"lazy\" decoding=\"async\" width=\"1376\" height=\"768\" src=\"https:\/\/govelocks.com\/wp-content\/uploads\/2026\/03\/Lock_Out_Kits_Manufacturer_16_9.webp\" class=\"attachment-full size-full wp-image-1990\" alt=\"B\u1ed9 d\u1ee5ng c\u1ee5 Kh\u00f3a Ch\u1ed1ng Tr\u1ed9m Nh\u00e0 s\u1ea3n xu\u1ea5t 16-9\" srcset=\"https:\/\/govelocks.com\/wp-content\/uploads\/2026\/03\/Lock_Out_Kits_Manufacturer_16_9.webp 1376w, https:\/\/govelocks.com\/wp-content\/uploads\/2026\/03\/Lock_Out_Kits_Manufacturer_16_9-300x167.webp 300w, https:\/\/govelocks.com\/wp-content\/uploads\/2026\/03\/Lock_Out_Kits_Manufacturer_16_9-1024x572.webp 1024w, https:\/\/govelocks.com\/wp-content\/uploads\/2026\/03\/Lock_Out_Kits_Manufacturer_16_9-768x429.webp 768w, https:\/\/govelocks.com\/wp-content\/uploads\/2026\/03\/Lock_Out_Kits_Manufacturer_16_9-600x335.webp 600w\" sizes=\"(max-width: 1376px) 100vw, 1376px\" \/><\/figure><div class=\"elementor-image-box-content\"><h4 class=\"elementor-image-box-title\">Ph\u1ee5 ki\u1ec7n c\u1eeda nh\u00e0 \u1edf<\/h4><p class=\"elementor-image-box-description\">N\u00e2ng c\u1ea5p n\u1ed9i th\u1ea5t c\u1ee7a b\u1ea1n v\u1edbi tay n\u1eafm c\u1eeda, b\u1ea3n l\u1ec1 v\u00e0 kh\u00f3a c\u01a1 cao c\u1ea5p c\u1ee7a Gove, k\u1ebft h\u1ee3p \u0111\u1ed9 b\u1ec1n v\u00e0 th\u1ea9m m\u1ef9 hi\u1ec7n \u0111\u1ea1i cho m\u1ecdi ng\u00f4i nh\u00e0.<\/p><\/div><\/div>\t\t\t\t<\/div>\n\t\t\t\t<\/div>\n\t\t\t\t<div class=\"elementor-element elementor-element-9cd1795 elementor-widget__width-initial elementor-widget-tablet__width-initial elementor-widget-mobile__width-inherit elementor-position-top elementor-widget elementor-widget-image-box\" data-id=\"9cd1795\" data-element_type=\"widget\" data-e-type=\"widget\" data-widget_type=\"image-box.default\">\n\t\t\t\t<div class=\"elementor-widget-container\">\n\t\t\t\t\t<div class=\"elementor-image-box-wrapper\"><figure class=\"elementor-image-box-img\"><img loading=\"lazy\" decoding=\"async\" width=\"2560\" height=\"1440\" src=\"https:\/\/govelocks.com\/wp-content\/uploads\/2026\/03\/Lock_Out_Station_Manufacturer_1.webp\" class=\"attachment-full size-full wp-image-1995\" alt=\"Nh\u00e0 S\u1ea3n Xu\u1ea5t Tr\u1ea1m Kh\u00f3a_Trong_1\" srcset=\"https:\/\/govelocks.com\/wp-content\/uploads\/2026\/03\/Lock_Out_Station_Manufacturer_1.webp 2560w, https:\/\/govelocks.com\/wp-content\/uploads\/2026\/03\/Lock_Out_Station_Manufacturer_1-300x169.webp 300w, https:\/\/govelocks.com\/wp-content\/uploads\/2026\/03\/Lock_Out_Station_Manufacturer_1-1024x576.webp 1024w, https:\/\/govelocks.com\/wp-content\/uploads\/2026\/03\/Lock_Out_Station_Manufacturer_1-768x432.webp 768w, https:\/\/govelocks.com\/wp-content\/uploads\/2026\/03\/Lock_Out_Station_Manufacturer_1-1536x864.webp 1536w, https:\/\/govelocks.com\/wp-content\/uploads\/2026\/03\/Lock_Out_Station_Manufacturer_1-2048x1152.webp 2048w, https:\/\/govelocks.com\/wp-content\/uploads\/2026\/03\/Lock_Out_Station_Manufacturer_1-600x338.webp 600w\" sizes=\"(max-width: 2560px) 100vw, 2560px\" \/><\/figure><div class=\"elementor-image-box-content\"><h4 class=\"elementor-image-box-title\">Ph\u1ee5 ki\u1ec7n ph\u00f2ng t\u1eafm &amp; nh\u00e0 b\u1ebfp<\/h4><p class=\"elementor-image-box-description\">N\u00e2ng cao kh\u00f4ng gian s\u1ed1ng c\u1ee7a b\u1ea1n v\u1edbi v\u00f2i sen, gi\u00e1 \u0111\u1ec3 kh\u0103n t\u1eafm, tay n\u1eafm t\u1ee7 v\u00e0 ph\u1ee5 ki\u1ec7n l\u01b0u tr\u1eef ch\u1ea5t l\u01b0\u1ee3ng cao, \u0111\u01b0\u1ee3c thi\u1ebft k\u1ebf cho t\u00ednh n\u0103ng v\u00e0 phong c\u00e1ch.<\/p><\/div><\/div>\t\t\t\t<\/div>\n\t\t\t\t<\/div>\n\t\t\t\t<div class=\"elementor-element elementor-element-3a2ab3a elementor-widget__width-initial elementor-widget-tablet__width-initial elementor-widget-mobile__width-inherit elementor-position-top elementor-widget elementor-widget-image-box\" data-id=\"3a2ab3a\" data-element_type=\"widget\" data-e-type=\"widget\" data-widget_type=\"image-box.default\">\n\t\t\t\t<div class=\"elementor-widget-container\">\n\t\t\t\t\t<div class=\"elementor-image-box-wrapper\"><figure class=\"elementor-image-box-img\"><img loading=\"lazy\" decoding=\"async\" width=\"1376\" height=\"768\" src=\"https:\/\/govelocks.com\/wp-content\/uploads\/2026\/03\/hotel-door-lock-manufacturers.webp\" class=\"attachment-full size-full wp-image-2002\" alt=\"nh\u00e0 s\u1ea3n xu\u1ea5t kh\u00f3a c\u1eeda kh\u00e1ch s\u1ea1n\" srcset=\"https:\/\/govelocks.com\/wp-content\/uploads\/2026\/03\/hotel-door-lock-manufacturers.webp 1376w, https:\/\/govelocks.com\/wp-content\/uploads\/2026\/03\/hotel-door-lock-manufacturers-300x167.webp 300w, https:\/\/govelocks.com\/wp-content\/uploads\/2026\/03\/hotel-door-lock-manufacturers-1024x572.webp 1024w, https:\/\/govelocks.com\/wp-content\/uploads\/2026\/03\/hotel-door-lock-manufacturers-768x429.webp 768w, https:\/\/govelocks.com\/wp-content\/uploads\/2026\/03\/hotel-door-lock-manufacturers-600x335.webp 600w\" sizes=\"(max-width: 1376px) 100vw, 1376px\" \/><\/figure><div class=\"elementor-image-box-content\"><h4 class=\"elementor-image-box-title\">Gi\u1ea3i ph\u00e1p an ninh &amp; truy c\u1eadp ti\u00ean ti\u1ebfn<\/h4><p class=\"elementor-image-box-description\">Tri\u1ec3n khai h\u1ec7 th\u1ed1ng kh\u00f3a th\u00f4ng minh ho\u00e0n ch\u1ec9nh v\u1edbi qu\u1ea3n l\u00fd nhi\u1ec1u ng\u01b0\u1eddi d\u00f9ng, gi\u00e1m s\u00e1t th\u1eddi gian th\u1ef1c v\u00e0 truy c\u1eadp t\u1eeb xa \u0111\u1ec3 \u0111\u1ea3m b\u1ea3o an to\u00e0n cho nh\u00e0 \u1edf v\u00e0 d\u1ef1 \u00e1n th\u01b0\u01a1ng m\u1ea1i.<\/p><\/div><\/div>\t\t\t\t<\/div>\n\t\t\t\t<\/div>\n\t\t\t\t\t<\/div>\n\t\t\t\t<\/div>\n\t\t\t\t<\/div>\n\t\t\t\t\t<\/div>\n\t\t\t\t<\/div>\n\t\t<div class=\"elementor-element elementor-element-9e6bca0 e-flex e-con-boxed e-con e-parent\" data-id=\"9e6bca0\" data-element_type=\"container\" data-e-type=\"container\" data-settings=\"{&quot;shape_divider_top&quot;:&quot;opacity-tilt&quot;,&quot;background_background&quot;:&quot;classic&quot;}\">\n\t\t\t\t\t<div class=\"e-con-inner\">\n\t\t\t\t<div class=\"elementor-shape elementor-shape-top\" aria-hidden=\"true\" data-negative=\"false\">\n\t\t\t<svg xmlns=\"http:\/\/www.w3.org\/2000\/svg\" viewbox=\"0 0 2600 131.1\" preserveaspectratio=\"none\">\n\t<path class=\"elementor-shape-fill\" d=\"M0 0L2600 0 2600 69.1 0 0z\"\/>\n\t<path class=\"elementor-shape-fill\" style=\"opacity:0.5\" d=\"M0 0L2600 0 2600 69.1 0 69.1z\"\/>\n\t<path class=\"elementor-shape-fill\" style=\"opacity:0.25\" d=\"M2600 0L0 0 0 130.1 2600 69.1z\"\/>\n<\/svg>\t\t<\/div>\n\t\t<div class=\"elementor-element elementor-element-9d7cb13 e-con-full e-flex e-con e-child\" data-id=\"9d7cb13\" data-element_type=\"container\" data-e-type=\"container\" data-settings=\"{&quot;background_background&quot;:&quot;gradient&quot;}\">\n\t\t\t\t<div class=\"elementor-element elementor-element-878d870 elementor-widget elementor-widget-heading\" data-id=\"878d870\" data-element_type=\"widget\" data-e-type=\"widget\" data-widget_type=\"heading.default\">\n\t\t\t\t<div class=\"elementor-widget-container\">\n\t\t\t\t\t<h6 class=\"elementor-heading-title elementor-size-default\">Gi\u1ea3i ph\u00e1p kh\u00f3a t\u00f9y ch\u1ec9nh<\/h6>\t\t\t\t<\/div>\n\t\t\t\t<\/div>\n\t\t\t\t<div class=\"elementor-element elementor-element-16bd686 elementor-widget elementor-widget-hfe-infocard\" data-id=\"16bd686\" data-element_type=\"widget\" data-e-type=\"widget\" data-widget_type=\"hfe-infocard.default\">\n\t\t\t\t<div class=\"elementor-widget-container\">\n\t\t\t\t\t\n\t\t<div class=\"hfe-infocard\">\n\t\t\t\t\t\t\t\t\t<div class=\"hfe-infocard-title-wrap\">\n\t\t\t\t<h2 class=\"hfe-infocard-title elementor-inline-editing\" data-elementor-setting-key=\"infocard_title\" data-elementor-inline-editing-toolbar=\"basic\" >T\u00f9y ch\u1ecdn OEM &amp; ODM linh ho\u1ea1t<\/h2>\t\t\t<\/div>\n\t\t\t\t\t\t<div class=\"hfe-infocard-text-wrap\">\n\t\t\t\t<div class=\"hfe-infocard-text elementor-inline-editing\" data-elementor-setting-key=\"infocard_description\" data-elementor-inline-editing-toolbar=\"advanced\">\n\t\t\t\t\tCh\u00fang t\u00f4i cung c\u1ea5p d\u1ecbch v\u1ee5 thi\u1ebft k\u1ebf, th\u01b0\u01a1ng hi\u1ec7u v\u00e0 s\u1ea3n xu\u1ea5t linh ho\u1ea1t \u0111\u1ec3 \u0111\u00e1p \u1ee9ng y\u00eau c\u1ea7u d\u1ef1 \u00e1n c\u1ee7a b\u1ea1n, h\u1ed7 tr\u1ee3 c\u1ea3 \u0111\u01a1n h\u00e0ng nh\u1ecf v\u00e0 l\u1edbn.\t\t\t\t<\/div>\n\t\t\t\t\t\t\t<\/div>\n\t\t<\/div>\n\n\t\t\t\t\t\t<\/div>\n\t\t\t\t<\/div>\n\t\t\t\t<div class=\"elementor-element elementor-element-6e18ffb elementor-align-center elementor-widget elementor-widget-button\" data-id=\"6e18ffb\" data-element_type=\"widget\" data-e-type=\"widget\" data-widget_type=\"button.default\">\n\t\t\t\t<div class=\"elementor-widget-container\">\n\t\t\t\t\t\t\t\t\t<div class=\"elementor-button-wrapper\">\n\t\t\t\t\t<a class=\"elementor-button elementor-button-link elementor-size-sm\" href=\"#elementor-action%3Aaction%3Dpopup%3Aopen%26settings%3DeyJpZCI6IjIxMzMiLCJ0b2dnbGUiOmZhbHNlfQ%3D%3D\">\n\t\t\t\t\t\t<span class=\"elementor-button-content-wrapper\">\n\t\t\t\t\t\t\t\t\t<span class=\"elementor-button-text\">Y\u00eau C\u1ea7u B\u00e1o Gi\u00e1<\/span>\n\t\t\t\t\t<\/span>\n\t\t\t\t\t<\/a>\n\t\t\t\t<\/div>\n\t\t\t\t\t\t\t\t<\/div>\n\t\t\t\t<\/div>\n\t\t\t\t<\/div>\n\t\t\t\t\t<\/div>\n\t\t\t\t<\/div>\n\t\t\t\t<\/div>","protected":false},"excerpt":{"rendered":"<p>Solutions Our Solutions Trust the Experience Smart Home Security Enhance your home with Gove smart locks, combining fingerprint, password, card, [&hellip;]<\/p>\n","protected":false},"author":1,"featured_media":0,"parent":0,"menu_order":0,"comment_status":"closed","ping_status":"closed","template":"","meta":{"site-sidebar-layout":"no-sidebar","site-content-layout":"page-builder","ast-site-content-layout":"default","site-content-style":"default","site-sidebar-style":"default","ast-global-header-display":"","ast-banner-title-visibility":"","ast-main-header-display":"","ast-hfb-above-header-display":"","ast-hfb-below-header-display":"","ast-hfb-mobile-header-display":"","site-post-title":"disabled","ast-breadcrumbs-content":"disabled","ast-featured-img":"disabled","footer-sml-layout":"","ast-disable-related-posts":"","theme-transparent-header-meta":"enabled","adv-header-id-meta":"","stick-header-meta":"","header-above-stick-meta":"","header-main-stick-meta":"","header-below-stick-meta":"","astra-migrate-meta-layouts":"default","ast-page-background-enabled":"default","ast-page-background-meta":{"desktop":{"background-color":"","background-image":"","background-repeat":"repeat","background-position":"center center","background-size":"auto","background-attachment":"scroll","background-type":"","background-media":"","overlay-type":"","overlay-color":"","overlay-opacity":"","overlay-gradient":""},"tablet":{"background-color":"","background-image":"","background-repeat":"repeat","background-position":"center center","background-size":"auto","background-attachment":"scroll","background-type":"","background-media":"","overlay-type":"","overlay-color":"","overlay-opacity":"","overlay-gradient":""},"mobile":{"background-color":"","background-image":"","background-repeat":"repeat","background-position":"center center","background-size":"auto","background-attachment":"scroll","background-type":"","background-media":"","overlay-type":"","overlay-color":"","overlay-opacity":"","overlay-gradient":""}},"ast-content-background-meta":{"desktop":{"background-color":"var(--ast-global-color-5)","background-image":"","background-repeat":"repeat","background-position":"center center","background-size":"auto","background-attachment":"scroll","background-type":"","background-media":"","overlay-type":"","overlay-color":"","overlay-opacity":"","overlay-gradient":""},"tablet":{"background-color":"var(--ast-global-color-5)","background-image":"","background-repeat":"repeat","background-position":"center center","background-size":"auto","background-attachment":"scroll","background-type":"","background-media":"","overlay-type":"","overlay-color":"","overlay-opacity":"","overlay-gradient":""},"mobile":{"background-color":"var(--ast-global-color-5)","background-image":"","background-repeat":"repeat","background-position":"center center","background-size":"auto","background-attachment":"scroll","background-type":"","background-media":"","overlay-type":"","overlay-color":"","overlay-opacity":"","overlay-gradient":""}},"footnotes":""},"class_list":["post-1725","page","type-page","status-publish","hentry"],"_links":{"self":[{"href":"https:\/\/govelocks.com\/vi\/wp-json\/wp\/v2\/pages\/1725","targetHints":{"allow":["GET"]}}],"collection":[{"href":"https:\/\/govelocks.com\/vi\/wp-json\/wp\/v2\/pages"}],"about":[{"href":"https:\/\/govelocks.com\/vi\/wp-json\/wp\/v2\/types\/page"}],"author":[{"embeddable":true,"href":"https:\/\/govelocks.com\/vi\/wp-json\/wp\/v2\/users\/1"}],"replies":[{"embeddable":true,"href":"https:\/\/govelocks.com\/vi\/wp-json\/wp\/v2\/comments?post=1725"}],"version-history":[{"count":32,"href":"https:\/\/govelocks.com\/vi\/wp-json\/wp\/v2\/pages\/1725\/revisions"}],"predecessor-version":[{"id":2162,"href":"https:\/\/govelocks.com\/vi\/wp-json\/wp\/v2\/pages\/1725\/revisions\/2162"}],"wp:attachment":[{"href":"https:\/\/govelocks.com\/vi\/wp-json\/wp\/v2\/media?parent=1725"}],"curies":[{"name":"wp","href":"https:\/\/api.w.org\/{rel}","templated":true}]}}